{"id":25143,"date":"2025-08-01T18:34:43","date_gmt":"2025-08-01T16:34:43","guid":{"rendered":"https:\/\/uj.adatbank.ro\/lexikon\/termek\/zimmermann-josef-b\/"},"modified":"2025-08-01T18:34:43","modified_gmt":"2025-08-01T16:34:43","slug":"zimmermann-josef-b","status":"publish","type":"product","link":"https:\/\/uj.adatbank.ro\/lexikon\/termek\/zimmermann-josef-b\/","title":{"rendered":"ZIMMERMANN, Josef B."},"content":{"rendered":"<p>?, \u2020\u00a0?: Gy\u00e1riparos. B\u0151r- \u00e9s talpgy\u00e1ra volt Segesv\u00e1ron (1887\u2013). <br \/><strong>\u2013 Irod.:<\/strong> Pan\u0103.<\/br><\/p>\n","protected":false},"excerpt":{"rendered":"<p>?, \u2020\u00a0?: Gy\u00e1riparos. B\u0151r- \u00e9s talpgy\u00e1ra volt Segesv\u00e1ron (1887\u2013). \u2013 Irod.: Pan\u0103.<\/p>\n","protected":false},"featured_media":0,"comment_status":"open","ping_status":"closed","template":"","meta":[],"product_brand":[],"product_cat":[137],"product_tag":[],"class_list":{"0":"post-25143","1":"product","2":"type-product","3":"status-publish","5":"product_cat-maros-megyei-eletrajzi-lexikon","7":"first","8":"instock","9":"shipping-taxable","10":"product-type-simple"},"_links":{"self":[{"href":"https:\/\/uj.adatbank.ro\/lexikon\/wp-json\/wp\/v2\/product\/25143","targetHints":{"allow":["GET"]}}],"collection":[{"href":"https:\/\/uj.adatbank.ro\/lexikon\/wp-json\/wp\/v2\/product"}],"about":[{"href":"https:\/\/uj.adatbank.ro\/lexikon\/wp-json\/wp\/v2\/types\/product"}],"replies":[{"embeddable":true,"href":"https:\/\/uj.adatbank.ro\/lexikon\/wp-json\/wp\/v2\/comments?post=25143"}],"wp:attachment":[{"href":"https:\/\/uj.adatbank.ro\/lexikon\/wp-json\/wp\/v2\/media?parent=25143"}],"wp:term":[{"taxonomy":"product_brand","embeddable":true,"href":"https:\/\/uj.adatbank.ro\/lexikon\/wp-json\/wp\/v2\/product_brand?post=25143"},{"taxonomy":"product_cat","embeddable":true,"href":"https:\/\/uj.adatbank.ro\/lexikon\/wp-json\/wp\/v2\/product_cat?post=25143"},{"taxonomy":"product_tag","embeddable":true,"href":"https:\/\/uj.adatbank.ro\/lexikon\/wp-json\/wp\/v2\/product_tag?post=25143"}],"curies":[{"name":"wp","href":"https:\/\/api.w.org\/{rel}","templated":true}]}}