{"id":25148,"date":"2025-08-01T18:34:52","date_gmt":"2025-08-01T16:34:52","guid":{"rendered":"https:\/\/uj.adatbank.ro\/lexikon\/termek\/zok-peter\/"},"modified":"2025-08-01T18:34:52","modified_gmt":"2025-08-01T16:34:52","slug":"zok-peter","status":"publish","type":"product","link":"https:\/\/uj.adatbank.ro\/lexikon\/termek\/zok-peter\/","title":{"rendered":"ZOK P\u00e9ter"},"content":{"rendered":"<p>? \u2020\u00a0?: v\u00e1rosb\u00edr\u00f3. \u2013 G\u00f6csi M\u00e1t\u00e9 beiktat\u00e1s\u00e1nak Klastrom utcai \u00faj h\u00e1z\u00e1ba ellent mondott szomsz\u00e9dja Z. P. (1576); V\u00e1s\u00e1rhely b\u00edr\u00e1ja (1595). <br \/><strong>\u2013 Irod.:<\/strong> Id\u0151t\u00e1r 1.<\/br><\/p>\n","protected":false},"excerpt":{"rendered":"<p>? \u2020\u00a0?: v\u00e1rosb\u00edr\u00f3. \u2013 G\u00f6csi M\u00e1t\u00e9 beiktat\u00e1s\u00e1nak Klastrom utcai \u00faj h\u00e1z\u00e1ba ellent mondott szomsz\u00e9dja Z. P. (1576); V\u00e1s\u00e1rhely b\u00edr\u00e1ja (1595). \u2013 Irod.: Id\u0151t\u00e1r 1.<\/p>\n","protected":false},"featured_media":0,"comment_status":"open","ping_status":"closed","template":"","meta":[],"product_brand":[],"product_cat":[137],"product_tag":[],"class_list":{"0":"post-25148","1":"product","2":"type-product","3":"status-publish","5":"product_cat-maros-megyei-eletrajzi-lexikon","7":"first","8":"instock","9":"shipping-taxable","10":"product-type-simple"},"_links":{"self":[{"href":"https:\/\/uj.adatbank.ro\/lexikon\/wp-json\/wp\/v2\/product\/25148","targetHints":{"allow":["GET"]}}],"collection":[{"href":"https:\/\/uj.adatbank.ro\/lexikon\/wp-json\/wp\/v2\/product"}],"about":[{"href":"https:\/\/uj.adatbank.ro\/lexikon\/wp-json\/wp\/v2\/types\/product"}],"replies":[{"embeddable":true,"href":"https:\/\/uj.adatbank.ro\/lexikon\/wp-json\/wp\/v2\/comments?post=25148"}],"wp:attachment":[{"href":"https:\/\/uj.adatbank.ro\/lexikon\/wp-json\/wp\/v2\/media?parent=25148"}],"wp:term":[{"taxonomy":"product_brand","embeddable":true,"href":"https:\/\/uj.adatbank.ro\/lexikon\/wp-json\/wp\/v2\/product_brand?post=25148"},{"taxonomy":"product_cat","embeddable":true,"href":"https:\/\/uj.adatbank.ro\/lexikon\/wp-json\/wp\/v2\/product_cat?post=25148"},{"taxonomy":"product_tag","embeddable":true,"href":"https:\/\/uj.adatbank.ro\/lexikon\/wp-json\/wp\/v2\/product_tag?post=25148"}],"curies":[{"name":"wp","href":"https:\/\/api.w.org\/{rel}","templated":true}]}}