{"id":25152,"date":"2025-08-01T18:35:04","date_gmt":"2025-08-01T16:35:04","guid":{"rendered":"https:\/\/uj.adatbank.ro\/lexikon\/termek\/zold-adam\/"},"modified":"2025-08-01T18:35:04","modified_gmt":"2025-08-01T16:35:04","slug":"zold-adam","status":"publish","type":"product","link":"https:\/\/uj.adatbank.ro\/lexikon\/termek\/zold-adam\/","title":{"rendered":"Z\u00d6LD \u00c1d\u00e1m"},"content":{"rendered":"<p>? \u2020\u00a0?: v\u00e1rosi tan\u00e1csos. \u2013 Mv.-i szen\u00e1tor. A v\u00e1rosi tan\u00e1cs megb\u00edz\u00e1s\u00e1b\u00f3l t\u00e1rgyal Bodor P\u00e9terrel, hogy min\u00e9l kevesebb k\u00f6lts\u00e9ggel \u00e9p\u00fclj\u00f6n meg a zen\u00e9l\u0151 k\u00fat (1820). <br \/><strong>\u2013 Irod.:<\/strong> Id\u0151t\u00e1r 1.<\/br><\/p>\n","protected":false},"excerpt":{"rendered":"<p>? \u2020\u00a0?: v\u00e1rosi tan\u00e1csos. \u2013 Mv.-i szen\u00e1tor. A v\u00e1rosi tan\u00e1cs megb\u00edz\u00e1s\u00e1b\u00f3l t\u00e1rgyal Bodor P\u00e9terrel, hogy min\u00e9l kevesebb k\u00f6lts\u00e9ggel \u00e9p\u00fclj\u00f6n meg a zen\u00e9l\u0151 k\u00fat (1820). \u2013 Irod.: Id\u0151t\u00e1r 1.<\/p>\n","protected":false},"featured_media":0,"comment_status":"open","ping_status":"closed","template":"","meta":[],"product_brand":[],"product_cat":[137],"product_tag":[],"class_list":{"0":"post-25152","1":"product","2":"type-product","3":"status-publish","5":"product_cat-maros-megyei-eletrajzi-lexikon","7":"first","8":"instock","9":"shipping-taxable","10":"product-type-simple"},"_links":{"self":[{"href":"https:\/\/uj.adatbank.ro\/lexikon\/wp-json\/wp\/v2\/product\/25152","targetHints":{"allow":["GET"]}}],"collection":[{"href":"https:\/\/uj.adatbank.ro\/lexikon\/wp-json\/wp\/v2\/product"}],"about":[{"href":"https:\/\/uj.adatbank.ro\/lexikon\/wp-json\/wp\/v2\/types\/product"}],"replies":[{"embeddable":true,"href":"https:\/\/uj.adatbank.ro\/lexikon\/wp-json\/wp\/v2\/comments?post=25152"}],"wp:attachment":[{"href":"https:\/\/uj.adatbank.ro\/lexikon\/wp-json\/wp\/v2\/media?parent=25152"}],"wp:term":[{"taxonomy":"product_brand","embeddable":true,"href":"https:\/\/uj.adatbank.ro\/lexikon\/wp-json\/wp\/v2\/product_brand?post=25152"},{"taxonomy":"product_cat","embeddable":true,"href":"https:\/\/uj.adatbank.ro\/lexikon\/wp-json\/wp\/v2\/product_cat?post=25152"},{"taxonomy":"product_tag","embeddable":true,"href":"https:\/\/uj.adatbank.ro\/lexikon\/wp-json\/wp\/v2\/product_tag?post=25152"}],"curies":[{"name":"wp","href":"https:\/\/api.w.org\/{rel}","templated":true}]}}