{"id":25154,"date":"2025-08-01T18:35:08","date_gmt":"2025-08-01T16:35:08","guid":{"rendered":"https:\/\/uj.adatbank.ro\/lexikon\/termek\/zold-gabor-csikmadefalvi-zold-gavril\/"},"modified":"2025-08-01T18:35:08","modified_gmt":"2025-08-01T16:35:08","slug":"zold-gabor-csikmadefalvi-zold-gavril","status":"publish","type":"product","link":"https:\/\/uj.adatbank.ro\/lexikon\/termek\/zold-gabor-csikmadefalvi-zold-gavril\/","title":{"rendered":"Z\u00d6LD G\u00e1bor, cs\u00edkm\u00e1d\u00e9falvi; Z\u00f6ld Gavril"},"content":{"rendered":"<p>1884., \u2020\u00a0?: tan\u00e1r. \u2013 Tanulm\u00e1nyait Nagyenyeden \u00e9s Bp.-en v\u00e9gezte. Pedag\u00f3giai m\u0171k\u00f6d\u00e9s\u00e9t Kar\u00e1nsebesen kezdte (1909\u2013), majd Mv.-en tan\u00e1r (1918\u2013). A mv.-i Fels\u0151bb Kereskedelmi Iskol\u00e1ban tan\u00edtott (1923\u201341). A MP \u00e9s a N\u00e9pk\u00f6z\u00f6ss\u00e9g tagja, a kult\u00farint\u00e9zm\u00e9nyek t\u00e1mogat\u00f3ja volt. <br \/><strong>\u2013 Irod.:<\/strong> \u00cenv. comercial econ.; Sz\u00e9kelyf\u00f6ld \u00ed. k.<\/br><\/p>\n","protected":false},"excerpt":{"rendered":"<p>1884., \u2020\u00a0?: tan\u00e1r. \u2013 Tanulm\u00e1nyait Nagyenyeden \u00e9s Bp.-en v\u00e9gezte. Pedag\u00f3giai m\u0171k\u00f6d\u00e9s\u00e9t Kar\u00e1nsebesen kezdte (1909\u2013), majd Mv.-en tan\u00e1r (1918\u2013). A mv.-i Fels\u0151bb Kereskedelmi Iskol\u00e1ban tan\u00edtott (1923\u201341). A MP \u00e9s a N\u00e9pk\u00f6z\u00f6ss\u00e9g tagja, a kult\u00farint\u00e9zm\u00e9nyek t\u00e1mogat\u00f3ja volt. \u2013 Irod.: \u00cenv. comercial econ.; Sz\u00e9kelyf\u00f6ld \u00ed. k.<\/p>\n","protected":false},"featured_media":0,"comment_status":"open","ping_status":"closed","template":"","meta":[],"product_brand":[],"product_cat":[137],"product_tag":[],"class_list":{"0":"post-25154","1":"product","2":"type-product","3":"status-publish","5":"product_cat-maros-megyei-eletrajzi-lexikon","7":"first","8":"instock","9":"shipping-taxable","10":"product-type-simple"},"_links":{"self":[{"href":"https:\/\/uj.adatbank.ro\/lexikon\/wp-json\/wp\/v2\/product\/25154","targetHints":{"allow":["GET"]}}],"collection":[{"href":"https:\/\/uj.adatbank.ro\/lexikon\/wp-json\/wp\/v2\/product"}],"about":[{"href":"https:\/\/uj.adatbank.ro\/lexikon\/wp-json\/wp\/v2\/types\/product"}],"replies":[{"embeddable":true,"href":"https:\/\/uj.adatbank.ro\/lexikon\/wp-json\/wp\/v2\/comments?post=25154"}],"wp:attachment":[{"href":"https:\/\/uj.adatbank.ro\/lexikon\/wp-json\/wp\/v2\/media?parent=25154"}],"wp:term":[{"taxonomy":"product_brand","embeddable":true,"href":"https:\/\/uj.adatbank.ro\/lexikon\/wp-json\/wp\/v2\/product_brand?post=25154"},{"taxonomy":"product_cat","embeddable":true,"href":"https:\/\/uj.adatbank.ro\/lexikon\/wp-json\/wp\/v2\/product_cat?post=25154"},{"taxonomy":"product_tag","embeddable":true,"href":"https:\/\/uj.adatbank.ro\/lexikon\/wp-json\/wp\/v2\/product_tag?post=25154"}],"curies":[{"name":"wp","href":"https:\/\/api.w.org\/{rel}","templated":true}]}}