{"id":25161,"date":"2025-08-01T18:35:24","date_gmt":"2025-08-01T16:35:24","guid":{"rendered":"https:\/\/uj.adatbank.ro\/lexikon\/termek\/zoldi-miklos\/"},"modified":"2025-08-01T18:35:24","modified_gmt":"2025-08-01T16:35:24","slug":"zoldi-miklos","status":"publish","type":"product","link":"https:\/\/uj.adatbank.ro\/lexikon\/termek\/zoldi-miklos\/","title":{"rendered":"Z\u00d6LDI Mikl\u00f3s"},"content":{"rendered":"<p>? \u2020\u00a0?: v\u00e1rosi tisztvisel\u0151. \u2013 Az MSE akt\u00edv tagja (1931\u2013) mint labdar\u00fag\u00f3. Azonk\u00edv\u00fcl atl\u00e9tik\u00e1val, \u00fasz\u00e1ssal, korcsoly\u00e1z\u00e1ssal is foglalkozott. Mint labdar\u00fag\u00f3 t\u00f6bb \u00edzben volt v\u00e1rosk\u00f6zi v\u00e1logatott. \u00c1ltal\u00e1ban mint balsz\u00e9ls\u0151 j\u00e1tszott, de volt bal\u00f6sszek\u00f6t\u0151 \u00e9s k\u00f6z\u00e9pcsat\u00e1r is. Az egyes\u00fclet egyik legeredm\u00e9nyesebb j\u00e1t\u00e9kosa volt. <br \/><strong>\u2013 Irod.:<\/strong> Pluh\u00e1r.<\/br><\/p>\n","protected":false},"excerpt":{"rendered":"<p>? \u2020\u00a0?: v\u00e1rosi tisztvisel\u0151. \u2013 Az MSE akt\u00edv tagja (1931\u2013) mint labdar\u00fag\u00f3. Azonk\u00edv\u00fcl atl\u00e9tik\u00e1val, \u00fasz\u00e1ssal, korcsoly\u00e1z\u00e1ssal is foglalkozott. Mint labdar\u00fag\u00f3 t\u00f6bb \u00edzben volt v\u00e1rosk\u00f6zi v\u00e1logatott. \u00c1ltal\u00e1ban mint balsz\u00e9ls\u0151 j\u00e1tszott, de volt bal\u00f6sszek\u00f6t\u0151 \u00e9s k\u00f6z\u00e9pcsat\u00e1r is. Az egyes\u00fclet egyik legeredm\u00e9nyesebb j\u00e1t\u00e9kosa volt. \u2013 Irod.: Pluh\u00e1r.<\/p>\n","protected":false},"featured_media":0,"comment_status":"open","ping_status":"closed","template":"","meta":[],"product_brand":[],"product_cat":[137],"product_tag":[],"class_list":{"0":"post-25161","1":"product","2":"type-product","3":"status-publish","5":"product_cat-maros-megyei-eletrajzi-lexikon","7":"first","8":"instock","9":"shipping-taxable","10":"product-type-simple"},"_links":{"self":[{"href":"https:\/\/uj.adatbank.ro\/lexikon\/wp-json\/wp\/v2\/product\/25161","targetHints":{"allow":["GET"]}}],"collection":[{"href":"https:\/\/uj.adatbank.ro\/lexikon\/wp-json\/wp\/v2\/product"}],"about":[{"href":"https:\/\/uj.adatbank.ro\/lexikon\/wp-json\/wp\/v2\/types\/product"}],"replies":[{"embeddable":true,"href":"https:\/\/uj.adatbank.ro\/lexikon\/wp-json\/wp\/v2\/comments?post=25161"}],"wp:attachment":[{"href":"https:\/\/uj.adatbank.ro\/lexikon\/wp-json\/wp\/v2\/media?parent=25161"}],"wp:term":[{"taxonomy":"product_brand","embeddable":true,"href":"https:\/\/uj.adatbank.ro\/lexikon\/wp-json\/wp\/v2\/product_brand?post=25161"},{"taxonomy":"product_cat","embeddable":true,"href":"https:\/\/uj.adatbank.ro\/lexikon\/wp-json\/wp\/v2\/product_cat?post=25161"},{"taxonomy":"product_tag","embeddable":true,"href":"https:\/\/uj.adatbank.ro\/lexikon\/wp-json\/wp\/v2\/product_tag?post=25161"}],"curies":[{"name":"wp","href":"https:\/\/api.w.org\/{rel}","templated":true}]}}