{"id":25163,"date":"2025-08-01T18:35:29","date_gmt":"2025-08-01T16:35:29","guid":{"rendered":"https:\/\/uj.adatbank.ro\/lexikon\/termek\/zoldy\/"},"modified":"2025-08-01T18:35:29","modified_gmt":"2025-08-01T16:35:29","slug":"zoldy","status":"publish","type":"product","link":"https:\/\/uj.adatbank.ro\/lexikon\/termek\/zoldy\/","title":{"rendered":"Z\u00d6LDY"},"content":{"rendered":"<p>Folyfalvi csal\u00e1d. A nemess\u00e9get 1904. aug. 28. Z. J\u00e1nos, B\u00e9k\u00e9s m. tiszti f\u0151orvosa kapta. C\u00edmer\u00fck: k\u00e9k mez\u0151ben, z\u00f6ld f\u00f6ld\u00f6n griff jobbj\u00e1ban kardot tart; sisakd\u00edsz: n\u00f6vekv\u0151leg a griff; takar\u00f3: v\u00f6r\u00f6s-ez\u00fcst, k\u00e9k-arany. <br \/><strong>\u2013 Irod.:<\/strong> Kempelen.<\/br><\/p>\n","protected":false},"excerpt":{"rendered":"<p>Folyfalvi csal\u00e1d. A nemess\u00e9get 1904. aug. 28. Z. J\u00e1nos, B\u00e9k\u00e9s m. tiszti f\u0151orvosa kapta. C\u00edmer\u00fck: k\u00e9k mez\u0151ben, z\u00f6ld f\u00f6ld\u00f6n griff jobbj\u00e1ban kardot tart; sisakd\u00edsz: n\u00f6vekv\u0151leg a griff; takar\u00f3: v\u00f6r\u00f6s-ez\u00fcst, k\u00e9k-arany. \u2013 Irod.: Kempelen.<\/p>\n","protected":false},"featured_media":0,"comment_status":"open","ping_status":"closed","template":"","meta":[],"product_brand":[],"product_cat":[137],"product_tag":[],"class_list":{"0":"post-25163","1":"product","2":"type-product","3":"status-publish","5":"product_cat-maros-megyei-eletrajzi-lexikon","7":"first","8":"instock","9":"shipping-taxable","10":"product-type-simple"},"_links":{"self":[{"href":"https:\/\/uj.adatbank.ro\/lexikon\/wp-json\/wp\/v2\/product\/25163","targetHints":{"allow":["GET"]}}],"collection":[{"href":"https:\/\/uj.adatbank.ro\/lexikon\/wp-json\/wp\/v2\/product"}],"about":[{"href":"https:\/\/uj.adatbank.ro\/lexikon\/wp-json\/wp\/v2\/types\/product"}],"replies":[{"embeddable":true,"href":"https:\/\/uj.adatbank.ro\/lexikon\/wp-json\/wp\/v2\/comments?post=25163"}],"wp:attachment":[{"href":"https:\/\/uj.adatbank.ro\/lexikon\/wp-json\/wp\/v2\/media?parent=25163"}],"wp:term":[{"taxonomy":"product_brand","embeddable":true,"href":"https:\/\/uj.adatbank.ro\/lexikon\/wp-json\/wp\/v2\/product_brand?post=25163"},{"taxonomy":"product_cat","embeddable":true,"href":"https:\/\/uj.adatbank.ro\/lexikon\/wp-json\/wp\/v2\/product_cat?post=25163"},{"taxonomy":"product_tag","embeddable":true,"href":"https:\/\/uj.adatbank.ro\/lexikon\/wp-json\/wp\/v2\/product_tag?post=25163"}],"curies":[{"name":"wp","href":"https:\/\/api.w.org\/{rel}","templated":true}]}}