{"id":25165,"date":"2025-08-01T18:35:33","date_gmt":"2025-08-01T16:35:33","guid":{"rendered":"https:\/\/uj.adatbank.ro\/lexikon\/termek\/zolog-mihail-mihaly\/"},"modified":"2025-08-01T18:35:33","modified_gmt":"2025-08-01T16:35:33","slug":"zolog-mihail-mihaly","status":"publish","type":"product","link":"https:\/\/uj.adatbank.ro\/lexikon\/termek\/zolog-mihail-mihaly\/","title":{"rendered":"ZOLOG, Mihail, Mih\u00e1ly"},"content":{"rendered":"<p>K\u00f3r\u00f3dszentm\u00e1rton, 1894. dec. 2. \u2020 ?: orvos, egyetemi tan\u00e1r. \u2013 Kv.-on a FJTE-en tanult (1918\u201319). Harvard School of Public Health Boston USA v\u00e9gzettje. A kv.-i egyetem eg\u00e9szs\u00e9gtan\u00e1ra volt, az orvostudom\u00e1ny \u00e9s a seb\u00e9szet doktora, docens. Az Eg\u00e9szs\u00e9g\u00fcgyi Int\u00e9zet oszt\u00e1lyvezet\u0151je, a kv.-i Biol\u00f3giai T\u00e1rsas\u00e1g tagja. \u2013  <strong>F. m..:<\/strong> Memoriu de titluri \u015fi lucr\u0103ri (s.a.). <br \/><strong>\u2013 Irod.:<\/strong> Predescu; Sigmirean.<\/br><\/p>\n","protected":false},"excerpt":{"rendered":"<p>K\u00f3r\u00f3dszentm\u00e1rton, 1894. dec. 2. \u2020 ?: orvos, egyetemi tan\u00e1r. \u2013 Kv.-on a FJTE-en tanult (1918\u201319). Harvard School of Public Health Boston USA v\u00e9gzettje. A kv.-i egyetem eg\u00e9szs\u00e9gtan\u00e1ra volt, az orvostudom\u00e1ny \u00e9s a seb\u00e9szet doktora, docens. Az Eg\u00e9szs\u00e9g\u00fcgyi Int\u00e9zet oszt\u00e1lyvezet\u0151je, a kv.-i Biol\u00f3giai T\u00e1rsas\u00e1g tagja. \u2013 F. m..: Memoriu de titluri \u015fi lucr\u0103ri (s.a.). \u2013 Irod.: [&hellip;]<\/p>\n","protected":false},"featured_media":0,"comment_status":"open","ping_status":"closed","template":"","meta":[],"product_brand":[],"product_cat":[137],"product_tag":[],"class_list":{"0":"post-25165","1":"product","2":"type-product","3":"status-publish","5":"product_cat-maros-megyei-eletrajzi-lexikon","7":"first","8":"instock","9":"shipping-taxable","10":"product-type-simple"},"_links":{"self":[{"href":"https:\/\/uj.adatbank.ro\/lexikon\/wp-json\/wp\/v2\/product\/25165","targetHints":{"allow":["GET"]}}],"collection":[{"href":"https:\/\/uj.adatbank.ro\/lexikon\/wp-json\/wp\/v2\/product"}],"about":[{"href":"https:\/\/uj.adatbank.ro\/lexikon\/wp-json\/wp\/v2\/types\/product"}],"replies":[{"embeddable":true,"href":"https:\/\/uj.adatbank.ro\/lexikon\/wp-json\/wp\/v2\/comments?post=25165"}],"wp:attachment":[{"href":"https:\/\/uj.adatbank.ro\/lexikon\/wp-json\/wp\/v2\/media?parent=25165"}],"wp:term":[{"taxonomy":"product_brand","embeddable":true,"href":"https:\/\/uj.adatbank.ro\/lexikon\/wp-json\/wp\/v2\/product_brand?post=25165"},{"taxonomy":"product_cat","embeddable":true,"href":"https:\/\/uj.adatbank.ro\/lexikon\/wp-json\/wp\/v2\/product_cat?post=25165"},{"taxonomy":"product_tag","embeddable":true,"href":"https:\/\/uj.adatbank.ro\/lexikon\/wp-json\/wp\/v2\/product_tag?post=25165"}],"curies":[{"name":"wp","href":"https:\/\/api.w.org\/{rel}","templated":true}]}}