{"id":25167,"date":"2025-08-01T18:35:37","date_gmt":"2025-08-01T16:35:37","guid":{"rendered":"https:\/\/uj.adatbank.ro\/lexikon\/termek\/zoltan-aladar-%c2%a7\/"},"modified":"2025-08-01T18:35:37","modified_gmt":"2025-08-01T16:35:37","slug":"zoltan-aladar-%c2%a7","status":"publish","type":"product","link":"https:\/\/uj.adatbank.ro\/lexikon\/termek\/zoltan-aladar-%c2%a7\/","title":{"rendered":"ZOLT\u00c1N Alad\u00e1r, \u00a7"},"content":{"rendered":"<p>Homor\u00f3dszentm\u00e1rton, 1929. m\u00e1j. 31., \u2020 Mv., 1978. j\u00fal. 8., s\u00edrja a mv.-i ref. temet\u0151ben: zeneszerz\u0151, karmester, pedag\u00f3gus. \u2013 Feles\u00e9ge: Fej\u00e9r \u00c9va, sz\u00fcletett Nagy \u00c9va, majd Csipk\u00e9s Tiborn\u00e9, elhunyt a sv\u00e9dorsz\u00e1gi G\u00f6teborgban 87 \u00e9ves kor\u00e1ban (2024. jan. 19.). Tanulm\u00e1nyait sz\u00fcl\u0151faluj\u00e1ban kezdte, k\u00f6z\u00e9piskolai tanulm\u00e1nyait Sz\u00e9kelykereszt\u00faron (1939\u201346) \u00e9s Kv.-on a Brassai S\u00e1muel L\u00edceumban v\u00e9gezte (1948), majd a Gh. Dima Zenem\u0171v\u00e9szeti F\u0151iskol\u00e1n szerzett oklevelet zenetan\u00e1ri (1951), zeneszerz\u00e9si (1952), \u00e9s karmesteri szakon (1953) M\u00e1r Sz\u00e9kelykereszt\u00faron kezdett zongor\u00e1zni, n\u00e9pdalt gy\u0171jteni, kis zongoradarabokat \u00e9s k\u00f3rusm\u0171veket \u00edrni. A f\u0151iskol\u00e1n tan\u00e1rai t\u00f6bbek k\u00f6zt Jod\u00e1l G\u00e1bor, Antoni Ciolan, Nagy Istv\u00e1n, Jagamas J\u00e1nos. F\u0151iskolai tanulm\u00e1nyai utols\u00f3 \u00e9veiben tan\u00e1rseg\u00e9d volt (1950\u201355) \u00e9s tan\u00edtott a kv.-i Zenei L\u00edc.-ban. A M\u0171vel\u0151d\u00e9s c. foly\u00f3irat zenei szerkeszt\u0151je volt (1954\u201359). Az \u00fajonnan alakult Mv.-i \u00c1llami \u00c9nek- \u00e9s T\u00e1ncegy\u00fcttes megh\u00edv\u00e1s\u00e1ra az egy\u00fcttes karmestere lett (1958\u2013), a Mv.-i R\u00e1di\u00f3st\u00fadi\u00f3 zenei oszt\u00e1ly\u00e1nak vezet\u0151je (1959\u2013), A Rom\u00e1niai Zeneszerz\u0151k Sz\u00f6vets\u00e9ge mv.-i fi\u00f3kj\u00e1nak a titk\u00e1ra (1960\u2013), majd a sz\u00f6vets\u00e9g egyik aleln\u00f6ke (1968\u2013). A Mv.-i \u00c1llami Filharm\u00f3nia igazgat\u00f3ja volt hal\u00e1l\u00e1ig (1965\u2013). Cs\u00edky Boldizs\u00e1r zeneszerz\u0151vel k\u00f6z\u00f6sen megszervezte a m\u00e1ig \u00e9venk\u00e9nt megtartott Mv.-i Zenei Napokat (1971\u2013), c\u00e9lja volt a k\u00f6z\u00f6ns\u00e9gnevel\u00e9s (b\u00e9rleti hangversenyeket szervezett Sz\u00e1szr\u00e9genbe, Segesv\u00e1rba, Sz\u00e9kelyudvarhelyre, zenekari tagok tov\u00e1bbk\u00e9pz\u00e9se, h\u00edres karmesterek \u00e9s egy\u00fcttesek megh\u00edv\u00e1sa, k\u00fclf\u00f6ldi hangversenyk\u00f6rutak szervez\u00e9se stb. Zeneszerz\u0151i munk\u00e1ss\u00e1g\u00e1ban fontos helyet foglalt el az \u00e9nekhang, els\u0151sorban az \u00e9nekkari muzsika. Irt dalokat, k\u00f3rusm\u0171veket, vok\u00e1lszimfonikus m\u0171veket, kant\u00e1t\u00e1kat, n\u00e9pdalfeldolgoz\u00e1sokat, b\u00e1bsz\u00ednh\u00e1zi k\u00eds\u00e9r\u0151zen\u00e9t, sz\u00ednpadi k\u00eds\u00e9r\u0151zen\u00e9t, von\u00f3szenekari m\u0171veket, szimfonikus t\u00e1ncokat, szimf\u00f3ni\u00e1kat, kamarazenei m\u0171veket. A N\u00e9pi Egy\u00fcttes \u00c1llami \u00c9nek- \u00e9s T\u00e1ncegy\u00fcttes ig\u00e9nyeinek kiel\u00e9g\u00edt\u00e9s\u00e9re n\u00e9pdalt gy\u0171jt\u00f6tt Erd\u00e9ly \u00e9s Moldva vid\u00e9keir\u0151l. Az egy\u00fcttes sz\u00e1m\u00e1ra \u00edrt zen\u00e9s-t\u00e1ncos m\u0171vei: Farsangi est\u00e9k (1969), Bihari le\u00e1nyk\u00e9r\u00e9s (1971), Tatrangi borica (1973) \u00e9s m\u00e1sok, \u00edrt a gyermekegy\u00fcttes sz\u00e1m\u00e1ra is B\u00fazakoszor\u00fa (1959), a B\u00edbork\u00e1n\u00e9 l\u00e1nya (1959\u201360), az Aranykapu (1962\u201363). k\u00eds\u00e9r\u0151zen\u00e9i sz\u00edndarabokhoz: A kecske \u00e9s a h\u00e1rom gid\u00f3 (1964); Karcsi cirkuszba megy (1967); M\u00e9hes Gy\u00f6rgy Sz\u00e9pike \u00e9s cs\u00fafika (1954); Lope de Vega: Dacb\u00f3l terem a szerelem (1956); Shakespeare: V\u00edzkereszt, vagy amit akartok (1963); Anavi \u00c1d\u00e1m: Kecskelovag (1971). N\u00e9pdalfeldolgoz\u00e1sok: B\u00fazakoszor\u00fa (gyermekk\u00f3rusra, sz\u00f3list\u00e1kra, n\u00e9pi zenekarra, 1959); Gyermekj\u00e1t\u00e9kok (gyermekk\u00f3rus, n\u00e9pi zenekar, 1960, \u00e1tdolgozott v\u00e1ltozat: Bibork\u00e1n\u00e9 l\u00e1nya (1962); P\u00e1rv\u00e1laszt\u00e1s (t\u00e1ncszvit k\u00f3rusra \u00e9s n\u00e9pizenekarra, 1965); Farsangi est\u00e9k (zen\u00e9s t\u00e1ncos jelenet narr\u00e1tora, sz\u00f3list\u00e1kra, k\u00f3rusra \u00e9s n\u00e9pi zenekarra, 1969); Bihari le\u00e1nyk\u00e9r\u0151k \u2013Hom\u00e0ge a B\u00e9la Bart\u00f3k (1971); Tatrangi borica (vegyes karra \u00e9s n\u00e9pizenekarra, 1973); H\u00e1rom vistai n\u00e9pdal (1952); K\u00e9t v\u00e1lasz\u00fati n\u00e9pdal (1952); n\u00e9pizenekari v\u00e1ltozat: N\u00e9gy magyar n\u00e9pdal (Buk., 1968); H\u00e1rom rom\u00e1n n\u00e9pdal (1964 Zenei t\u00e1rgy\u00fa tanulm\u00e1nyait, essz\u00e9it, kritik\u00e1it az Utunk., Igaz Sz\u00f3, M\u0171vel\u0151d\u00e9si \u00datmutat\u00f3, M\u0171vel\u0151d\u00e9s, Dolgoz\u00f3 N\u0151, Muzica, \u00daj \u00c9let, Napsug\u00e1r, J\u00f3bar\u00e1t, V\u00f6r\u00f6s Z\u00e1szl\u00f3, El\u0151re, Ifj\u00famunk\u00e1s k\u00f6z\u00f6lte. Kit\u00fcntet\u00e9sei: Orsz\u00e1gos VIT verseny III. d\u00edj (1953); a RSZK Akad\u00e9mi\u00e1j\u00e1nak George Enescu-d\u00edja (1967); Ion Vidu verseny III. d\u00edja (1969), a Zeneszerz\u0151k Sz\u00f6vets\u00e9g\u00e9nek d\u00edj\u00e1t kapta a Sz\u00fcl\u0151f\u00f6ld dics\u00e9rete II. Szimf\u00f3ni\u00e1j\u00e1\u00e9rt (1972). A kultur\u00e1lis-m\u0171v\u00e9szeti \u00e9s k\u00f6zleti tev\u00e9kenys\u00e9g\u00e9\u00e9rt a RSZK \u00e9rdemrendjeivel \u00e9s \u00e9rdem\u00e9rmeivel t\u00fcntett\u00e9k ki. \u2013  <strong>F. m..:<\/strong> Az \u00e9n k\u00e9t asszonyom (Ady Endre, 1947); Jelszavak fegyver\u00e9vel (Buk., 1951); Divertimento von\u00f3szenekarra, klarin\u00e9tra (1952); N\u00e9gy magyar n\u00e9pdal vegyeskarra (1952); Dalok az ifj\u00fas\u00e1gr\u00f3l \u00e9s a szerelemr\u0151l (kant\u00e1ta m. n\u00e9pdalt\u00e9m\u00e1kra, 1953); Nonett (von\u00f3s- \u00e9s f\u00fav\u00f3shangszerekre, 1953); Rom\u00e1nc (heged\u0171re \u00e9s zongor\u00e1ra (1953); \u00c9nek a szabads\u00e1gr\u00f3l (kant\u00e1ta Marton Lili vers\u00e9re, 1954); Ny\u00e1r\u00e1dmenti n\u00e9pdalok (vegyes kar, Buk., 1954); Nyit\u00e1ny (1955), H\u00e1rom vistai n\u00e9pdal (Buk., 1954), Szon\u00e1ta fagottra \u00e9s zongor\u00e1ra (1955), Kicsi mad\u00e1r (szvit szopr\u00e1nra, tenorra \u00e9s kamarazenekarra, 1955); Dalok az ifj\u00fas\u00e1gr\u00f3l \u00e9s szerelemr\u0151l = C\u00eentece de tinere\u0163e \u015fi dragoste (Buk., 1956); A sz\u00e9p szerelem, 10 madrig\u00e1l vegyeskarra (1956); T\u00edz madrig\u00e1l (vegyes karok Buk., 1956); Korondi t\u00e1ncok (szvit n\u00e9pi zenekarra s\u00f3vid\u00e9ki zenei anyag alapj\u00e1n, (1957; \u00e1tdolgozva szimfonikus zenekarra, 1960); Bujdos\u00f3 n\u00f3ta (Bp., 1957), R\u00f3zsadalok (kant\u00e1ta, 1957); M\u00e1sodik kant\u00e1ta (cs\u00e1ng\u00f3 sz\u00f6vegre \u00e9s dallamokra, 1957); Mad\u00e1rdalok (1957\u201358), Mad\u00e1rdalok (k\u00f3russzvit, Buk., 1958); Korondi t\u00e1ncok (rapsz\u00f3dia von\u00f3szenekarra, 1957\u201360; Buk., 1963), Korondi t\u00e1ncok; Mad\u00e1rdalok (\u00e1tdolgoz\u00e1sok, 1958); Cs\u00e1ng\u00f3 dalok (alt \u00e9s zenekarra, 1958); Szabad vizekre (szimfonikus po\u00e9ma, k\u00f3rusra \u00e9s zenekarra, Hajd\u00fa Zolt\u00e1n vers\u00e9re, 1960); Ny\u00fajts kezet (Majt\u00e9nyi Erik vers\u00e9re, 1960); \u00dcnnepi nyit\u00e1ny (1961); I. Szimf\u00f3nia (1961\u201363, Buk., 1970; Electrecord, 1971), Bibork\u00e1n\u00e9 l\u00e1nya (sz\u00ednpadi j\u00e1t\u00e9k, 1961); Kis szvit (1962\u201363, 1970); Szebb lesz az osz\u00e1g (Mv., 1962), Bazsar\u00f3zsa. N\u00e9gy n\u00e9pdal vegyes karra (Mv., 1962), Sz\u00e1llj dal (28 gyermekkar, 1963); Dansuri din Corund (Buc., 1963); \u00d6t l\u00edrai dal (Az \u00f6r\u00f6m illan, Tavalyi szerelem, Anna \u00f6r\u00f6k, Ilona, Rejtelmek, Buk., 1963), \u00d6t l\u00edrai dal (Kosztol\u00e1nyi Dezs\u0151, T\u00f3th \u00c1rp\u00e1d, Dsida Jen\u0151, Juh\u00e1sz Gyula, J\u00f3zsef Attila verseire tenorra \u00e9s zenekarra, 1963); Csokros szekf\u0171, major\u00e1nna (szopr\u00e1n, tenor, n\u00e9pi zenekarra, 1964); 4. kant\u00e1ta (Hajd\u00fa Zolt\u00e1n verseire, 1965); Von\u00f3sn\u00e9gyese Hom\u00e0ge a B. Bart\u00f3k (1965), Von\u00f3sn\u00e9gyes (1965); Bokr\u00e9ta (Mv., 1965), Amennyi m\u00e1jus (Mv., 1967); Cinci c\u00eentece lirice pentru tenor \u015fi orchestr\u0103 = \u00d6t l\u00edrai dal tenor zenekari k\u00eds\u00e9rettel (Buc., 1967); Hat k\u00f6nny\u0171 n\u00e9pdal (Mv., 1967); M\u00e1jusi nap (Mv., 1967); \u00d6t l\u00edrai dal (Buk., 1967); Stele de argint (Tg. M., 1967); Marosmenti t\u00e1ncok (t\u00e1ncszvit, 1968), T\u00e9li est\u00e9k (n\u00e9pdalok f\u00e9rfikarra, Buk., 1969); Farsangi est\u00e9k (1969); Kis szvit \u2013 Suita piccola (zenekarra, 1970); Simfonie pentru orchestra mare (Buc., 1970); T\u00e9li est\u00e9k (Mv., 1970); H\u00e1rom szil\u00e1gys\u00e1gi n\u00e9pdal (1971, Mv., 1973), H\u00e1rom szil\u00e1gys\u00e1gi n\u00e9pdal (vegyeskarra, Buk., 1971); Bihari le\u00e1nyk\u00e9r\u00e9s (1971); A p\u00e1rt (Mv., 1972); Sz\u00e1llj dal! \u2013 Zboar\u0103 c\u00eentec! (Buk., 1972); II. Szimf\u00f3nia: A sz\u00fcl\u0151f\u00f6ld dics\u00e9rete (1972\u201373; Simfonia II.; Buc., 1979); R\u00e9gi di\u00e1kdalok (P\u00e1l\u00f3czi \u00c1d\u00e1m gy\u0171jtem\u00e9nye alapj\u00e1n vegyes karra, Buk., 1972); Pet\u0151fi-dalok (vegyes \u00e9s f\u00e9rfikarra, Buk., 1973), Tatrangi borica (1973); Trei c\u00eentece populare din S\u0103laj = H\u00e1rom szil\u00e1gys\u00e1gi n\u00e9pdal (Buc., 1973); Klarin\u00e9t-sz\u00f3l\u00f3 szon\u00e1ta (1974), Bevezet\u00e9s \u00e9s Allegro (1974\u201376), C\u00eentece pe texte de Pet\u0151fi = Pet\u0151fi-dalok (Buc., 1975); H\u00e1rom gyergy\u00f3i n\u00e9pdal (1975\u201376), H\u00e9t k\u00f3rusk\u00f6ltem\u00e9ny (1976\u201377); H\u00e1rom gyergy\u00f3i n\u00e9pdal (vegyeskarra, Buk., 1976); H\u00e9t k\u00f3ruspo\u00e9ma (vegyeskarra, K\u00e1ny\u00e1di S\u00e1ndor, Gerhard Eike, Majt\u00e9nyi Erik, Ana Blandiana, Marin Sorescu, Nina Cassian verseire, Buk., 1977); Szon\u00e1ta sz\u00f3l\u00f3klarin\u00e9tra (1977); Bihari rapsz\u00f3dia (Bart\u00f3k eml\u00e9k\u00e9nek sz\u00e1nva befejezetlen); <strong>gy\u0171jtem\u00e9nyes k\u00f6t.:<\/strong> Rep\u00fclj mad\u00e1r (Buk., 1955), Culegeri de coruri (Cluj, 1956), Bokr\u00e9ta (Buk., 1956); T\u00f6megdalok antol\u00f3gi\u00e1ja (Buk., 1958), Dalgy\u0171jtem\u00e9ny (Buk., 1958), T\u00f6megdalok (Buk., 1960; 1962), Egynem\u0171 k\u00f3rusok (Mv., 1965), Inal\u0163\u0103-te c\u00eentec (Mv., 1966); Gy\u0151ztes \u00e9vek (Mv., 1965), C\u00eentece pentru grup vocal (Buc., 1966), C\u00eentece de mas\u0103 (Buc., 1966), C\u00e2t e\u015fti de frumoas\u0103, \u0163ar\u0103 (Buc., 1970), Partid cutez\u0103tor (Mv., 1967), Cine m-o dat dorului (Buc., 1967), Muzica coral\u0103 rom\u00e2neasc\u0103 (Buc., 1970), Sz\u00fcl\u0151haz\u00e1m, Rom\u00e1nia (Cs\u00edkszereda, 1973), Dalolj vel\u00fcnk (Buk., 1972), Sz\u00e1llj, dal&#8230;! (Buk., 1972), Inimi de lumin\u0103 (Buc., 1969), Rum\u00e4nische Klavierminiat\u00fcren f\u00fcr Kinder und Jugendlische (Leipzig, ?), \u00c9nek a P\u00e1rthoz (Buk., 1971), C\u00eentare Partidului (Buc., 1971), C\u00eentece de dragoste pentru p\u0103m\u00eentul \u0163\u0103rii (Mv., 1973), Elogiu Republicii (Buk., 1974), A haza az \u00e9n hitem (Buk., 1974), Republic\u0103, m\u00eendria noastr\u0103 (Buc., 1975), C\u00eentece patriotice \u015fi revolu\u0163ionare (Buk., 1977), Rom\u00e1nia, j\u00f3 anyaf\u00f6ld\u00fcnk (Buk., 1977), Erd\u0151 m\u00e9ly\u00e9n, esti csendben (Buk., 1974), Iskolai k\u00f3rusgy\u0171jtem\u00e9ny (Buk., 1974), 30 \u00e9v dics\u0151s\u00e9g (Buk., 1974), Flamura neat\u00eern\u0103rii (Buk., 1977); Neue Rum\u00e4nische Kaviermusik (K\u00f6ln, ?); \u2013 k\u00f6nyv: Karvezet\u0151k k\u00f6nyve (Szalm\u00e1n Lor\u00e1nddal, Forr\u00f3 L\u00e1szl\u00f3val; Mv., 1968); Bihari rapsz\u00f3dia (Bart\u00f3k eml\u00e9k\u00e9nek sz\u00e1nva) szerk.: Dalgy\u0171jtem\u00e9ny K\u00f3rusm\u0171vek vegyes-, gyermek-, n\u0151i-, \u00e9s f\u00e9rfikarra (Buk., 1958); \u00cenal\u0163\u0103-te c\u00eentec \u2013 Sz\u00e1llj dalunk. K\u00f3rusk\u00f6tet k\u00e9t nyelven (Mv., 1966); Armonii corale \u2013 \u00d6sszecseng\u0151 sz\u00f3lamok V\u00e1logat\u00e1s a k\u00f3rusirodalomb\u00f3l I. K\u00e1nonok \u00e9s madrig\u00e1lok (Mv., 1972). \u2013 Irod.: Gy\u00e1rf\u00e1s 2013; Kelemen; Mv.-i \u00c1. sz. N.E; Sz\u00e9kely Sz.Z.; Zenetud. \u00edr\u00e1sok 1998.<\/br><\/p>\n","protected":false},"excerpt":{"rendered":"<p>Homor\u00f3dszentm\u00e1rton, 1929. m\u00e1j. 31., \u2020 Mv., 1978. j\u00fal. 8., s\u00edrja a mv.-i ref. temet\u0151ben: zeneszerz\u0151, karmester, pedag\u00f3gus. \u2013 Feles\u00e9ge: Fej\u00e9r \u00c9va, sz\u00fcletett Nagy \u00c9va, majd Csipk\u00e9s Tiborn\u00e9, elhunyt a sv\u00e9dorsz\u00e1gi G\u00f6teborgban 87 \u00e9ves kor\u00e1ban (2024. jan. 19.). Tanulm\u00e1nyait sz\u00fcl\u0151faluj\u00e1ban kezdte, k\u00f6z\u00e9piskolai tanulm\u00e1nyait Sz\u00e9kelykereszt\u00faron (1939\u201346) \u00e9s Kv.-on a Brassai S\u00e1muel L\u00edceumban v\u00e9gezte (1948), majd a Gh. [&hellip;]<\/p>\n","protected":false},"featured_media":0,"comment_status":"open","ping_status":"closed","template":"","meta":[],"product_brand":[],"product_cat":[137],"product_tag":[],"class_list":{"0":"post-25167","1":"product","2":"type-product","3":"status-publish","5":"product_cat-maros-megyei-eletrajzi-lexikon","7":"first","8":"instock","9":"shipping-taxable","10":"product-type-simple"},"_links":{"self":[{"href":"https:\/\/uj.adatbank.ro\/lexikon\/wp-json\/wp\/v2\/product\/25167","targetHints":{"allow":["GET"]}}],"collection":[{"href":"https:\/\/uj.adatbank.ro\/lexikon\/wp-json\/wp\/v2\/product"}],"about":[{"href":"https:\/\/uj.adatbank.ro\/lexikon\/wp-json\/wp\/v2\/types\/product"}],"replies":[{"embeddable":true,"href":"https:\/\/uj.adatbank.ro\/lexikon\/wp-json\/wp\/v2\/comments?post=25167"}],"wp:attachment":[{"href":"https:\/\/uj.adatbank.ro\/lexikon\/wp-json\/wp\/v2\/media?parent=25167"}],"wp:term":[{"taxonomy":"product_brand","embeddable":true,"href":"https:\/\/uj.adatbank.ro\/lexikon\/wp-json\/wp\/v2\/product_brand?post=25167"},{"taxonomy":"product_cat","embeddable":true,"href":"https:\/\/uj.adatbank.ro\/lexikon\/wp-json\/wp\/v2\/product_cat?post=25167"},{"taxonomy":"product_tag","embeddable":true,"href":"https:\/\/uj.adatbank.ro\/lexikon\/wp-json\/wp\/v2\/product_tag?post=25167"}],"curies":[{"name":"wp","href":"https:\/\/api.w.org\/{rel}","templated":true}]}}