{"id":25168,"date":"2025-08-01T18:35:41","date_gmt":"2025-08-01T16:35:41","guid":{"rendered":"https:\/\/uj.adatbank.ro\/lexikon\/termek\/zoltan-ildiko\/"},"modified":"2025-08-01T18:35:41","modified_gmt":"2025-08-01T16:35:41","slug":"zoltan-ildiko","status":"publish","type":"product","link":"https:\/\/uj.adatbank.ro\/lexikon\/termek\/zoltan-ildiko\/","title":{"rendered":"ZOLT\u00c1N Ildik\u00f3"},"content":{"rendered":"<p>Nagyajta, 1934., \u2020 Mv., 2021. j\u00fal. 7.: tan\u00e1r. \u2013Tanult Brass\u00f3ban, Mv.-en a volt a 4-es sz. Le\u00e1ny-k\u00f6z\u00e9piskol\u00e1ban \u00e9retts\u00e9gizett. Kv.-on a Bolyai TE-en magyar tan\u00e1ri szakon v\u00e9gzett. Magyartan\u00e1r a Bolyai Farkas L\u00edc.-ban.  <strong>t\u00e1rssz.:<\/strong> Magyar tank\u00f6nyv V. oszt. sz\u00e1m\u00e1ra \/ Bukaresti Erzs\u00e9bettel \u00e9s S\u00fct\u0151 Andr\u00e1ssal (1960 k.); 2019.kar\u00e1csonyi lev\u00e9l a t\u00falvil\u00e1gra = Kirsch. <br \/><strong>\u2013 Irod.:<\/strong> In memoriam Zolt\u00e1n Ildik\u00f3 (N\u00fa., 2021. j\u00fal. 8.); RMIL, 5\/2.<\/br><\/p>\n","protected":false},"excerpt":{"rendered":"<p>Nagyajta, 1934., \u2020 Mv., 2021. j\u00fal. 7.: tan\u00e1r. \u2013Tanult Brass\u00f3ban, Mv.-en a volt a 4-es sz. Le\u00e1ny-k\u00f6z\u00e9piskol\u00e1ban \u00e9retts\u00e9gizett. Kv.-on a Bolyai TE-en magyar tan\u00e1ri szakon v\u00e9gzett. Magyartan\u00e1r a Bolyai Farkas L\u00edc.-ban. t\u00e1rssz.: Magyar tank\u00f6nyv V. oszt. sz\u00e1m\u00e1ra \/ Bukaresti Erzs\u00e9bettel \u00e9s S\u00fct\u0151 Andr\u00e1ssal (1960 k.); 2019.kar\u00e1csonyi lev\u00e9l a t\u00falvil\u00e1gra = Kirsch. \u2013 Irod.: In memoriam [&hellip;]<\/p>\n","protected":false},"featured_media":0,"comment_status":"open","ping_status":"closed","template":"","meta":[],"product_brand":[],"product_cat":[137],"product_tag":[],"class_list":{"0":"post-25168","1":"product","2":"type-product","3":"status-publish","5":"product_cat-maros-megyei-eletrajzi-lexikon","7":"first","8":"instock","9":"shipping-taxable","10":"product-type-simple"},"_links":{"self":[{"href":"https:\/\/uj.adatbank.ro\/lexikon\/wp-json\/wp\/v2\/product\/25168","targetHints":{"allow":["GET"]}}],"collection":[{"href":"https:\/\/uj.adatbank.ro\/lexikon\/wp-json\/wp\/v2\/product"}],"about":[{"href":"https:\/\/uj.adatbank.ro\/lexikon\/wp-json\/wp\/v2\/types\/product"}],"replies":[{"embeddable":true,"href":"https:\/\/uj.adatbank.ro\/lexikon\/wp-json\/wp\/v2\/comments?post=25168"}],"wp:attachment":[{"href":"https:\/\/uj.adatbank.ro\/lexikon\/wp-json\/wp\/v2\/media?parent=25168"}],"wp:term":[{"taxonomy":"product_brand","embeddable":true,"href":"https:\/\/uj.adatbank.ro\/lexikon\/wp-json\/wp\/v2\/product_brand?post=25168"},{"taxonomy":"product_cat","embeddable":true,"href":"https:\/\/uj.adatbank.ro\/lexikon\/wp-json\/wp\/v2\/product_cat?post=25168"},{"taxonomy":"product_tag","embeddable":true,"href":"https:\/\/uj.adatbank.ro\/lexikon\/wp-json\/wp\/v2\/product_tag?post=25168"}],"curies":[{"name":"wp","href":"https:\/\/api.w.org\/{rel}","templated":true}]}}