{"id":25170,"date":"2025-08-01T18:35:45","date_gmt":"2025-08-01T16:35:45","guid":{"rendered":"https:\/\/uj.adatbank.ro\/lexikon\/termek\/zoltan-imre-2\/"},"modified":"2025-08-01T18:35:45","modified_gmt":"2025-08-01T16:35:45","slug":"zoltan-imre-2","status":"publish","type":"product","link":"https:\/\/uj.adatbank.ro\/lexikon\/termek\/zoltan-imre-2\/","title":{"rendered":"ZOLT\u00c1N Imre"},"content":{"rendered":"<p>1928., \u2020\u00a01978.: orvos. \u2013 A MOGYI orvos kar\u00e1n diplom\u00e1zott (1953). Sz\u00fcl\u00e9sz-n\u0151gy\u00f3gy\u00e1sz szakorvos a mv.-i klinik\u00e1n, az Anat\u00f3mia katedr\u00e1n is dolgozott. Sz\u00e1szr\u00e9genben k\u00f3rh\u00e1zi sz\u00fcl\u00e9sz-n\u0151gy\u00f3gy\u00e1sz (1958\u2013). <br \/><strong>\u2013 Irod.:<\/strong> Kiss\u2013P\u00e9terffy\u2013P\u00e9terffy.<\/br><\/p>\n","protected":false},"excerpt":{"rendered":"<p>1928., \u2020\u00a01978.: orvos. \u2013 A MOGYI orvos kar\u00e1n diplom\u00e1zott (1953). Sz\u00fcl\u00e9sz-n\u0151gy\u00f3gy\u00e1sz szakorvos a mv.-i klinik\u00e1n, az Anat\u00f3mia katedr\u00e1n is dolgozott. Sz\u00e1szr\u00e9genben k\u00f3rh\u00e1zi sz\u00fcl\u00e9sz-n\u0151gy\u00f3gy\u00e1sz (1958\u2013). \u2013 Irod.: Kiss\u2013P\u00e9terffy\u2013P\u00e9terffy.<\/p>\n","protected":false},"featured_media":0,"comment_status":"open","ping_status":"closed","template":"","meta":[],"product_brand":[],"product_cat":[137],"product_tag":[],"class_list":{"0":"post-25170","1":"product","2":"type-product","3":"status-publish","5":"product_cat-maros-megyei-eletrajzi-lexikon","7":"first","8":"instock","9":"shipping-taxable","10":"product-type-simple"},"_links":{"self":[{"href":"https:\/\/uj.adatbank.ro\/lexikon\/wp-json\/wp\/v2\/product\/25170","targetHints":{"allow":["GET"]}}],"collection":[{"href":"https:\/\/uj.adatbank.ro\/lexikon\/wp-json\/wp\/v2\/product"}],"about":[{"href":"https:\/\/uj.adatbank.ro\/lexikon\/wp-json\/wp\/v2\/types\/product"}],"replies":[{"embeddable":true,"href":"https:\/\/uj.adatbank.ro\/lexikon\/wp-json\/wp\/v2\/comments?post=25170"}],"wp:attachment":[{"href":"https:\/\/uj.adatbank.ro\/lexikon\/wp-json\/wp\/v2\/media?parent=25170"}],"wp:term":[{"taxonomy":"product_brand","embeddable":true,"href":"https:\/\/uj.adatbank.ro\/lexikon\/wp-json\/wp\/v2\/product_brand?post=25170"},{"taxonomy":"product_cat","embeddable":true,"href":"https:\/\/uj.adatbank.ro\/lexikon\/wp-json\/wp\/v2\/product_cat?post=25170"},{"taxonomy":"product_tag","embeddable":true,"href":"https:\/\/uj.adatbank.ro\/lexikon\/wp-json\/wp\/v2\/product_tag?post=25170"}],"curies":[{"name":"wp","href":"https:\/\/api.w.org\/{rel}","templated":true}]}}