{"id":25172,"date":"2025-08-01T18:35:50","date_gmt":"2025-08-01T16:35:50","guid":{"rendered":"https:\/\/uj.adatbank.ro\/lexikon\/termek\/zoltani-mihaly\/"},"modified":"2025-08-01T18:35:50","modified_gmt":"2025-08-01T16:35:50","slug":"zoltani-mihaly","status":"publish","type":"product","link":"https:\/\/uj.adatbank.ro\/lexikon\/termek\/zoltani-mihaly\/","title":{"rendered":"ZOLT\u00c1NI Mih\u00e1ly"},"content":{"rendered":"<p>? \u2020\u00a0?: adom\u00e1nyoz\u00f3. \u2013 Feles\u00e9ge: Bar Kata. \u2013 A sz\u00e9kelykakasdi ref. ekl\u00e9zsi\u00e1nak aranyos ez\u00fcst poharat aj\u00e1nd\u00e9koztak, amire a nev\u00fcket is felv\u00e9ste a m\u0171vesmester (1707. okt. 3.).<\/br><\/p>\n","protected":false},"excerpt":{"rendered":"<p>? \u2020\u00a0?: adom\u00e1nyoz\u00f3. \u2013 Feles\u00e9ge: Bar Kata. \u2013 A sz\u00e9kelykakasdi ref. ekl\u00e9zsi\u00e1nak aranyos ez\u00fcst poharat aj\u00e1nd\u00e9koztak, amire a nev\u00fcket is felv\u00e9ste a m\u0171vesmester (1707. okt. 3.).<\/p>\n","protected":false},"featured_media":0,"comment_status":"open","ping_status":"closed","template":"","meta":[],"product_brand":[],"product_cat":[137],"product_tag":[],"class_list":{"0":"post-25172","1":"product","2":"type-product","3":"status-publish","5":"product_cat-maros-megyei-eletrajzi-lexikon","7":"first","8":"instock","9":"shipping-taxable","10":"product-type-simple"},"_links":{"self":[{"href":"https:\/\/uj.adatbank.ro\/lexikon\/wp-json\/wp\/v2\/product\/25172","targetHints":{"allow":["GET"]}}],"collection":[{"href":"https:\/\/uj.adatbank.ro\/lexikon\/wp-json\/wp\/v2\/product"}],"about":[{"href":"https:\/\/uj.adatbank.ro\/lexikon\/wp-json\/wp\/v2\/types\/product"}],"replies":[{"embeddable":true,"href":"https:\/\/uj.adatbank.ro\/lexikon\/wp-json\/wp\/v2\/comments?post=25172"}],"wp:attachment":[{"href":"https:\/\/uj.adatbank.ro\/lexikon\/wp-json\/wp\/v2\/media?parent=25172"}],"wp:term":[{"taxonomy":"product_brand","embeddable":true,"href":"https:\/\/uj.adatbank.ro\/lexikon\/wp-json\/wp\/v2\/product_brand?post=25172"},{"taxonomy":"product_cat","embeddable":true,"href":"https:\/\/uj.adatbank.ro\/lexikon\/wp-json\/wp\/v2\/product_cat?post=25172"},{"taxonomy":"product_tag","embeddable":true,"href":"https:\/\/uj.adatbank.ro\/lexikon\/wp-json\/wp\/v2\/product_tag?post=25172"}],"curies":[{"name":"wp","href":"https:\/\/api.w.org\/{rel}","templated":true}]}}