{"id":25175,"date":"2025-08-01T18:35:57","date_gmt":"2025-08-01T16:35:57","guid":{"rendered":"https:\/\/uj.adatbank.ro\/lexikon\/termek\/zolyomi-david\/"},"modified":"2025-08-01T18:35:57","modified_gmt":"2025-08-01T16:35:57","slug":"zolyomi-david","status":"publish","type":"product","link":"https:\/\/uj.adatbank.ro\/lexikon\/termek\/zolyomi-david\/","title":{"rendered":"Z\u00d3LYOMI D\u00e1vid"},"content":{"rendered":"<p>? \u2020\u00a0?: f\u0151\u00far. \u2013 I. R\u00e1k\u00f3czi Gy\u00f6rgy elfogatta a K\u00f6peczi-h\u00e1zban, azzal v\u00e1dolta, hogy p\u00e1rtot \u00fct\u00f6tt ellene, \u00e9s K\u0151v\u00e1rra k\u00fcldette. Parancsot adott, hogy hadait oszlass\u00e1k fel (1633). <br \/><strong>\u2013 Irod.:<\/strong> Id\u0151t\u00e1r 1.<\/br><\/p>\n","protected":false},"excerpt":{"rendered":"<p>? \u2020\u00a0?: f\u0151\u00far. \u2013 I. R\u00e1k\u00f3czi Gy\u00f6rgy elfogatta a K\u00f6peczi-h\u00e1zban, azzal v\u00e1dolta, hogy p\u00e1rtot \u00fct\u00f6tt ellene, \u00e9s K\u0151v\u00e1rra k\u00fcldette. Parancsot adott, hogy hadait oszlass\u00e1k fel (1633). \u2013 Irod.: Id\u0151t\u00e1r 1.<\/p>\n","protected":false},"featured_media":0,"comment_status":"open","ping_status":"closed","template":"","meta":[],"product_brand":[],"product_cat":[137],"product_tag":[],"class_list":{"0":"post-25175","1":"product","2":"type-product","3":"status-publish","5":"product_cat-maros-megyei-eletrajzi-lexikon","7":"first","8":"instock","9":"shipping-taxable","10":"product-type-simple"},"_links":{"self":[{"href":"https:\/\/uj.adatbank.ro\/lexikon\/wp-json\/wp\/v2\/product\/25175","targetHints":{"allow":["GET"]}}],"collection":[{"href":"https:\/\/uj.adatbank.ro\/lexikon\/wp-json\/wp\/v2\/product"}],"about":[{"href":"https:\/\/uj.adatbank.ro\/lexikon\/wp-json\/wp\/v2\/types\/product"}],"replies":[{"embeddable":true,"href":"https:\/\/uj.adatbank.ro\/lexikon\/wp-json\/wp\/v2\/comments?post=25175"}],"wp:attachment":[{"href":"https:\/\/uj.adatbank.ro\/lexikon\/wp-json\/wp\/v2\/media?parent=25175"}],"wp:term":[{"taxonomy":"product_brand","embeddable":true,"href":"https:\/\/uj.adatbank.ro\/lexikon\/wp-json\/wp\/v2\/product_brand?post=25175"},{"taxonomy":"product_cat","embeddable":true,"href":"https:\/\/uj.adatbank.ro\/lexikon\/wp-json\/wp\/v2\/product_cat?post=25175"},{"taxonomy":"product_tag","embeddable":true,"href":"https:\/\/uj.adatbank.ro\/lexikon\/wp-json\/wp\/v2\/product_tag?post=25175"}],"curies":[{"name":"wp","href":"https:\/\/api.w.org\/{rel}","templated":true}]}}