{"id":25178,"date":"2025-08-01T18:36:06","date_gmt":"2025-08-01T16:36:06","guid":{"rendered":"https:\/\/uj.adatbank.ro\/lexikon\/termek\/zombori-arvai-gizella-zombori-ilona\/"},"modified":"2025-08-01T18:36:06","modified_gmt":"2025-08-01T16:36:06","slug":"zombori-arvai-gizella-zombori-ilona","status":"publish","type":"product","link":"https:\/\/uj.adatbank.ro\/lexikon\/termek\/zombori-arvai-gizella-zombori-ilona\/","title":{"rendered":"ZOMBORI \u00c1RVAI Gizella; Zombori Ilona"},"content":{"rendered":"<p>Mv., 1856, \u2020 ?,: n\u00e9psz\u00ednm\u0171\u00e9nekes. \u2013 P\u00e1ly\u00e1ja kezdete (1872\u201374), t\u00f6bbsz\u00f6r szerz\u0151dtette a N\u00e9psz\u00ednh\u00e1z, de a f\u0151v\u00e1rosban nem tudott \u00e1t\u00fct\u0151 sikert el\u00e9rni. A vid\u00e9ki sz\u00edn\u00e9szet kedvelt tagja volt. J\u00e1tszott: Dunaf\u00f6ldv\u00e1ron (1874); Bp.-en: N\u00e9psz\u00ednh\u00e1z (1875\u201376; 1883\u201386); Mikl\u00f3sy Gyula (1877\u201378); Nagy Mih\u00e1ly (1878\u201379); Szatm\u00e1ron (1879\u201380); Szabadk\u00e1n (1880\u201381); Gy\u0151rben (1886\u201388). Az 1880-as \u00e9vek v\u00e9g\u00e9n Zombori Ilona n\u00e9ven m\u0171k\u00f6d\u00f6tt nyugd\u00edjba vonul\u00e1s\u00e1ig (1917). \u2013 <strong>F. sz.:<\/strong>: Zenobia (Mill\u00f6cker: Gasparone); Varg\u00e1n\u00e9 (Berczik: A v\u00e9n kupec); Csapl\u00e1rn\u00e9 (Vahot: Husz\u00e1rcs\u00edny). <br \/><strong>\u2013 Irod.:<\/strong> MSZL.<\/br><\/p>\n","protected":false},"excerpt":{"rendered":"<p>Mv., 1856, \u2020 ?,: n\u00e9psz\u00ednm\u0171\u00e9nekes. \u2013 P\u00e1ly\u00e1ja kezdete (1872\u201374), t\u00f6bbsz\u00f6r szerz\u0151dtette a N\u00e9psz\u00ednh\u00e1z, de a f\u0151v\u00e1rosban nem tudott \u00e1t\u00fct\u0151 sikert el\u00e9rni. A vid\u00e9ki sz\u00edn\u00e9szet kedvelt tagja volt. J\u00e1tszott: Dunaf\u00f6ldv\u00e1ron (1874); Bp.-en: N\u00e9psz\u00ednh\u00e1z (1875\u201376; 1883\u201386); Mikl\u00f3sy Gyula (1877\u201378); Nagy Mih\u00e1ly (1878\u201379); Szatm\u00e1ron (1879\u201380); Szabadk\u00e1n (1880\u201381); Gy\u0151rben (1886\u201388). Az 1880-as \u00e9vek v\u00e9g\u00e9n Zombori Ilona n\u00e9ven m\u0171k\u00f6d\u00f6tt nyugd\u00edjba [&hellip;]<\/p>\n","protected":false},"featured_media":0,"comment_status":"open","ping_status":"closed","template":"","meta":[],"product_brand":[],"product_cat":[137],"product_tag":[],"class_list":{"0":"post-25178","1":"product","2":"type-product","3":"status-publish","5":"product_cat-maros-megyei-eletrajzi-lexikon","7":"first","8":"instock","9":"shipping-taxable","10":"product-type-simple"},"_links":{"self":[{"href":"https:\/\/uj.adatbank.ro\/lexikon\/wp-json\/wp\/v2\/product\/25178","targetHints":{"allow":["GET"]}}],"collection":[{"href":"https:\/\/uj.adatbank.ro\/lexikon\/wp-json\/wp\/v2\/product"}],"about":[{"href":"https:\/\/uj.adatbank.ro\/lexikon\/wp-json\/wp\/v2\/types\/product"}],"replies":[{"embeddable":true,"href":"https:\/\/uj.adatbank.ro\/lexikon\/wp-json\/wp\/v2\/comments?post=25178"}],"wp:attachment":[{"href":"https:\/\/uj.adatbank.ro\/lexikon\/wp-json\/wp\/v2\/media?parent=25178"}],"wp:term":[{"taxonomy":"product_brand","embeddable":true,"href":"https:\/\/uj.adatbank.ro\/lexikon\/wp-json\/wp\/v2\/product_brand?post=25178"},{"taxonomy":"product_cat","embeddable":true,"href":"https:\/\/uj.adatbank.ro\/lexikon\/wp-json\/wp\/v2\/product_cat?post=25178"},{"taxonomy":"product_tag","embeddable":true,"href":"https:\/\/uj.adatbank.ro\/lexikon\/wp-json\/wp\/v2\/product_tag?post=25178"}],"curies":[{"name":"wp","href":"https:\/\/api.w.org\/{rel}","templated":true}]}}