{"id":25180,"date":"2025-08-01T18:36:10","date_gmt":"2025-08-01T16:36:10","guid":{"rendered":"https:\/\/uj.adatbank.ro\/lexikon\/termek\/zombori-mihaly-p\/"},"modified":"2025-08-01T18:36:10","modified_gmt":"2025-08-01T16:36:10","slug":"zombori-mihaly-p","status":"publish","type":"product","link":"https:\/\/uj.adatbank.ro\/lexikon\/termek\/zombori-mihaly-p\/","title":{"rendered":"ZOMBORI Mih\u00e1ly, P."},"content":{"rendered":"<p>Sz\u00e9kelyudvarhely, 1654., \u2020\u00a0Mikh\u00e1za, 1691. j\u00fal. 6.: ferences szerzetes. \u2013 Be\u00f6lt\u00f6z\u00f6tt (1676. szept. 17.), felszentelt\u00e9k (1684 el\u0151tt). <br \/><strong>\u2013 Irod.:<\/strong> Gy\u00f6rgy: A ferencrendiek.<\/br><\/p>\n","protected":false},"excerpt":{"rendered":"<p>Sz\u00e9kelyudvarhely, 1654., \u2020\u00a0Mikh\u00e1za, 1691. j\u00fal. 6.: ferences szerzetes. \u2013 Be\u00f6lt\u00f6z\u00f6tt (1676. szept. 17.), felszentelt\u00e9k (1684 el\u0151tt). \u2013 Irod.: Gy\u00f6rgy: A ferencrendiek.<\/p>\n","protected":false},"featured_media":0,"comment_status":"open","ping_status":"closed","template":"","meta":[],"product_brand":[],"product_cat":[137],"product_tag":[],"class_list":{"0":"post-25180","1":"product","2":"type-product","3":"status-publish","5":"product_cat-maros-megyei-eletrajzi-lexikon","7":"first","8":"instock","9":"shipping-taxable","10":"product-type-simple"},"_links":{"self":[{"href":"https:\/\/uj.adatbank.ro\/lexikon\/wp-json\/wp\/v2\/product\/25180","targetHints":{"allow":["GET"]}}],"collection":[{"href":"https:\/\/uj.adatbank.ro\/lexikon\/wp-json\/wp\/v2\/product"}],"about":[{"href":"https:\/\/uj.adatbank.ro\/lexikon\/wp-json\/wp\/v2\/types\/product"}],"replies":[{"embeddable":true,"href":"https:\/\/uj.adatbank.ro\/lexikon\/wp-json\/wp\/v2\/comments?post=25180"}],"wp:attachment":[{"href":"https:\/\/uj.adatbank.ro\/lexikon\/wp-json\/wp\/v2\/media?parent=25180"}],"wp:term":[{"taxonomy":"product_brand","embeddable":true,"href":"https:\/\/uj.adatbank.ro\/lexikon\/wp-json\/wp\/v2\/product_brand?post=25180"},{"taxonomy":"product_cat","embeddable":true,"href":"https:\/\/uj.adatbank.ro\/lexikon\/wp-json\/wp\/v2\/product_cat?post=25180"},{"taxonomy":"product_tag","embeddable":true,"href":"https:\/\/uj.adatbank.ro\/lexikon\/wp-json\/wp\/v2\/product_tag?post=25180"}],"curies":[{"name":"wp","href":"https:\/\/api.w.org\/{rel}","templated":true}]}}