{"id":25183,"date":"2025-08-01T18:36:17","date_gmt":"2025-08-01T16:36:17","guid":{"rendered":"https:\/\/uj.adatbank.ro\/lexikon\/termek\/zomey-karoly\/"},"modified":"2025-08-01T18:36:17","modified_gmt":"2025-08-01T16:36:17","slug":"zomey-karoly","status":"publish","type":"product","link":"https:\/\/uj.adatbank.ro\/lexikon\/termek\/zomey-karoly\/","title":{"rendered":"Z\u00d6MEY K\u00e1roly"},"content":{"rendered":"<p>1868.\u00a0? \u2020\u00a0Mv., 1935. m\u00e1rc. 18.: vas\u00fati \u00e1ll. el\u00f6lj\u00e1r\u00f3. \u2013 Feles\u00e9ge: Sz\u00e1mh\u00e1ber Anna (1872? \u2013 Mv., 1935. nov. 11.). Gyermekeik: Z. Piroska; Aranka \u2013 Marcziny\u00e1k Lajosn\u00e9; J\u00f3zsef, feles\u00e9ge Macsek Roz\u00e1lia; K\u00e1roly; Upuka dr. Thur\u00f3czy \u00c1kos; Istv\u00e1n. <br \/><strong>\u2013 Irod.:<\/strong> Gy\u00e1szjelent\u0151.<\/br><\/p>\n","protected":false},"excerpt":{"rendered":"<p>1868.\u00a0? \u2020\u00a0Mv., 1935. m\u00e1rc. 18.: vas\u00fati \u00e1ll. el\u00f6lj\u00e1r\u00f3. \u2013 Feles\u00e9ge: Sz\u00e1mh\u00e1ber Anna (1872? \u2013 Mv., 1935. nov. 11.). Gyermekeik: Z. Piroska; Aranka \u2013 Marcziny\u00e1k Lajosn\u00e9; J\u00f3zsef, feles\u00e9ge Macsek Roz\u00e1lia; K\u00e1roly; Upuka dr. Thur\u00f3czy \u00c1kos; Istv\u00e1n. \u2013 Irod.: Gy\u00e1szjelent\u0151.<\/p>\n","protected":false},"featured_media":0,"comment_status":"open","ping_status":"closed","template":"","meta":[],"product_brand":[],"product_cat":[137],"product_tag":[],"class_list":{"0":"post-25183","1":"product","2":"type-product","3":"status-publish","5":"product_cat-maros-megyei-eletrajzi-lexikon","7":"first","8":"instock","9":"shipping-taxable","10":"product-type-simple"},"_links":{"self":[{"href":"https:\/\/uj.adatbank.ro\/lexikon\/wp-json\/wp\/v2\/product\/25183","targetHints":{"allow":["GET"]}}],"collection":[{"href":"https:\/\/uj.adatbank.ro\/lexikon\/wp-json\/wp\/v2\/product"}],"about":[{"href":"https:\/\/uj.adatbank.ro\/lexikon\/wp-json\/wp\/v2\/types\/product"}],"replies":[{"embeddable":true,"href":"https:\/\/uj.adatbank.ro\/lexikon\/wp-json\/wp\/v2\/comments?post=25183"}],"wp:attachment":[{"href":"https:\/\/uj.adatbank.ro\/lexikon\/wp-json\/wp\/v2\/media?parent=25183"}],"wp:term":[{"taxonomy":"product_brand","embeddable":true,"href":"https:\/\/uj.adatbank.ro\/lexikon\/wp-json\/wp\/v2\/product_brand?post=25183"},{"taxonomy":"product_cat","embeddable":true,"href":"https:\/\/uj.adatbank.ro\/lexikon\/wp-json\/wp\/v2\/product_cat?post=25183"},{"taxonomy":"product_tag","embeddable":true,"href":"https:\/\/uj.adatbank.ro\/lexikon\/wp-json\/wp\/v2\/product_tag?post=25183"}],"curies":[{"name":"wp","href":"https:\/\/api.w.org\/{rel}","templated":true}]}}