{"id":25185,"date":"2025-08-01T18:36:20","date_gmt":"2025-08-01T16:36:20","guid":{"rendered":"https:\/\/uj.adatbank.ro\/lexikon\/termek\/zongor\/"},"modified":"2025-08-01T18:36:20","modified_gmt":"2025-08-01T16:36:20","slug":"zongor","status":"publish","type":"product","link":"https:\/\/uj.adatbank.ro\/lexikon\/termek\/zongor\/","title":{"rendered":"ZONGOR"},"content":{"rendered":"<p>K\u00f6lp\u00e9nyi csal\u00e1d. A Zongor csal\u00e1d eredete messze ny\u00falik. Nev\u00fck a solym\u00e1r mesters\u00e9ggel van kapcsolatban. Egyik \u0151s\u00fck (1606\u201323) Nyitra megy\u00e9ben volt megyei tisztvisel\u0151, majd a v\u00e1ci p\u00fcsp\u00f6ks\u00e9get szolg\u00e1lta. A csal\u00e1d \u00faj nemeslevelet kapott (1718) b\u0151di el\u0151n\u00e9vvel. Mez\u0151k\u00f6lp\u00e9nyben jegyezt\u00e9k fel a csal\u00e1d egy tagj\u00e1t (1794) mint kir. t\u00e1bl\u00e1s \u00fcgyv\u00e9det. Z. M\u00e1t\u00e9 pixid\u00e1rius, k\u00f6lp\u00e9nyi h\u0151s a bocsoki birtokos (1606); Z. G\u00e1sp\u00e1r primipilusi levelet nyert R\u00e1k\u00f3czi Gy\u00f6rgyt\u0151l (1655); Z. Zsigmond nemesi igazolv\u00e1nyt kapott (1800. j\u00fal. 3.). <br \/><strong>\u2013 Irod.:<\/strong> Keresztes Gyula: \u00d6r\u00f6ks\u00e9g\u00fcnk 60.: A mez\u0151s\u00e9g udvarh\u00e1zai (N\u00fa., 1994. j\u00fal. 29.); P\u00e1lmay, Sipos.<\/br><\/p>\n","protected":false},"excerpt":{"rendered":"<p>K\u00f6lp\u00e9nyi csal\u00e1d. A Zongor csal\u00e1d eredete messze ny\u00falik. Nev\u00fck a solym\u00e1r mesters\u00e9ggel van kapcsolatban. Egyik \u0151s\u00fck (1606\u201323) Nyitra megy\u00e9ben volt megyei tisztvisel\u0151, majd a v\u00e1ci p\u00fcsp\u00f6ks\u00e9get szolg\u00e1lta. A csal\u00e1d \u00faj nemeslevelet kapott (1718) b\u0151di el\u0151n\u00e9vvel. Mez\u0151k\u00f6lp\u00e9nyben jegyezt\u00e9k fel a csal\u00e1d egy tagj\u00e1t (1794) mint kir. t\u00e1bl\u00e1s \u00fcgyv\u00e9det. Z. M\u00e1t\u00e9 pixid\u00e1rius, k\u00f6lp\u00e9nyi h\u0151s a bocsoki birtokos [&hellip;]<\/p>\n","protected":false},"featured_media":0,"comment_status":"open","ping_status":"closed","template":"","meta":[],"product_brand":[],"product_cat":[137],"product_tag":[],"class_list":{"0":"post-25185","1":"product","2":"type-product","3":"status-publish","5":"product_cat-maros-megyei-eletrajzi-lexikon","7":"first","8":"instock","9":"shipping-taxable","10":"product-type-simple"},"_links":{"self":[{"href":"https:\/\/uj.adatbank.ro\/lexikon\/wp-json\/wp\/v2\/product\/25185","targetHints":{"allow":["GET"]}}],"collection":[{"href":"https:\/\/uj.adatbank.ro\/lexikon\/wp-json\/wp\/v2\/product"}],"about":[{"href":"https:\/\/uj.adatbank.ro\/lexikon\/wp-json\/wp\/v2\/types\/product"}],"replies":[{"embeddable":true,"href":"https:\/\/uj.adatbank.ro\/lexikon\/wp-json\/wp\/v2\/comments?post=25185"}],"wp:attachment":[{"href":"https:\/\/uj.adatbank.ro\/lexikon\/wp-json\/wp\/v2\/media?parent=25185"}],"wp:term":[{"taxonomy":"product_brand","embeddable":true,"href":"https:\/\/uj.adatbank.ro\/lexikon\/wp-json\/wp\/v2\/product_brand?post=25185"},{"taxonomy":"product_cat","embeddable":true,"href":"https:\/\/uj.adatbank.ro\/lexikon\/wp-json\/wp\/v2\/product_cat?post=25185"},{"taxonomy":"product_tag","embeddable":true,"href":"https:\/\/uj.adatbank.ro\/lexikon\/wp-json\/wp\/v2\/product_tag?post=25185"}],"curies":[{"name":"wp","href":"https:\/\/api.w.org\/{rel}","templated":true}]}}