{"id":25188,"date":"2025-08-01T18:36:27","date_gmt":"2025-08-01T16:36:27","guid":{"rendered":"https:\/\/uj.adatbank.ro\/lexikon\/termek\/zongor-gyula\/"},"modified":"2025-08-01T18:36:27","modified_gmt":"2025-08-01T16:36:27","slug":"zongor-gyula","status":"publish","type":"product","link":"https:\/\/uj.adatbank.ro\/lexikon\/termek\/zongor-gyula\/","title":{"rendered":"ZONGOR Gyula"},"content":{"rendered":"<p>? \u2020\u00a0?: f\u00f6ldbirtokos. \u2013 A f\u00f6ldbirtokos csal\u00e1d utols\u00f3 tagja, akit\u0151l elvett\u00e9k a mez\u0151s\u00e1msondi birtokot \u00e1llamos\u00edt\u00e1skor. K\u00fari\u00e1j\u00e1t az \u00e1llamos\u00edt\u00e1s ut\u00e1n iskol\u00e1nak, majd \u00e1llatorvosi rendel\u0151nek haszn\u00e1lt\u00e1k, ma tejfeldolgoz\u00f3 kis\u00fczem m\u0171k\u00f6dik benne. <br \/><strong>\u2013 Irod.:<\/strong> Keresztes Gyula: \u00d6r\u00f6ks\u00e9g\u00fcnk 60.: A mez\u0151s\u00e9g udvarh\u00e1zai (N\u00fa., 1994. j\u00fal. 29.); Sepsisz\u00e9ki.<\/br><\/p>\n","protected":false},"excerpt":{"rendered":"<p>? \u2020\u00a0?: f\u00f6ldbirtokos. \u2013 A f\u00f6ldbirtokos csal\u00e1d utols\u00f3 tagja, akit\u0151l elvett\u00e9k a mez\u0151s\u00e1msondi birtokot \u00e1llamos\u00edt\u00e1skor. K\u00fari\u00e1j\u00e1t az \u00e1llamos\u00edt\u00e1s ut\u00e1n iskol\u00e1nak, majd \u00e1llatorvosi rendel\u0151nek haszn\u00e1lt\u00e1k, ma tejfeldolgoz\u00f3 kis\u00fczem m\u0171k\u00f6dik benne. \u2013 Irod.: Keresztes Gyula: \u00d6r\u00f6ks\u00e9g\u00fcnk 60.: A mez\u0151s\u00e9g udvarh\u00e1zai (N\u00fa., 1994. j\u00fal. 29.); Sepsisz\u00e9ki.<\/p>\n","protected":false},"featured_media":0,"comment_status":"open","ping_status":"closed","template":"","meta":[],"product_brand":[],"product_cat":[137],"product_tag":[],"class_list":{"0":"post-25188","1":"product","2":"type-product","3":"status-publish","5":"product_cat-maros-megyei-eletrajzi-lexikon","7":"first","8":"instock","9":"shipping-taxable","10":"product-type-simple"},"_links":{"self":[{"href":"https:\/\/uj.adatbank.ro\/lexikon\/wp-json\/wp\/v2\/product\/25188","targetHints":{"allow":["GET"]}}],"collection":[{"href":"https:\/\/uj.adatbank.ro\/lexikon\/wp-json\/wp\/v2\/product"}],"about":[{"href":"https:\/\/uj.adatbank.ro\/lexikon\/wp-json\/wp\/v2\/types\/product"}],"replies":[{"embeddable":true,"href":"https:\/\/uj.adatbank.ro\/lexikon\/wp-json\/wp\/v2\/comments?post=25188"}],"wp:attachment":[{"href":"https:\/\/uj.adatbank.ro\/lexikon\/wp-json\/wp\/v2\/media?parent=25188"}],"wp:term":[{"taxonomy":"product_brand","embeddable":true,"href":"https:\/\/uj.adatbank.ro\/lexikon\/wp-json\/wp\/v2\/product_brand?post=25188"},{"taxonomy":"product_cat","embeddable":true,"href":"https:\/\/uj.adatbank.ro\/lexikon\/wp-json\/wp\/v2\/product_cat?post=25188"},{"taxonomy":"product_tag","embeddable":true,"href":"https:\/\/uj.adatbank.ro\/lexikon\/wp-json\/wp\/v2\/product_tag?post=25188"}],"curies":[{"name":"wp","href":"https:\/\/api.w.org\/{rel}","templated":true}]}}