{"id":25191,"date":"2025-08-01T18:36:32","date_gmt":"2025-08-01T16:36:32","guid":{"rendered":"https:\/\/uj.adatbank.ro\/lexikon\/termek\/zongor-istvan-2\/"},"modified":"2025-08-01T18:36:32","modified_gmt":"2025-08-01T16:36:32","slug":"zongor-istvan-2","status":"publish","type":"product","link":"https:\/\/uj.adatbank.ro\/lexikon\/termek\/zongor-istvan-2\/","title":{"rendered":"ZONGOR Istv\u00e1n"},"content":{"rendered":"<p>? \u2020\u00a0Mv., 1992.: fogtechnikus. \u2013 L\u00e1szl\u00f3 fia. Feles\u00e9ge Naphegyi Roz\u00e1lia, n\u00e9gy gyermek\u00fck volt. Istv\u00e1n sz\u00edniakad\u00e9mi\u00e1t v\u00e9gzett \u00e9s sz\u00edn\u00e9sz Mv.-en. L\u00e1szl\u00f3 a m\u0171v\u00e9szeti k\u00f6z\u00e9piskol\u00e1t v\u00e9gezte el, majd f\u00e9mmunk\u00e1t tanult, m\u0171helyt nyitott (1990) lakatosmunk\u00e1k, kov\u00e1csolt vast\u00e1rgyak k\u00e9sz\u00edt\u00e9s\u00e9re. A Kistemplomban presbiter. <br \/><strong>\u2013 Irod.:<\/strong> Sipos.<\/br><\/p>\n","protected":false},"excerpt":{"rendered":"<p>? \u2020\u00a0Mv., 1992.: fogtechnikus. \u2013 L\u00e1szl\u00f3 fia. Feles\u00e9ge Naphegyi Roz\u00e1lia, n\u00e9gy gyermek\u00fck volt. Istv\u00e1n sz\u00edniakad\u00e9mi\u00e1t v\u00e9gzett \u00e9s sz\u00edn\u00e9sz Mv.-en. L\u00e1szl\u00f3 a m\u0171v\u00e9szeti k\u00f6z\u00e9piskol\u00e1t v\u00e9gezte el, majd f\u00e9mmunk\u00e1t tanult, m\u0171helyt nyitott (1990) lakatosmunk\u00e1k, kov\u00e1csolt vast\u00e1rgyak k\u00e9sz\u00edt\u00e9s\u00e9re. A Kistemplomban presbiter. \u2013 Irod.: Sipos.<\/p>\n","protected":false},"featured_media":0,"comment_status":"open","ping_status":"closed","template":"","meta":[],"product_brand":[],"product_cat":[137],"product_tag":[],"class_list":{"0":"post-25191","1":"product","2":"type-product","3":"status-publish","5":"product_cat-maros-megyei-eletrajzi-lexikon","7":"first","8":"instock","9":"shipping-taxable","10":"product-type-simple"},"_links":{"self":[{"href":"https:\/\/uj.adatbank.ro\/lexikon\/wp-json\/wp\/v2\/product\/25191","targetHints":{"allow":["GET"]}}],"collection":[{"href":"https:\/\/uj.adatbank.ro\/lexikon\/wp-json\/wp\/v2\/product"}],"about":[{"href":"https:\/\/uj.adatbank.ro\/lexikon\/wp-json\/wp\/v2\/types\/product"}],"replies":[{"embeddable":true,"href":"https:\/\/uj.adatbank.ro\/lexikon\/wp-json\/wp\/v2\/comments?post=25191"}],"wp:attachment":[{"href":"https:\/\/uj.adatbank.ro\/lexikon\/wp-json\/wp\/v2\/media?parent=25191"}],"wp:term":[{"taxonomy":"product_brand","embeddable":true,"href":"https:\/\/uj.adatbank.ro\/lexikon\/wp-json\/wp\/v2\/product_brand?post=25191"},{"taxonomy":"product_cat","embeddable":true,"href":"https:\/\/uj.adatbank.ro\/lexikon\/wp-json\/wp\/v2\/product_cat?post=25191"},{"taxonomy":"product_tag","embeddable":true,"href":"https:\/\/uj.adatbank.ro\/lexikon\/wp-json\/wp\/v2\/product_tag?post=25191"}],"curies":[{"name":"wp","href":"https:\/\/api.w.org\/{rel}","templated":true}]}}