{"id":25194,"date":"2025-08-01T18:36:38","date_gmt":"2025-08-01T16:36:38","guid":{"rendered":"https:\/\/uj.adatbank.ro\/lexikon\/termek\/zongor-pal-beodi\/"},"modified":"2025-08-01T18:36:38","modified_gmt":"2025-08-01T16:36:38","slug":"zongor-pal-beodi","status":"publish","type":"product","link":"https:\/\/uj.adatbank.ro\/lexikon\/termek\/zongor-pal-beodi\/","title":{"rendered":"ZONGOR P\u00e1l, be\u00f6di"},"content":{"rendered":"<p>Mez\u0151k\u00f6lp\u00e9ny, 1902., \u2020\u00a0?: f\u00f6ldbirtokos. \u2013 A k\u00f6z\u00e9piskol\u00e1t Bp.-en, a gazdas\u00e1gi akad\u00e9mi\u00e1t, Keszthelyen v\u00e9gezte. \u00d6n\u00e1ll\u00f3an gazd\u00e1lkodott Mez\u0151k\u00f6lp\u00e9nyben (1939\u2013) 120 hold birtok\u00e1n. Tagja a k\u00f6zs\u00e9g k\u00e9pvisel\u0151test\u00fclet\u00e9nek \u00e9s a magyar p\u00e1rtnak. <br \/><strong>\u2013 Irod.:<\/strong> Sz\u00e9kelyf\u00f6ld \u00ed. k.<\/br><\/p>\n","protected":false},"excerpt":{"rendered":"<p>Mez\u0151k\u00f6lp\u00e9ny, 1902., \u2020\u00a0?: f\u00f6ldbirtokos. \u2013 A k\u00f6z\u00e9piskol\u00e1t Bp.-en, a gazdas\u00e1gi akad\u00e9mi\u00e1t, Keszthelyen v\u00e9gezte. \u00d6n\u00e1ll\u00f3an gazd\u00e1lkodott Mez\u0151k\u00f6lp\u00e9nyben (1939\u2013) 120 hold birtok\u00e1n. Tagja a k\u00f6zs\u00e9g k\u00e9pvisel\u0151test\u00fclet\u00e9nek \u00e9s a magyar p\u00e1rtnak. \u2013 Irod.: Sz\u00e9kelyf\u00f6ld \u00ed. k.<\/p>\n","protected":false},"featured_media":0,"comment_status":"open","ping_status":"closed","template":"","meta":[],"product_brand":[],"product_cat":[137],"product_tag":[],"class_list":{"0":"post-25194","1":"product","2":"type-product","3":"status-publish","5":"product_cat-maros-megyei-eletrajzi-lexikon","7":"first","8":"instock","9":"shipping-taxable","10":"product-type-simple"},"_links":{"self":[{"href":"https:\/\/uj.adatbank.ro\/lexikon\/wp-json\/wp\/v2\/product\/25194","targetHints":{"allow":["GET"]}}],"collection":[{"href":"https:\/\/uj.adatbank.ro\/lexikon\/wp-json\/wp\/v2\/product"}],"about":[{"href":"https:\/\/uj.adatbank.ro\/lexikon\/wp-json\/wp\/v2\/types\/product"}],"replies":[{"embeddable":true,"href":"https:\/\/uj.adatbank.ro\/lexikon\/wp-json\/wp\/v2\/comments?post=25194"}],"wp:attachment":[{"href":"https:\/\/uj.adatbank.ro\/lexikon\/wp-json\/wp\/v2\/media?parent=25194"}],"wp:term":[{"taxonomy":"product_brand","embeddable":true,"href":"https:\/\/uj.adatbank.ro\/lexikon\/wp-json\/wp\/v2\/product_brand?post=25194"},{"taxonomy":"product_cat","embeddable":true,"href":"https:\/\/uj.adatbank.ro\/lexikon\/wp-json\/wp\/v2\/product_cat?post=25194"},{"taxonomy":"product_tag","embeddable":true,"href":"https:\/\/uj.adatbank.ro\/lexikon\/wp-json\/wp\/v2\/product_tag?post=25194"}],"curies":[{"name":"wp","href":"https:\/\/api.w.org\/{rel}","templated":true}]}}