{"id":25196,"date":"2025-08-01T18:36:41","date_gmt":"2025-08-01T16:36:41","guid":{"rendered":"https:\/\/uj.adatbank.ro\/lexikon\/termek\/zorzi-jeno\/"},"modified":"2025-08-01T18:36:41","modified_gmt":"2025-08-01T16:36:41","slug":"zorzi-jeno","status":"publish","type":"product","link":"https:\/\/uj.adatbank.ro\/lexikon\/termek\/zorzi-jeno\/","title":{"rendered":"ZORZI Jen\u0151"},"content":{"rendered":"<p>Mv., 1871., \u2020\u00a0?: r\u00f6vid\u00e1rukeresked\u0151. \u2013 Mv.-en volt \u00fczlete (1909\u2013), n\u0151i ruh\u00e1kat, pamutokat, csipk\u00e9ket, szalagot \u00e9s szalmakalapot \u00e1rult. Az els\u0151 vh.-ban tizedesk\u00e9nt vett r\u00e9szt. Minden hazafias \u00e9s kultur\u00e1lis egyes\u00fclet t\u00e1mogat\u00f3ja volt. <br \/><strong>\u2013 Irod.:<\/strong> Sz\u00e9kelyf\u00f6ld \u00ed.k; Szentgy\u00f6rgyi.<\/br><\/p>\n","protected":false},"excerpt":{"rendered":"<p>Mv., 1871., \u2020\u00a0?: r\u00f6vid\u00e1rukeresked\u0151. \u2013 Mv.-en volt \u00fczlete (1909\u2013), n\u0151i ruh\u00e1kat, pamutokat, csipk\u00e9ket, szalagot \u00e9s szalmakalapot \u00e1rult. Az els\u0151 vh.-ban tizedesk\u00e9nt vett r\u00e9szt. Minden hazafias \u00e9s kultur\u00e1lis egyes\u00fclet t\u00e1mogat\u00f3ja volt. \u2013 Irod.: Sz\u00e9kelyf\u00f6ld \u00ed.k; Szentgy\u00f6rgyi.<\/p>\n","protected":false},"featured_media":0,"comment_status":"open","ping_status":"closed","template":"","meta":[],"product_brand":[],"product_cat":[137],"product_tag":[],"class_list":{"0":"post-25196","1":"product","2":"type-product","3":"status-publish","5":"product_cat-maros-megyei-eletrajzi-lexikon","7":"first","8":"instock","9":"shipping-taxable","10":"product-type-simple"},"_links":{"self":[{"href":"https:\/\/uj.adatbank.ro\/lexikon\/wp-json\/wp\/v2\/product\/25196","targetHints":{"allow":["GET"]}}],"collection":[{"href":"https:\/\/uj.adatbank.ro\/lexikon\/wp-json\/wp\/v2\/product"}],"about":[{"href":"https:\/\/uj.adatbank.ro\/lexikon\/wp-json\/wp\/v2\/types\/product"}],"replies":[{"embeddable":true,"href":"https:\/\/uj.adatbank.ro\/lexikon\/wp-json\/wp\/v2\/comments?post=25196"}],"wp:attachment":[{"href":"https:\/\/uj.adatbank.ro\/lexikon\/wp-json\/wp\/v2\/media?parent=25196"}],"wp:term":[{"taxonomy":"product_brand","embeddable":true,"href":"https:\/\/uj.adatbank.ro\/lexikon\/wp-json\/wp\/v2\/product_brand?post=25196"},{"taxonomy":"product_cat","embeddable":true,"href":"https:\/\/uj.adatbank.ro\/lexikon\/wp-json\/wp\/v2\/product_cat?post=25196"},{"taxonomy":"product_tag","embeddable":true,"href":"https:\/\/uj.adatbank.ro\/lexikon\/wp-json\/wp\/v2\/product_tag?post=25196"}],"curies":[{"name":"wp","href":"https:\/\/api.w.org\/{rel}","templated":true}]}}