{"id":25197,"date":"2025-08-01T18:36:43","date_gmt":"2025-08-01T16:36:43","guid":{"rendered":"https:\/\/uj.adatbank.ro\/lexikon\/termek\/zrinyi-elek-br\/"},"modified":"2025-08-01T18:36:43","modified_gmt":"2025-08-01T16:36:43","slug":"zrinyi-elek-br","status":"publish","type":"product","link":"https:\/\/uj.adatbank.ro\/lexikon\/termek\/zrinyi-elek-br\/","title":{"rendered":"ZR\u00cdNYI Elek, br."},"content":{"rendered":"<p>? \u2020\u00a01769.: A b\u00e1r\u00f3t a mv.-i egykori obszerv\u00e1ns ferences kolostortemplom kript\u00e1j\u00e1ba temett\u00e9k. <br \/><strong>\u2013 Irod.:<\/strong> Mv.-i \u00f6rm\u00e9nyek.<\/br><\/p>\n","protected":false},"excerpt":{"rendered":"<p>? \u2020\u00a01769.: A b\u00e1r\u00f3t a mv.-i egykori obszerv\u00e1ns ferences kolostortemplom kript\u00e1j\u00e1ba temett\u00e9k. \u2013 Irod.: Mv.-i \u00f6rm\u00e9nyek.<\/p>\n","protected":false},"featured_media":0,"comment_status":"open","ping_status":"closed","template":"","meta":[],"product_brand":[],"product_cat":[137],"product_tag":[],"class_list":{"0":"post-25197","1":"product","2":"type-product","3":"status-publish","5":"product_cat-maros-megyei-eletrajzi-lexikon","7":"first","8":"instock","9":"shipping-taxable","10":"product-type-simple"},"_links":{"self":[{"href":"https:\/\/uj.adatbank.ro\/lexikon\/wp-json\/wp\/v2\/product\/25197","targetHints":{"allow":["GET"]}}],"collection":[{"href":"https:\/\/uj.adatbank.ro\/lexikon\/wp-json\/wp\/v2\/product"}],"about":[{"href":"https:\/\/uj.adatbank.ro\/lexikon\/wp-json\/wp\/v2\/types\/product"}],"replies":[{"embeddable":true,"href":"https:\/\/uj.adatbank.ro\/lexikon\/wp-json\/wp\/v2\/comments?post=25197"}],"wp:attachment":[{"href":"https:\/\/uj.adatbank.ro\/lexikon\/wp-json\/wp\/v2\/media?parent=25197"}],"wp:term":[{"taxonomy":"product_brand","embeddable":true,"href":"https:\/\/uj.adatbank.ro\/lexikon\/wp-json\/wp\/v2\/product_brand?post=25197"},{"taxonomy":"product_cat","embeddable":true,"href":"https:\/\/uj.adatbank.ro\/lexikon\/wp-json\/wp\/v2\/product_cat?post=25197"},{"taxonomy":"product_tag","embeddable":true,"href":"https:\/\/uj.adatbank.ro\/lexikon\/wp-json\/wp\/v2\/product_tag?post=25197"}],"curies":[{"name":"wp","href":"https:\/\/api.w.org\/{rel}","templated":true}]}}