{"id":25199,"date":"2025-08-01T18:36:49","date_gmt":"2025-08-01T16:36:49","guid":{"rendered":"https:\/\/uj.adatbank.ro\/lexikon\/termek\/zrinyi-eniko-dr\/"},"modified":"2025-08-01T18:36:49","modified_gmt":"2025-08-01T16:36:49","slug":"zrinyi-eniko-dr","status":"publish","type":"product","link":"https:\/\/uj.adatbank.ro\/lexikon\/termek\/zrinyi-eniko-dr\/","title":{"rendered":"ZR\u00cdNYI Enik\u0151, dr."},"content":{"rendered":"<p>Mv., 1952., \u2020\u00a0Mv., 2019.: orvos. \u2013 Mv.-en a 4-es sz. iskol\u00e1ban, az Unirea L\u00edc.-ban tanult \u00e9s \u00e9retts\u00e9gizett (1975). A MOGYI orvosi kar\u00e1n szerzett oklevelet (1984). B\u00e1k\u00f3ba helyezt\u00e9k, innen ing\u00e1zott Forr\u00f3falva telep\u00fcl\u00e9sre \u00e9veken \u00e1t, s\u00falyos betegen is. <br \/><strong>\u2013 Irod.:<\/strong> Kiss Cs. M 4.<\/br><\/p>\n","protected":false},"excerpt":{"rendered":"<p>Mv., 1952., \u2020\u00a0Mv., 2019.: orvos. \u2013 Mv.-en a 4-es sz. iskol\u00e1ban, az Unirea L\u00edc.-ban tanult \u00e9s \u00e9retts\u00e9gizett (1975). A MOGYI orvosi kar\u00e1n szerzett oklevelet (1984). B\u00e1k\u00f3ba helyezt\u00e9k, innen ing\u00e1zott Forr\u00f3falva telep\u00fcl\u00e9sre \u00e9veken \u00e1t, s\u00falyos betegen is. \u2013 Irod.: Kiss Cs. M 4.<\/p>\n","protected":false},"featured_media":0,"comment_status":"open","ping_status":"closed","template":"","meta":[],"product_brand":[],"product_cat":[137],"product_tag":[],"class_list":{"0":"post-25199","1":"product","2":"type-product","3":"status-publish","5":"product_cat-maros-megyei-eletrajzi-lexikon","7":"first","8":"instock","9":"shipping-taxable","10":"product-type-simple"},"_links":{"self":[{"href":"https:\/\/uj.adatbank.ro\/lexikon\/wp-json\/wp\/v2\/product\/25199","targetHints":{"allow":["GET"]}}],"collection":[{"href":"https:\/\/uj.adatbank.ro\/lexikon\/wp-json\/wp\/v2\/product"}],"about":[{"href":"https:\/\/uj.adatbank.ro\/lexikon\/wp-json\/wp\/v2\/types\/product"}],"replies":[{"embeddable":true,"href":"https:\/\/uj.adatbank.ro\/lexikon\/wp-json\/wp\/v2\/comments?post=25199"}],"wp:attachment":[{"href":"https:\/\/uj.adatbank.ro\/lexikon\/wp-json\/wp\/v2\/media?parent=25199"}],"wp:term":[{"taxonomy":"product_brand","embeddable":true,"href":"https:\/\/uj.adatbank.ro\/lexikon\/wp-json\/wp\/v2\/product_brand?post=25199"},{"taxonomy":"product_cat","embeddable":true,"href":"https:\/\/uj.adatbank.ro\/lexikon\/wp-json\/wp\/v2\/product_cat?post=25199"},{"taxonomy":"product_tag","embeddable":true,"href":"https:\/\/uj.adatbank.ro\/lexikon\/wp-json\/wp\/v2\/product_tag?post=25199"}],"curies":[{"name":"wp","href":"https:\/\/api.w.org\/{rel}","templated":true}]}}