{"id":25200,"date":"2025-08-01T18:36:51","date_gmt":"2025-08-01T16:36:51","guid":{"rendered":"https:\/\/uj.adatbank.ro\/lexikon\/termek\/zrinyi-gergely\/"},"modified":"2025-08-01T18:36:51","modified_gmt":"2025-08-01T16:36:51","slug":"zrinyi-gergely","status":"publish","type":"product","link":"https:\/\/uj.adatbank.ro\/lexikon\/termek\/zrinyi-gergely\/","title":{"rendered":"ZR\u00cdNYI Gergely"},"content":{"rendered":"<p>Sz\u00e9kelyb\u00f3s, 1897. \u00e1pr. 20. \u2020\u00a0Sz\u00e9kelyb\u00f3s, 1961. nov. 20.: f\u00f6ldm\u0171ves. \u2013 Az I, vh.-ban t\u00fcz\u00e9r a m. kir.-i 38. t\u00e1bori t\u00fcz\u00e9rezredben. Kit\u00fcntet\u00e9sei: O1, OB, kcsk, MHE\u00c9, BHE\u00c9, vit\u00e9zi avat\u00e1sa: 1941. okt. 23.<\/br><\/p>\n","protected":false},"excerpt":{"rendered":"<p>Sz\u00e9kelyb\u00f3s, 1897. \u00e1pr. 20. \u2020\u00a0Sz\u00e9kelyb\u00f3s, 1961. nov. 20.: f\u00f6ldm\u0171ves. \u2013 Az I, vh.-ban t\u00fcz\u00e9r a m. kir.-i 38. t\u00e1bori t\u00fcz\u00e9rezredben. Kit\u00fcntet\u00e9sei: O1, OB, kcsk, MHE\u00c9, BHE\u00c9, vit\u00e9zi avat\u00e1sa: 1941. okt. 23.<\/p>\n","protected":false},"featured_media":0,"comment_status":"open","ping_status":"closed","template":"","meta":[],"product_brand":[],"product_cat":[137],"product_tag":[],"class_list":{"0":"post-25200","1":"product","2":"type-product","3":"status-publish","5":"product_cat-maros-megyei-eletrajzi-lexikon","7":"first","8":"instock","9":"shipping-taxable","10":"product-type-simple"},"_links":{"self":[{"href":"https:\/\/uj.adatbank.ro\/lexikon\/wp-json\/wp\/v2\/product\/25200","targetHints":{"allow":["GET"]}}],"collection":[{"href":"https:\/\/uj.adatbank.ro\/lexikon\/wp-json\/wp\/v2\/product"}],"about":[{"href":"https:\/\/uj.adatbank.ro\/lexikon\/wp-json\/wp\/v2\/types\/product"}],"replies":[{"embeddable":true,"href":"https:\/\/uj.adatbank.ro\/lexikon\/wp-json\/wp\/v2\/comments?post=25200"}],"wp:attachment":[{"href":"https:\/\/uj.adatbank.ro\/lexikon\/wp-json\/wp\/v2\/media?parent=25200"}],"wp:term":[{"taxonomy":"product_brand","embeddable":true,"href":"https:\/\/uj.adatbank.ro\/lexikon\/wp-json\/wp\/v2\/product_brand?post=25200"},{"taxonomy":"product_cat","embeddable":true,"href":"https:\/\/uj.adatbank.ro\/lexikon\/wp-json\/wp\/v2\/product_cat?post=25200"},{"taxonomy":"product_tag","embeddable":true,"href":"https:\/\/uj.adatbank.ro\/lexikon\/wp-json\/wp\/v2\/product_tag?post=25200"}],"curies":[{"name":"wp","href":"https:\/\/api.w.org\/{rel}","templated":true}]}}