{"id":25204,"date":"2025-08-01T18:37:00","date_gmt":"2025-08-01T16:37:00","guid":{"rendered":"https:\/\/uj.adatbank.ro\/lexikon\/termek\/zsak-istvan\/"},"modified":"2025-08-01T18:37:00","modified_gmt":"2025-08-01T16:37:00","slug":"zsak-istvan","status":"publish","type":"product","link":"https:\/\/uj.adatbank.ro\/lexikon\/termek\/zsak-istvan\/","title":{"rendered":"ZS\u00c1K Istv\u00e1n"},"content":{"rendered":"<p>Buk., 1907., \u2020\u00a0?: sz\u0171csmester. \u2013 A keresked\u0151i p\u00e1ly\u00e1n szabadult fel \u00e9s k\u00e9s\u0151bb t\u00e9rt \u00e1t a sz\u0171csiparra, Buk.-ben lett \u00f6n\u00e1ll\u00f3 (1931), ahonnan kiutas\u00edtott\u00e1k \u00e9s Mv.-re ker\u00fclt, itt folytatta mesters\u00e9g\u00e9t. <br \/><strong>\u2013 Irod.:<\/strong> Sz\u00e9kelyf\u00f6ld \u00ed. k.<\/br><\/p>\n","protected":false},"excerpt":{"rendered":"<p>Buk., 1907., \u2020\u00a0?: sz\u0171csmester. \u2013 A keresked\u0151i p\u00e1ly\u00e1n szabadult fel \u00e9s k\u00e9s\u0151bb t\u00e9rt \u00e1t a sz\u0171csiparra, Buk.-ben lett \u00f6n\u00e1ll\u00f3 (1931), ahonnan kiutas\u00edtott\u00e1k \u00e9s Mv.-re ker\u00fclt, itt folytatta mesters\u00e9g\u00e9t. \u2013 Irod.: Sz\u00e9kelyf\u00f6ld \u00ed. k.<\/p>\n","protected":false},"featured_media":0,"comment_status":"open","ping_status":"closed","template":"","meta":[],"product_brand":[],"product_cat":[137],"product_tag":[],"class_list":{"0":"post-25204","1":"product","2":"type-product","3":"status-publish","5":"product_cat-maros-megyei-eletrajzi-lexikon","7":"first","8":"instock","9":"shipping-taxable","10":"product-type-simple"},"_links":{"self":[{"href":"https:\/\/uj.adatbank.ro\/lexikon\/wp-json\/wp\/v2\/product\/25204","targetHints":{"allow":["GET"]}}],"collection":[{"href":"https:\/\/uj.adatbank.ro\/lexikon\/wp-json\/wp\/v2\/product"}],"about":[{"href":"https:\/\/uj.adatbank.ro\/lexikon\/wp-json\/wp\/v2\/types\/product"}],"replies":[{"embeddable":true,"href":"https:\/\/uj.adatbank.ro\/lexikon\/wp-json\/wp\/v2\/comments?post=25204"}],"wp:attachment":[{"href":"https:\/\/uj.adatbank.ro\/lexikon\/wp-json\/wp\/v2\/media?parent=25204"}],"wp:term":[{"taxonomy":"product_brand","embeddable":true,"href":"https:\/\/uj.adatbank.ro\/lexikon\/wp-json\/wp\/v2\/product_brand?post=25204"},{"taxonomy":"product_cat","embeddable":true,"href":"https:\/\/uj.adatbank.ro\/lexikon\/wp-json\/wp\/v2\/product_cat?post=25204"},{"taxonomy":"product_tag","embeddable":true,"href":"https:\/\/uj.adatbank.ro\/lexikon\/wp-json\/wp\/v2\/product_tag?post=25204"}],"curies":[{"name":"wp","href":"https:\/\/api.w.org\/{rel}","templated":true}]}}