{"id":25209,"date":"2025-08-01T18:37:14","date_gmt":"2025-08-01T16:37:14","guid":{"rendered":"https:\/\/uj.adatbank.ro\/lexikon\/termek\/zsako-janos\/"},"modified":"2025-08-01T18:37:14","modified_gmt":"2025-08-01T16:37:14","slug":"zsako-janos","status":"publish","type":"product","link":"https:\/\/uj.adatbank.ro\/lexikon\/termek\/zsako-janos\/","title":{"rendered":"ZSAK\u00d3 J\u00e1nos"},"content":{"rendered":"<p>Sz\u00e9kelymuzsna, 1894., \u2020\u00a0?: szab\u00f3. \u2013 Tanulm\u00e1nyait Kecskem\u00e9ten v\u00e9gezte \u00e9s a szab\u00f3iparban mint seg\u00e9d a legjobb mesterek mellett saj\u00e1t\u00edtotta el a mesters\u00e9get, miut\u00e1n felszabadult \u00f6n\u00e1ll\u00f3 lett Mv.-en (1929\u2013). R\u00e9szt vett az els\u0151 vh.-ban, megsebes\u00fclt. <br \/><strong>\u2013 Irod.:<\/strong> Sz\u00e9kelyf\u00f6ld \u00ed. k.<\/br><\/p>\n","protected":false},"excerpt":{"rendered":"<p>Sz\u00e9kelymuzsna, 1894., \u2020\u00a0?: szab\u00f3. \u2013 Tanulm\u00e1nyait Kecskem\u00e9ten v\u00e9gezte \u00e9s a szab\u00f3iparban mint seg\u00e9d a legjobb mesterek mellett saj\u00e1t\u00edtotta el a mesters\u00e9get, miut\u00e1n felszabadult \u00f6n\u00e1ll\u00f3 lett Mv.-en (1929\u2013). R\u00e9szt vett az els\u0151 vh.-ban, megsebes\u00fclt. \u2013 Irod.: Sz\u00e9kelyf\u00f6ld \u00ed. k.<\/p>\n","protected":false},"featured_media":0,"comment_status":"open","ping_status":"closed","template":"","meta":[],"product_brand":[],"product_cat":[137],"product_tag":[],"class_list":{"0":"post-25209","1":"product","2":"type-product","3":"status-publish","5":"product_cat-maros-megyei-eletrajzi-lexikon","7":"first","8":"instock","9":"shipping-taxable","10":"product-type-simple"},"_links":{"self":[{"href":"https:\/\/uj.adatbank.ro\/lexikon\/wp-json\/wp\/v2\/product\/25209","targetHints":{"allow":["GET"]}}],"collection":[{"href":"https:\/\/uj.adatbank.ro\/lexikon\/wp-json\/wp\/v2\/product"}],"about":[{"href":"https:\/\/uj.adatbank.ro\/lexikon\/wp-json\/wp\/v2\/types\/product"}],"replies":[{"embeddable":true,"href":"https:\/\/uj.adatbank.ro\/lexikon\/wp-json\/wp\/v2\/comments?post=25209"}],"wp:attachment":[{"href":"https:\/\/uj.adatbank.ro\/lexikon\/wp-json\/wp\/v2\/media?parent=25209"}],"wp:term":[{"taxonomy":"product_brand","embeddable":true,"href":"https:\/\/uj.adatbank.ro\/lexikon\/wp-json\/wp\/v2\/product_brand?post=25209"},{"taxonomy":"product_cat","embeddable":true,"href":"https:\/\/uj.adatbank.ro\/lexikon\/wp-json\/wp\/v2\/product_cat?post=25209"},{"taxonomy":"product_tag","embeddable":true,"href":"https:\/\/uj.adatbank.ro\/lexikon\/wp-json\/wp\/v2\/product_tag?post=25209"}],"curies":[{"name":"wp","href":"https:\/\/api.w.org\/{rel}","templated":true}]}}