{"id":25213,"date":"2025-08-01T18:37:23","date_gmt":"2025-08-01T16:37:23","guid":{"rendered":"https:\/\/uj.adatbank.ro\/lexikon\/termek\/zseller-eniko\/"},"modified":"2025-08-01T18:37:23","modified_gmt":"2025-08-01T16:37:23","slug":"zseller-eniko","status":"publish","type":"product","link":"https:\/\/uj.adatbank.ro\/lexikon\/termek\/zseller-eniko\/","title":{"rendered":"ZSELL\u00c9R Enik\u0151"},"content":{"rendered":"<p>? \u2020 Mv., 2006. j\u00fan. 20.: b\u00e1bsz\u00edn\u00e9szn\u0151. \u2013 A Hahota Sz\u00ednt\u00e1rsulat tagja. <br \/><strong>\u2013 Irod.:<\/strong> Ariel; Kr\u00f3nika (2000. m\u00e1rc. 16).<\/br><\/p>\n","protected":false},"excerpt":{"rendered":"<p>? \u2020 Mv., 2006. j\u00fan. 20.: b\u00e1bsz\u00edn\u00e9szn\u0151. \u2013 A Hahota Sz\u00ednt\u00e1rsulat tagja. \u2013 Irod.: Ariel; Kr\u00f3nika (2000. m\u00e1rc. 16).<\/p>\n","protected":false},"featured_media":0,"comment_status":"open","ping_status":"closed","template":"","meta":[],"product_brand":[],"product_cat":[137],"product_tag":[],"class_list":{"0":"post-25213","1":"product","2":"type-product","3":"status-publish","5":"product_cat-maros-megyei-eletrajzi-lexikon","7":"first","8":"instock","9":"shipping-taxable","10":"product-type-simple"},"_links":{"self":[{"href":"https:\/\/uj.adatbank.ro\/lexikon\/wp-json\/wp\/v2\/product\/25213","targetHints":{"allow":["GET"]}}],"collection":[{"href":"https:\/\/uj.adatbank.ro\/lexikon\/wp-json\/wp\/v2\/product"}],"about":[{"href":"https:\/\/uj.adatbank.ro\/lexikon\/wp-json\/wp\/v2\/types\/product"}],"replies":[{"embeddable":true,"href":"https:\/\/uj.adatbank.ro\/lexikon\/wp-json\/wp\/v2\/comments?post=25213"}],"wp:attachment":[{"href":"https:\/\/uj.adatbank.ro\/lexikon\/wp-json\/wp\/v2\/media?parent=25213"}],"wp:term":[{"taxonomy":"product_brand","embeddable":true,"href":"https:\/\/uj.adatbank.ro\/lexikon\/wp-json\/wp\/v2\/product_brand?post=25213"},{"taxonomy":"product_cat","embeddable":true,"href":"https:\/\/uj.adatbank.ro\/lexikon\/wp-json\/wp\/v2\/product_cat?post=25213"},{"taxonomy":"product_tag","embeddable":true,"href":"https:\/\/uj.adatbank.ro\/lexikon\/wp-json\/wp\/v2\/product_tag?post=25213"}],"curies":[{"name":"wp","href":"https:\/\/api.w.org\/{rel}","templated":true}]}}