{"id":25216,"date":"2025-08-01T18:37:32","date_gmt":"2025-08-01T16:37:32","guid":{"rendered":"https:\/\/uj.adatbank.ro\/lexikon\/termek\/zsido-gabor\/"},"modified":"2025-08-01T18:37:32","modified_gmt":"2025-08-01T16:37:32","slug":"zsido-gabor","status":"publish","type":"product","link":"https:\/\/uj.adatbank.ro\/lexikon\/termek\/zsido-gabor\/","title":{"rendered":"ZSID\u00d3 G\u00e1bor"},"content":{"rendered":"<p>Sz\u00e9kelymoson, 1910., \u2020\u00a0?: gazd\u00e1lkod\u00f3, k\u00f6zs\u00e9gi b\u00edr\u00f3. \u2013 Iskol\u00e1i elv\u00e9gz\u00e9se ut\u00e1n \u00e9desapj\u00e1t\u00f3l tanult gazd\u00e1lkodni, majd \u00f6n\u00e1ll\u00f3 lett. F\u00f6ldm\u0171vel\u00e9ssel \u00e9s \u00e1llatteny\u00e9szt\u00e9ssel is foglalkozott. K\u00f6zs\u00e9gi b\u00edr\u00f3 (1940\u2013) volt. A rendszerv\u00e1lt\u00e1s ut\u00e1n (1944\u2013) kul\u00e1kk\u00e1 nyilv\u00e1n\u00edtott\u00e1k, \u00e9s ez\u00e9rt megj\u00e1rta a f\u00f6ldv\u00e1ri b\u00f6rt\u00f6nt. <br \/><strong>\u2013 Irod.:<\/strong> Ny\u00e1r\u00e1dszereda; Sz\u00e9kelyf\u00f6ld \u00ed. k.<\/br><\/p>\n","protected":false},"excerpt":{"rendered":"<p>Sz\u00e9kelymoson, 1910., \u2020\u00a0?: gazd\u00e1lkod\u00f3, k\u00f6zs\u00e9gi b\u00edr\u00f3. \u2013 Iskol\u00e1i elv\u00e9gz\u00e9se ut\u00e1n \u00e9desapj\u00e1t\u00f3l tanult gazd\u00e1lkodni, majd \u00f6n\u00e1ll\u00f3 lett. F\u00f6ldm\u0171vel\u00e9ssel \u00e9s \u00e1llatteny\u00e9szt\u00e9ssel is foglalkozott. K\u00f6zs\u00e9gi b\u00edr\u00f3 (1940\u2013) volt. A rendszerv\u00e1lt\u00e1s ut\u00e1n (1944\u2013) kul\u00e1kk\u00e1 nyilv\u00e1n\u00edtott\u00e1k, \u00e9s ez\u00e9rt megj\u00e1rta a f\u00f6ldv\u00e1ri b\u00f6rt\u00f6nt. \u2013 Irod.: Ny\u00e1r\u00e1dszereda; Sz\u00e9kelyf\u00f6ld \u00ed. k.<\/p>\n","protected":false},"featured_media":0,"comment_status":"open","ping_status":"closed","template":"","meta":[],"product_brand":[],"product_cat":[137],"product_tag":[],"class_list":{"0":"post-25216","1":"product","2":"type-product","3":"status-publish","5":"product_cat-maros-megyei-eletrajzi-lexikon","7":"first","8":"instock","9":"shipping-taxable","10":"product-type-simple"},"_links":{"self":[{"href":"https:\/\/uj.adatbank.ro\/lexikon\/wp-json\/wp\/v2\/product\/25216","targetHints":{"allow":["GET"]}}],"collection":[{"href":"https:\/\/uj.adatbank.ro\/lexikon\/wp-json\/wp\/v2\/product"}],"about":[{"href":"https:\/\/uj.adatbank.ro\/lexikon\/wp-json\/wp\/v2\/types\/product"}],"replies":[{"embeddable":true,"href":"https:\/\/uj.adatbank.ro\/lexikon\/wp-json\/wp\/v2\/comments?post=25216"}],"wp:attachment":[{"href":"https:\/\/uj.adatbank.ro\/lexikon\/wp-json\/wp\/v2\/media?parent=25216"}],"wp:term":[{"taxonomy":"product_brand","embeddable":true,"href":"https:\/\/uj.adatbank.ro\/lexikon\/wp-json\/wp\/v2\/product_brand?post=25216"},{"taxonomy":"product_cat","embeddable":true,"href":"https:\/\/uj.adatbank.ro\/lexikon\/wp-json\/wp\/v2\/product_cat?post=25216"},{"taxonomy":"product_tag","embeddable":true,"href":"https:\/\/uj.adatbank.ro\/lexikon\/wp-json\/wp\/v2\/product_tag?post=25216"}],"curies":[{"name":"wp","href":"https:\/\/api.w.org\/{rel}","templated":true}]}}