{"id":25217,"date":"2025-08-01T18:37:34","date_gmt":"2025-08-01T16:37:34","guid":{"rendered":"https:\/\/uj.adatbank.ro\/lexikon\/termek\/zsido-gabor-2\/"},"modified":"2025-08-01T18:37:34","modified_gmt":"2025-08-01T16:37:34","slug":"zsido-gabor-2","status":"publish","type":"product","link":"https:\/\/uj.adatbank.ro\/lexikon\/termek\/zsido-gabor-2\/","title":{"rendered":"ZSID\u00d3 G\u00e1bor"},"content":{"rendered":"<p>Jobb\u00e1gyfalva, 1914. aug. 18., \u2020\u00a0Kuty, 1944. aug. 13.: honv\u00e9d. \u2013 Anyja Aszal\u00f3s R\u00f3za. \u2013 Az 57\/III. z\u00e1szl\u00f3aljban honv\u00e9d. Agyroncsol\u00e1s okozta hal\u00e1l\u00e1t. <br \/><strong>\u2013 Irod.:<\/strong> Berekm\u00e9ri 2015.<\/br><\/p>\n","protected":false},"excerpt":{"rendered":"<p>Jobb\u00e1gyfalva, 1914. aug. 18., \u2020\u00a0Kuty, 1944. aug. 13.: honv\u00e9d. \u2013 Anyja Aszal\u00f3s R\u00f3za. \u2013 Az 57\/III. z\u00e1szl\u00f3aljban honv\u00e9d. Agyroncsol\u00e1s okozta hal\u00e1l\u00e1t. \u2013 Irod.: Berekm\u00e9ri 2015.<\/p>\n","protected":false},"featured_media":0,"comment_status":"open","ping_status":"closed","template":"","meta":[],"product_brand":[],"product_cat":[137],"product_tag":[],"class_list":{"0":"post-25217","1":"product","2":"type-product","3":"status-publish","5":"product_cat-maros-megyei-eletrajzi-lexikon","7":"first","8":"instock","9":"shipping-taxable","10":"product-type-simple"},"_links":{"self":[{"href":"https:\/\/uj.adatbank.ro\/lexikon\/wp-json\/wp\/v2\/product\/25217","targetHints":{"allow":["GET"]}}],"collection":[{"href":"https:\/\/uj.adatbank.ro\/lexikon\/wp-json\/wp\/v2\/product"}],"about":[{"href":"https:\/\/uj.adatbank.ro\/lexikon\/wp-json\/wp\/v2\/types\/product"}],"replies":[{"embeddable":true,"href":"https:\/\/uj.adatbank.ro\/lexikon\/wp-json\/wp\/v2\/comments?post=25217"}],"wp:attachment":[{"href":"https:\/\/uj.adatbank.ro\/lexikon\/wp-json\/wp\/v2\/media?parent=25217"}],"wp:term":[{"taxonomy":"product_brand","embeddable":true,"href":"https:\/\/uj.adatbank.ro\/lexikon\/wp-json\/wp\/v2\/product_brand?post=25217"},{"taxonomy":"product_cat","embeddable":true,"href":"https:\/\/uj.adatbank.ro\/lexikon\/wp-json\/wp\/v2\/product_cat?post=25217"},{"taxonomy":"product_tag","embeddable":true,"href":"https:\/\/uj.adatbank.ro\/lexikon\/wp-json\/wp\/v2\/product_tag?post=25217"}],"curies":[{"name":"wp","href":"https:\/\/api.w.org\/{rel}","templated":true}]}}