{"id":25219,"date":"2025-08-01T18:37:38","date_gmt":"2025-08-01T16:37:38","guid":{"rendered":"https:\/\/uj.adatbank.ro\/lexikon\/termek\/zsido-jozsefne-sz-csegedi-maria\/"},"modified":"2025-08-01T18:37:38","modified_gmt":"2025-08-01T16:37:38","slug":"zsido-jozsefne-sz-csegedi-maria","status":"publish","type":"product","link":"https:\/\/uj.adatbank.ro\/lexikon\/termek\/zsido-jozsefne-sz-csegedi-maria\/","title":{"rendered":"ZSID\u00d3 J\u00f3zsefn\u00e9, sz. Csegedi M\u00e1ria"},"content":{"rendered":"<p>P\u00f3ka, 1950., \u2020\u00a0Mv., 2004. m\u00e1rc.20.: \u00e9p\u00edt\u00e9szm\u00e9rn\u00f6k.<\/br><\/p>\n","protected":false},"excerpt":{"rendered":"<p>P\u00f3ka, 1950., \u2020\u00a0Mv., 2004. m\u00e1rc.20.: \u00e9p\u00edt\u00e9szm\u00e9rn\u00f6k.<\/p>\n","protected":false},"featured_media":0,"comment_status":"open","ping_status":"closed","template":"","meta":[],"product_brand":[],"product_cat":[137],"product_tag":[],"class_list":{"0":"post-25219","1":"product","2":"type-product","3":"status-publish","5":"product_cat-maros-megyei-eletrajzi-lexikon","7":"first","8":"instock","9":"shipping-taxable","10":"product-type-simple"},"_links":{"self":[{"href":"https:\/\/uj.adatbank.ro\/lexikon\/wp-json\/wp\/v2\/product\/25219","targetHints":{"allow":["GET"]}}],"collection":[{"href":"https:\/\/uj.adatbank.ro\/lexikon\/wp-json\/wp\/v2\/product"}],"about":[{"href":"https:\/\/uj.adatbank.ro\/lexikon\/wp-json\/wp\/v2\/types\/product"}],"replies":[{"embeddable":true,"href":"https:\/\/uj.adatbank.ro\/lexikon\/wp-json\/wp\/v2\/comments?post=25219"}],"wp:attachment":[{"href":"https:\/\/uj.adatbank.ro\/lexikon\/wp-json\/wp\/v2\/media?parent=25219"}],"wp:term":[{"taxonomy":"product_brand","embeddable":true,"href":"https:\/\/uj.adatbank.ro\/lexikon\/wp-json\/wp\/v2\/product_brand?post=25219"},{"taxonomy":"product_cat","embeddable":true,"href":"https:\/\/uj.adatbank.ro\/lexikon\/wp-json\/wp\/v2\/product_cat?post=25219"},{"taxonomy":"product_tag","embeddable":true,"href":"https:\/\/uj.adatbank.ro\/lexikon\/wp-json\/wp\/v2\/product_tag?post=25219"}],"curies":[{"name":"wp","href":"https:\/\/api.w.org\/{rel}","templated":true}]}}