{"id":25221,"date":"2025-08-01T18:37:43","date_gmt":"2025-08-01T16:37:43","guid":{"rendered":"https:\/\/uj.adatbank.ro\/lexikon\/termek\/zsido-zoltan\/"},"modified":"2025-08-01T18:37:43","modified_gmt":"2025-08-01T16:37:43","slug":"zsido-zoltan","status":"publish","type":"product","link":"https:\/\/uj.adatbank.ro\/lexikon\/termek\/zsido-zoltan\/","title":{"rendered":"ZSID\u00d3 Zolt\u00e1n"},"content":{"rendered":"<p>Kv., 1912., \u2020\u00a0?: gazd\u00e1lkod\u00f3. \u2013 K\u00f6z\u00e9piskol\u00e1i elv\u00e9gz\u00e9se ut\u00e1n aut\u00f3- \u00e9s motorszerel\u0151i szakvizsg\u00e1t tett \u00e9s mint g\u00e9pkocsivezet\u0151 dolgozott. F\u00f6ldm\u0171vel\u00e9ssel foglalkozott (1940\u2013) Iklandon 26 hold f\u00f6ldet m\u0171velt, a k\u00f6zs\u00e9g tekint\u00e9lyes polg\u00e1ra volt. <br \/><strong>\u2013 Irod.:<\/strong> Sz\u00e9kelyf\u00f6ld \u00ed. k.<\/br><\/p>\n","protected":false},"excerpt":{"rendered":"<p>Kv., 1912., \u2020\u00a0?: gazd\u00e1lkod\u00f3. \u2013 K\u00f6z\u00e9piskol\u00e1i elv\u00e9gz\u00e9se ut\u00e1n aut\u00f3- \u00e9s motorszerel\u0151i szakvizsg\u00e1t tett \u00e9s mint g\u00e9pkocsivezet\u0151 dolgozott. F\u00f6ldm\u0171vel\u00e9ssel foglalkozott (1940\u2013) Iklandon 26 hold f\u00f6ldet m\u0171velt, a k\u00f6zs\u00e9g tekint\u00e9lyes polg\u00e1ra volt. \u2013 Irod.: Sz\u00e9kelyf\u00f6ld \u00ed. k.<\/p>\n","protected":false},"featured_media":0,"comment_status":"open","ping_status":"closed","template":"","meta":[],"product_brand":[],"product_cat":[137],"product_tag":[],"class_list":{"0":"post-25221","1":"product","2":"type-product","3":"status-publish","5":"product_cat-maros-megyei-eletrajzi-lexikon","7":"first","8":"instock","9":"shipping-taxable","10":"product-type-simple"},"_links":{"self":[{"href":"https:\/\/uj.adatbank.ro\/lexikon\/wp-json\/wp\/v2\/product\/25221","targetHints":{"allow":["GET"]}}],"collection":[{"href":"https:\/\/uj.adatbank.ro\/lexikon\/wp-json\/wp\/v2\/product"}],"about":[{"href":"https:\/\/uj.adatbank.ro\/lexikon\/wp-json\/wp\/v2\/types\/product"}],"replies":[{"embeddable":true,"href":"https:\/\/uj.adatbank.ro\/lexikon\/wp-json\/wp\/v2\/comments?post=25221"}],"wp:attachment":[{"href":"https:\/\/uj.adatbank.ro\/lexikon\/wp-json\/wp\/v2\/media?parent=25221"}],"wp:term":[{"taxonomy":"product_brand","embeddable":true,"href":"https:\/\/uj.adatbank.ro\/lexikon\/wp-json\/wp\/v2\/product_brand?post=25221"},{"taxonomy":"product_cat","embeddable":true,"href":"https:\/\/uj.adatbank.ro\/lexikon\/wp-json\/wp\/v2\/product_cat?post=25221"},{"taxonomy":"product_tag","embeddable":true,"href":"https:\/\/uj.adatbank.ro\/lexikon\/wp-json\/wp\/v2\/product_tag?post=25221"}],"curies":[{"name":"wp","href":"https:\/\/api.w.org\/{rel}","templated":true}]}}