{"id":25224,"date":"2025-08-01T18:37:49","date_gmt":"2025-08-01T16:37:49","guid":{"rendered":"https:\/\/uj.adatbank.ro\/lexikon\/termek\/zsigmond-2\/"},"modified":"2025-08-01T18:37:49","modified_gmt":"2025-08-01T16:37:49","slug":"zsigmond-2","status":"publish","type":"product","link":"https:\/\/uj.adatbank.ro\/lexikon\/termek\/zsigmond-2\/","title":{"rendered":"ZSIGMOND"},"content":{"rendered":"<p>Sz\u00e9kelysz\u00e1ll\u00e1si csal\u00e1d, nemess\u00e9g\u00e9t 1624-b\u0151l eredezteti. V\u00f6. Sigmond (sz\u00e9kelysz\u00e1ll\u00e1si). <br \/><strong>\u2013 Irod.:<\/strong> Kempelen.<\/br><\/p>\n","protected":false},"excerpt":{"rendered":"<p>Sz\u00e9kelysz\u00e1ll\u00e1si csal\u00e1d, nemess\u00e9g\u00e9t 1624-b\u0151l eredezteti. V\u00f6. Sigmond (sz\u00e9kelysz\u00e1ll\u00e1si). \u2013 Irod.: Kempelen.<\/p>\n","protected":false},"featured_media":0,"comment_status":"open","ping_status":"closed","template":"","meta":[],"product_brand":[],"product_cat":[137],"product_tag":[],"class_list":{"0":"post-25224","1":"product","2":"type-product","3":"status-publish","5":"product_cat-maros-megyei-eletrajzi-lexikon","7":"first","8":"instock","9":"shipping-taxable","10":"product-type-simple"},"_links":{"self":[{"href":"https:\/\/uj.adatbank.ro\/lexikon\/wp-json\/wp\/v2\/product\/25224","targetHints":{"allow":["GET"]}}],"collection":[{"href":"https:\/\/uj.adatbank.ro\/lexikon\/wp-json\/wp\/v2\/product"}],"about":[{"href":"https:\/\/uj.adatbank.ro\/lexikon\/wp-json\/wp\/v2\/types\/product"}],"replies":[{"embeddable":true,"href":"https:\/\/uj.adatbank.ro\/lexikon\/wp-json\/wp\/v2\/comments?post=25224"}],"wp:attachment":[{"href":"https:\/\/uj.adatbank.ro\/lexikon\/wp-json\/wp\/v2\/media?parent=25224"}],"wp:term":[{"taxonomy":"product_brand","embeddable":true,"href":"https:\/\/uj.adatbank.ro\/lexikon\/wp-json\/wp\/v2\/product_brand?post=25224"},{"taxonomy":"product_cat","embeddable":true,"href":"https:\/\/uj.adatbank.ro\/lexikon\/wp-json\/wp\/v2\/product_cat?post=25224"},{"taxonomy":"product_tag","embeddable":true,"href":"https:\/\/uj.adatbank.ro\/lexikon\/wp-json\/wp\/v2\/product_tag?post=25224"}],"curies":[{"name":"wp","href":"https:\/\/api.w.org\/{rel}","templated":true}]}}