{"id":25225,"date":"2025-08-01T18:37:50","date_gmt":"2025-08-01T16:37:50","guid":{"rendered":"https:\/\/uj.adatbank.ro\/lexikon\/termek\/zsigmond-zsolnai-zoltan\/"},"modified":"2025-08-01T18:37:50","modified_gmt":"2025-08-01T16:37:50","slug":"zsigmond-zsolnai-zoltan","status":"publish","type":"product","link":"https:\/\/uj.adatbank.ro\/lexikon\/termek\/zsigmond-zsolnai-zoltan\/","title":{"rendered":"ZSIGMOND (ZSOLNAI) Zolt\u00e1n"},"content":{"rendered":"<p>1920., \u2020 Mv., 2003. okt. 11.: b\u00e1bsz\u00edn\u00e9sz. \u2013 Igazgatta a B\u00e1bsz\u00ednh\u00e1zat (k\u00e9t \u00e9s f\u00e9l \u00e9vig). R\u00e9szt vett a mv.-i B\u00e1bsz\u00ednh\u00e1z szervez\u00e9s\u00e9ben. \u00c9rdemes m\u0171v\u00e9sz. <br \/><strong>\u2013 Irod.:<\/strong> Ariel.<\/br><\/p>\n","protected":false},"excerpt":{"rendered":"<p>1920., \u2020 Mv., 2003. okt. 11.: b\u00e1bsz\u00edn\u00e9sz. \u2013 Igazgatta a B\u00e1bsz\u00ednh\u00e1zat (k\u00e9t \u00e9s f\u00e9l \u00e9vig). R\u00e9szt vett a mv.-i B\u00e1bsz\u00ednh\u00e1z szervez\u00e9s\u00e9ben. \u00c9rdemes m\u0171v\u00e9sz. \u2013 Irod.: Ariel.<\/p>\n","protected":false},"featured_media":0,"comment_status":"open","ping_status":"closed","template":"","meta":[],"product_brand":[],"product_cat":[137],"product_tag":[],"class_list":{"0":"post-25225","1":"product","2":"type-product","3":"status-publish","5":"product_cat-maros-megyei-eletrajzi-lexikon","7":"first","8":"instock","9":"shipping-taxable","10":"product-type-simple"},"_links":{"self":[{"href":"https:\/\/uj.adatbank.ro\/lexikon\/wp-json\/wp\/v2\/product\/25225","targetHints":{"allow":["GET"]}}],"collection":[{"href":"https:\/\/uj.adatbank.ro\/lexikon\/wp-json\/wp\/v2\/product"}],"about":[{"href":"https:\/\/uj.adatbank.ro\/lexikon\/wp-json\/wp\/v2\/types\/product"}],"replies":[{"embeddable":true,"href":"https:\/\/uj.adatbank.ro\/lexikon\/wp-json\/wp\/v2\/comments?post=25225"}],"wp:attachment":[{"href":"https:\/\/uj.adatbank.ro\/lexikon\/wp-json\/wp\/v2\/media?parent=25225"}],"wp:term":[{"taxonomy":"product_brand","embeddable":true,"href":"https:\/\/uj.adatbank.ro\/lexikon\/wp-json\/wp\/v2\/product_brand?post=25225"},{"taxonomy":"product_cat","embeddable":true,"href":"https:\/\/uj.adatbank.ro\/lexikon\/wp-json\/wp\/v2\/product_cat?post=25225"},{"taxonomy":"product_tag","embeddable":true,"href":"https:\/\/uj.adatbank.ro\/lexikon\/wp-json\/wp\/v2\/product_tag?post=25225"}],"curies":[{"name":"wp","href":"https:\/\/api.w.org\/{rel}","templated":true}]}}