{"id":25226,"date":"2025-08-01T18:37:54","date_gmt":"2025-08-01T16:37:54","guid":{"rendered":"https:\/\/uj.adatbank.ro\/lexikon\/termek\/zsigmond-albert\/"},"modified":"2025-08-01T18:37:54","modified_gmt":"2025-08-01T16:37:54","slug":"zsigmond-albert","status":"publish","type":"product","link":"https:\/\/uj.adatbank.ro\/lexikon\/termek\/zsigmond-albert\/","title":{"rendered":"ZSIGMOND Albert"},"content":{"rendered":"<p>Ny\u00e1r\u00e1dremete (Maros) \u2020 Vancouver (Kanada), 1993.: r. k. lelk\u00e9sz. \u2013 \u00c9retts\u00e9gi ut\u00e1n R\u00f3m\u00e1ban folytatott teol\u00f3giai \u00e9s filoz\u00f3fiai tanulm\u00e1nyokat. A II. vh. Ut\u00e1n Kand\u00e1ban telepedett le, Vancouverben lelkip\u00e1sztor \u00e9s teol\u00f3giatan\u00e1r. <br \/><strong>\u2013 Irod.:<\/strong> Ny\u00e1r\u00e1dremete.<\/br><\/p>\n","protected":false},"excerpt":{"rendered":"<p>Ny\u00e1r\u00e1dremete (Maros) \u2020 Vancouver (Kanada), 1993.: r. k. lelk\u00e9sz. \u2013 \u00c9retts\u00e9gi ut\u00e1n R\u00f3m\u00e1ban folytatott teol\u00f3giai \u00e9s filoz\u00f3fiai tanulm\u00e1nyokat. A II. vh. Ut\u00e1n Kand\u00e1ban telepedett le, Vancouverben lelkip\u00e1sztor \u00e9s teol\u00f3giatan\u00e1r. \u2013 Irod.: Ny\u00e1r\u00e1dremete.<\/p>\n","protected":false},"featured_media":0,"comment_status":"open","ping_status":"closed","template":"","meta":[],"product_brand":[],"product_cat":[137],"product_tag":[],"class_list":{"0":"post-25226","1":"product","2":"type-product","3":"status-publish","5":"product_cat-maros-megyei-eletrajzi-lexikon","7":"first","8":"instock","9":"shipping-taxable","10":"product-type-simple"},"_links":{"self":[{"href":"https:\/\/uj.adatbank.ro\/lexikon\/wp-json\/wp\/v2\/product\/25226","targetHints":{"allow":["GET"]}}],"collection":[{"href":"https:\/\/uj.adatbank.ro\/lexikon\/wp-json\/wp\/v2\/product"}],"about":[{"href":"https:\/\/uj.adatbank.ro\/lexikon\/wp-json\/wp\/v2\/types\/product"}],"replies":[{"embeddable":true,"href":"https:\/\/uj.adatbank.ro\/lexikon\/wp-json\/wp\/v2\/comments?post=25226"}],"wp:attachment":[{"href":"https:\/\/uj.adatbank.ro\/lexikon\/wp-json\/wp\/v2\/media?parent=25226"}],"wp:term":[{"taxonomy":"product_brand","embeddable":true,"href":"https:\/\/uj.adatbank.ro\/lexikon\/wp-json\/wp\/v2\/product_brand?post=25226"},{"taxonomy":"product_cat","embeddable":true,"href":"https:\/\/uj.adatbank.ro\/lexikon\/wp-json\/wp\/v2\/product_cat?post=25226"},{"taxonomy":"product_tag","embeddable":true,"href":"https:\/\/uj.adatbank.ro\/lexikon\/wp-json\/wp\/v2\/product_tag?post=25226"}],"curies":[{"name":"wp","href":"https:\/\/api.w.org\/{rel}","templated":true}]}}