{"id":25227,"date":"2025-08-01T18:37:56","date_gmt":"2025-08-01T16:37:56","guid":{"rendered":"https:\/\/uj.adatbank.ro\/lexikon\/termek\/zsigmond-andras\/"},"modified":"2025-08-01T18:37:56","modified_gmt":"2025-08-01T16:37:56","slug":"zsigmond-andras","status":"publish","type":"product","link":"https:\/\/uj.adatbank.ro\/lexikon\/termek\/zsigmond-andras\/","title":{"rendered":"ZSIGMOND Andr\u00e1s"},"content":{"rendered":"<p>Brass\u00f3, 1917. j\u00fan. 14., \u2020 1987. m\u00e1rc. 18.: r. k. pap. \u2013 R\u00f3m\u00e1ban a Collegium Germanicum et Hungaricumban tanult (1935\u201340), papp\u00e1 szentelt\u00e9k (1940. okt. 20. v. szept. 24?). K\u00e1pl\u00e1n Beszterc\u00e9n (1941\u201342), Sz\u00e1szr\u00e9genben \u00e9s Bar\u00f3ton (1942\u201343), Mv.-en (1946\u2013), Nagyszebenben, majd Kv.-on. Felf\u00fcggesztett\u00e9k. Emigr\u00e1lt Kanad\u00e1ba. Toront\u00f3ban a Magyar \u00c9let c. foly\u00f3irat f\u0151szerkeszt\u0151je. <br \/><strong>\u2013 Irod.:<\/strong> Ferenczi S\u00e1ndor 2009.<\/br><\/p>\n","protected":false},"excerpt":{"rendered":"<p>Brass\u00f3, 1917. j\u00fan. 14., \u2020 1987. m\u00e1rc. 18.: r. k. pap. \u2013 R\u00f3m\u00e1ban a Collegium Germanicum et Hungaricumban tanult (1935\u201340), papp\u00e1 szentelt\u00e9k (1940. okt. 20. v. szept. 24?). K\u00e1pl\u00e1n Beszterc\u00e9n (1941\u201342), Sz\u00e1szr\u00e9genben \u00e9s Bar\u00f3ton (1942\u201343), Mv.-en (1946\u2013), Nagyszebenben, majd Kv.-on. Felf\u00fcggesztett\u00e9k. Emigr\u00e1lt Kanad\u00e1ba. Toront\u00f3ban a Magyar \u00c9let c. foly\u00f3irat f\u0151szerkeszt\u0151je. \u2013 Irod.: Ferenczi S\u00e1ndor 2009.<\/p>\n","protected":false},"featured_media":0,"comment_status":"open","ping_status":"closed","template":"","meta":[],"product_brand":[],"product_cat":[137],"product_tag":[],"class_list":{"0":"post-25227","1":"product","2":"type-product","3":"status-publish","5":"product_cat-maros-megyei-eletrajzi-lexikon","7":"first","8":"instock","9":"shipping-taxable","10":"product-type-simple"},"_links":{"self":[{"href":"https:\/\/uj.adatbank.ro\/lexikon\/wp-json\/wp\/v2\/product\/25227","targetHints":{"allow":["GET"]}}],"collection":[{"href":"https:\/\/uj.adatbank.ro\/lexikon\/wp-json\/wp\/v2\/product"}],"about":[{"href":"https:\/\/uj.adatbank.ro\/lexikon\/wp-json\/wp\/v2\/types\/product"}],"replies":[{"embeddable":true,"href":"https:\/\/uj.adatbank.ro\/lexikon\/wp-json\/wp\/v2\/comments?post=25227"}],"wp:attachment":[{"href":"https:\/\/uj.adatbank.ro\/lexikon\/wp-json\/wp\/v2\/media?parent=25227"}],"wp:term":[{"taxonomy":"product_brand","embeddable":true,"href":"https:\/\/uj.adatbank.ro\/lexikon\/wp-json\/wp\/v2\/product_brand?post=25227"},{"taxonomy":"product_cat","embeddable":true,"href":"https:\/\/uj.adatbank.ro\/lexikon\/wp-json\/wp\/v2\/product_cat?post=25227"},{"taxonomy":"product_tag","embeddable":true,"href":"https:\/\/uj.adatbank.ro\/lexikon\/wp-json\/wp\/v2\/product_tag?post=25227"}],"curies":[{"name":"wp","href":"https:\/\/api.w.org\/{rel}","templated":true}]}}