{"id":25230,"date":"2025-08-01T18:38:03","date_gmt":"2025-08-01T16:38:03","guid":{"rendered":"https:\/\/uj.adatbank.ro\/lexikon\/termek\/zsigmond-dezso-2\/"},"modified":"2025-08-01T18:38:03","modified_gmt":"2025-08-01T16:38:03","slug":"zsigmond-dezso-2","status":"publish","type":"product","link":"https:\/\/uj.adatbank.ro\/lexikon\/termek\/zsigmond-dezso-2\/","title":{"rendered":"ZSIGMOND Dezs\u0151"},"content":{"rendered":"<p>1921., \u2020 Disznaj\u00f3, 1958.: ref. lelk\u00e9sz. \u2013 Disznaj\u00f3 lelk\u00e9sze (1921\u201352). Eg\u00e9szs\u00e9gi okok miatt alkalmatlan lett papi hivat\u00e1sa elv\u00e9gz\u00e9s\u00e9re. Feles\u00e9ge Fr\u00e1ter Ilona. \u0150 temette el Fr\u00e1ter B\u00e9l\u00e1t. <br \/><strong>\u2013 Irod.:<\/strong> Cs\u0151sz Irma: N\u00e9phagyom\u00e1nyok Disznaj\u00f3n (Mv., 1998); Rh\u00e9deyek \u00e9s Fr\u00e1terek.<\/br><\/p>\n","protected":false},"excerpt":{"rendered":"<p>1921., \u2020 Disznaj\u00f3, 1958.: ref. lelk\u00e9sz. \u2013 Disznaj\u00f3 lelk\u00e9sze (1921\u201352). Eg\u00e9szs\u00e9gi okok miatt alkalmatlan lett papi hivat\u00e1sa elv\u00e9gz\u00e9s\u00e9re. Feles\u00e9ge Fr\u00e1ter Ilona. \u0150 temette el Fr\u00e1ter B\u00e9l\u00e1t. \u2013 Irod.: Cs\u0151sz Irma: N\u00e9phagyom\u00e1nyok Disznaj\u00f3n (Mv., 1998); Rh\u00e9deyek \u00e9s Fr\u00e1terek.<\/p>\n","protected":false},"featured_media":0,"comment_status":"open","ping_status":"closed","template":"","meta":[],"product_brand":[],"product_cat":[137],"product_tag":[],"class_list":{"0":"post-25230","1":"product","2":"type-product","3":"status-publish","5":"product_cat-maros-megyei-eletrajzi-lexikon","7":"first","8":"instock","9":"shipping-taxable","10":"product-type-simple"},"_links":{"self":[{"href":"https:\/\/uj.adatbank.ro\/lexikon\/wp-json\/wp\/v2\/product\/25230","targetHints":{"allow":["GET"]}}],"collection":[{"href":"https:\/\/uj.adatbank.ro\/lexikon\/wp-json\/wp\/v2\/product"}],"about":[{"href":"https:\/\/uj.adatbank.ro\/lexikon\/wp-json\/wp\/v2\/types\/product"}],"replies":[{"embeddable":true,"href":"https:\/\/uj.adatbank.ro\/lexikon\/wp-json\/wp\/v2\/comments?post=25230"}],"wp:attachment":[{"href":"https:\/\/uj.adatbank.ro\/lexikon\/wp-json\/wp\/v2\/media?parent=25230"}],"wp:term":[{"taxonomy":"product_brand","embeddable":true,"href":"https:\/\/uj.adatbank.ro\/lexikon\/wp-json\/wp\/v2\/product_brand?post=25230"},{"taxonomy":"product_cat","embeddable":true,"href":"https:\/\/uj.adatbank.ro\/lexikon\/wp-json\/wp\/v2\/product_cat?post=25230"},{"taxonomy":"product_tag","embeddable":true,"href":"https:\/\/uj.adatbank.ro\/lexikon\/wp-json\/wp\/v2\/product_tag?post=25230"}],"curies":[{"name":"wp","href":"https:\/\/api.w.org\/{rel}","templated":true}]}}