{"id":25239,"date":"2025-08-01T18:38:24","date_gmt":"2025-08-01T16:38:24","guid":{"rendered":"https:\/\/uj.adatbank.ro\/lexikon\/termek\/zsigmond-istvan\/"},"modified":"2025-08-01T18:38:24","modified_gmt":"2025-08-01T16:38:24","slug":"zsigmond-istvan","status":"publish","type":"product","link":"https:\/\/uj.adatbank.ro\/lexikon\/termek\/zsigmond-istvan\/","title":{"rendered":"ZSIGMOND Istv\u00e1n"},"content":{"rendered":"<p>Ny\u00e1r\u00e1dg\u00e1lfalva, 1884., \u2020\u00a0?: malomtulajdonos. \u2013 K\u00f6z\u00e9piskol\u00e1it Sz\u00e9kelykereszt\u00faron v\u00e9gezte, gazd\u00e1lkodni tanult, majd \u00e9desapja mellett a malomipart saj\u00e1t\u00edtotta el, \u00f6n\u00e1ll\u00f3 malomtulajdonos volt Ny\u00e1r\u00e1dszered\u00e1n \u00e9s Ny\u00e1r\u00e1dg\u00e1lfalv\u00e1n (1912\u2013). V\u00e9gig k\u00fczd\u00f6tte az els\u0151 vh.-t. A Hitelsz\u00f6v \u00e9s a Hangya ig. tagja, az \u00dari Kaszin\u00f3 \u00e9s a MP tagja volt. <br \/><strong>\u2013 Irod.:<\/strong> Sz\u00e9kelyf\u00f6ld \u00ed. k.<\/br><\/p>\n","protected":false},"excerpt":{"rendered":"<p>Ny\u00e1r\u00e1dg\u00e1lfalva, 1884., \u2020\u00a0?: malomtulajdonos. \u2013 K\u00f6z\u00e9piskol\u00e1it Sz\u00e9kelykereszt\u00faron v\u00e9gezte, gazd\u00e1lkodni tanult, majd \u00e9desapja mellett a malomipart saj\u00e1t\u00edtotta el, \u00f6n\u00e1ll\u00f3 malomtulajdonos volt Ny\u00e1r\u00e1dszered\u00e1n \u00e9s Ny\u00e1r\u00e1dg\u00e1lfalv\u00e1n (1912\u2013). V\u00e9gig k\u00fczd\u00f6tte az els\u0151 vh.-t. A Hitelsz\u00f6v \u00e9s a Hangya ig. tagja, az \u00dari Kaszin\u00f3 \u00e9s a MP tagja volt. \u2013 Irod.: Sz\u00e9kelyf\u00f6ld \u00ed. k.<\/p>\n","protected":false},"featured_media":0,"comment_status":"open","ping_status":"closed","template":"","meta":[],"product_brand":[],"product_cat":[137],"product_tag":[],"class_list":{"0":"post-25239","1":"product","2":"type-product","3":"status-publish","5":"product_cat-maros-megyei-eletrajzi-lexikon","7":"first","8":"instock","9":"shipping-taxable","10":"product-type-simple"},"_links":{"self":[{"href":"https:\/\/uj.adatbank.ro\/lexikon\/wp-json\/wp\/v2\/product\/25239","targetHints":{"allow":["GET"]}}],"collection":[{"href":"https:\/\/uj.adatbank.ro\/lexikon\/wp-json\/wp\/v2\/product"}],"about":[{"href":"https:\/\/uj.adatbank.ro\/lexikon\/wp-json\/wp\/v2\/types\/product"}],"replies":[{"embeddable":true,"href":"https:\/\/uj.adatbank.ro\/lexikon\/wp-json\/wp\/v2\/comments?post=25239"}],"wp:attachment":[{"href":"https:\/\/uj.adatbank.ro\/lexikon\/wp-json\/wp\/v2\/media?parent=25239"}],"wp:term":[{"taxonomy":"product_brand","embeddable":true,"href":"https:\/\/uj.adatbank.ro\/lexikon\/wp-json\/wp\/v2\/product_brand?post=25239"},{"taxonomy":"product_cat","embeddable":true,"href":"https:\/\/uj.adatbank.ro\/lexikon\/wp-json\/wp\/v2\/product_cat?post=25239"},{"taxonomy":"product_tag","embeddable":true,"href":"https:\/\/uj.adatbank.ro\/lexikon\/wp-json\/wp\/v2\/product_tag?post=25239"}],"curies":[{"name":"wp","href":"https:\/\/api.w.org\/{rel}","templated":true}]}}