{"id":25241,"date":"2025-08-01T18:38:29","date_gmt":"2025-08-01T16:38:29","guid":{"rendered":"https:\/\/uj.adatbank.ro\/lexikon\/termek\/zsigmond-istvan-3\/"},"modified":"2025-08-01T18:38:29","modified_gmt":"2025-08-01T16:38:29","slug":"zsigmond-istvan-3","status":"publish","type":"product","link":"https:\/\/uj.adatbank.ro\/lexikon\/termek\/zsigmond-istvan-3\/","title":{"rendered":"ZSIGMOND Istv\u00e1n"},"content":{"rendered":"<p>? 1931\u00a0?, \u2020\u00a0Mv., 1994. febr. 16.\u00a0?: vegy\u00e9sz. \u2013 F.m. szerk: K\u00e1d\u00e1r Zsigmond: Vigy\u00e1zat balesetvesz\u00e9ly. (Lektor\u00e1lta. Schuller Jen\u0151, Zsigmond Istv\u00e1n; Buk., 1985). <br \/><strong>\u2013 Irod.:<\/strong> [Nekrol\u00f3g] (N\u00fa., 1994. febr. 17.).<\/br><\/p>\n","protected":false},"excerpt":{"rendered":"<p>? 1931\u00a0?, \u2020\u00a0Mv., 1994. febr. 16.\u00a0?: vegy\u00e9sz. \u2013 F.m. szerk: K\u00e1d\u00e1r Zsigmond: Vigy\u00e1zat balesetvesz\u00e9ly. (Lektor\u00e1lta. Schuller Jen\u0151, Zsigmond Istv\u00e1n; Buk., 1985). \u2013 Irod.: [Nekrol\u00f3g] (N\u00fa., 1994. febr. 17.).<\/p>\n","protected":false},"featured_media":0,"comment_status":"open","ping_status":"closed","template":"","meta":[],"product_brand":[],"product_cat":[137],"product_tag":[],"class_list":{"0":"post-25241","1":"product","2":"type-product","3":"status-publish","5":"product_cat-maros-megyei-eletrajzi-lexikon","7":"first","8":"instock","9":"shipping-taxable","10":"product-type-simple"},"_links":{"self":[{"href":"https:\/\/uj.adatbank.ro\/lexikon\/wp-json\/wp\/v2\/product\/25241","targetHints":{"allow":["GET"]}}],"collection":[{"href":"https:\/\/uj.adatbank.ro\/lexikon\/wp-json\/wp\/v2\/product"}],"about":[{"href":"https:\/\/uj.adatbank.ro\/lexikon\/wp-json\/wp\/v2\/types\/product"}],"replies":[{"embeddable":true,"href":"https:\/\/uj.adatbank.ro\/lexikon\/wp-json\/wp\/v2\/comments?post=25241"}],"wp:attachment":[{"href":"https:\/\/uj.adatbank.ro\/lexikon\/wp-json\/wp\/v2\/media?parent=25241"}],"wp:term":[{"taxonomy":"product_brand","embeddable":true,"href":"https:\/\/uj.adatbank.ro\/lexikon\/wp-json\/wp\/v2\/product_brand?post=25241"},{"taxonomy":"product_cat","embeddable":true,"href":"https:\/\/uj.adatbank.ro\/lexikon\/wp-json\/wp\/v2\/product_cat?post=25241"},{"taxonomy":"product_tag","embeddable":true,"href":"https:\/\/uj.adatbank.ro\/lexikon\/wp-json\/wp\/v2\/product_tag?post=25241"}],"curies":[{"name":"wp","href":"https:\/\/api.w.org\/{rel}","templated":true}]}}