{"id":25252,"date":"2025-08-01T18:38:53","date_gmt":"2025-08-01T16:38:53","guid":{"rendered":"https:\/\/uj.adatbank.ro\/lexikon\/termek\/zsigmond-mihaly-2\/"},"modified":"2025-08-01T18:38:53","modified_gmt":"2025-08-01T16:38:53","slug":"zsigmond-mihaly-2","status":"publish","type":"product","link":"https:\/\/uj.adatbank.ro\/lexikon\/termek\/zsigmond-mihaly-2\/","title":{"rendered":"ZSIGMOND Mih\u00e1ly"},"content":{"rendered":"<p>Disznaj\u00f3, 1920. nov. 7., \u2020 ?: katona. \u2013 A m. hadsereg szakaszvezet\u0151jek\u00e9nt r\u00e9szt vett a II. vh.-ban (1944. szept. 15. \u2013 nov. 27). <br \/><strong>\u2013 Irod.:<\/strong> Reghin, militari.<\/br><\/p>\n","protected":false},"excerpt":{"rendered":"<p>Disznaj\u00f3, 1920. nov. 7., \u2020 ?: katona. \u2013 A m. hadsereg szakaszvezet\u0151jek\u00e9nt r\u00e9szt vett a II. vh.-ban (1944. szept. 15. \u2013 nov. 27). \u2013 Irod.: Reghin, militari.<\/p>\n","protected":false},"featured_media":0,"comment_status":"open","ping_status":"closed","template":"","meta":[],"product_brand":[],"product_cat":[137],"product_tag":[],"class_list":{"0":"post-25252","1":"product","2":"type-product","3":"status-publish","5":"product_cat-maros-megyei-eletrajzi-lexikon","7":"first","8":"instock","9":"shipping-taxable","10":"product-type-simple"},"_links":{"self":[{"href":"https:\/\/uj.adatbank.ro\/lexikon\/wp-json\/wp\/v2\/product\/25252","targetHints":{"allow":["GET"]}}],"collection":[{"href":"https:\/\/uj.adatbank.ro\/lexikon\/wp-json\/wp\/v2\/product"}],"about":[{"href":"https:\/\/uj.adatbank.ro\/lexikon\/wp-json\/wp\/v2\/types\/product"}],"replies":[{"embeddable":true,"href":"https:\/\/uj.adatbank.ro\/lexikon\/wp-json\/wp\/v2\/comments?post=25252"}],"wp:attachment":[{"href":"https:\/\/uj.adatbank.ro\/lexikon\/wp-json\/wp\/v2\/media?parent=25252"}],"wp:term":[{"taxonomy":"product_brand","embeddable":true,"href":"https:\/\/uj.adatbank.ro\/lexikon\/wp-json\/wp\/v2\/product_brand?post=25252"},{"taxonomy":"product_cat","embeddable":true,"href":"https:\/\/uj.adatbank.ro\/lexikon\/wp-json\/wp\/v2\/product_cat?post=25252"},{"taxonomy":"product_tag","embeddable":true,"href":"https:\/\/uj.adatbank.ro\/lexikon\/wp-json\/wp\/v2\/product_tag?post=25252"}],"curies":[{"name":"wp","href":"https:\/\/api.w.org\/{rel}","templated":true}]}}