{"id":25253,"date":"2025-08-01T18:38:56","date_gmt":"2025-08-01T16:38:56","guid":{"rendered":"https:\/\/uj.adatbank.ro\/lexikon\/termek\/zsigmond-pal\/"},"modified":"2025-08-01T18:38:56","modified_gmt":"2025-08-01T16:38:56","slug":"zsigmond-pal","status":"publish","type":"product","link":"https:\/\/uj.adatbank.ro\/lexikon\/termek\/zsigmond-pal\/","title":{"rendered":"ZSIGMOND P\u00e1l"},"content":{"rendered":"<p>Ny\u00e1r\u00e1dszentl\u00e1szl\u00f3, 1911., \u2020\u00a0?: gazd\u00e1lkod\u00f3. \u2013 K\u00f6z\u00e9piskol\u00e1i elv\u00e9gz\u00e9se ut\u00e1n mint tisztvisel\u0151 dolgozott, majd gazd\u00e1lkodni kezdett a sz\u00fcl\u0151i h\u00e1zn\u00e1l. A ny\u00e1r\u00e1dg\u00e1lfalvi k\u00f6rjegyz\u0151s\u00e9g seg\u00e9djegyz\u0151j\u00e9nek nevezt\u00e9k ki (1940). Az \u00d6nk\u00e9ntes T\u0171zolt\u00f3test\u00fclet tagja, minden kultur\u00e1lis \u00e9s hazafias int\u00e9zm\u00e9ny t\u00e1mogat\u00f3ja volt. <br \/><strong>\u2013 Irod.:<\/strong> Sz\u00e9kelyf\u00f6ld \u00ed. k.<\/br><\/p>\n","protected":false},"excerpt":{"rendered":"<p>Ny\u00e1r\u00e1dszentl\u00e1szl\u00f3, 1911., \u2020\u00a0?: gazd\u00e1lkod\u00f3. \u2013 K\u00f6z\u00e9piskol\u00e1i elv\u00e9gz\u00e9se ut\u00e1n mint tisztvisel\u0151 dolgozott, majd gazd\u00e1lkodni kezdett a sz\u00fcl\u0151i h\u00e1zn\u00e1l. A ny\u00e1r\u00e1dg\u00e1lfalvi k\u00f6rjegyz\u0151s\u00e9g seg\u00e9djegyz\u0151j\u00e9nek nevezt\u00e9k ki (1940). Az \u00d6nk\u00e9ntes T\u0171zolt\u00f3test\u00fclet tagja, minden kultur\u00e1lis \u00e9s hazafias int\u00e9zm\u00e9ny t\u00e1mogat\u00f3ja volt. \u2013 Irod.: Sz\u00e9kelyf\u00f6ld \u00ed. k.<\/p>\n","protected":false},"featured_media":0,"comment_status":"open","ping_status":"closed","template":"","meta":[],"product_brand":[],"product_cat":[137],"product_tag":[],"class_list":{"0":"post-25253","1":"product","2":"type-product","3":"status-publish","5":"product_cat-maros-megyei-eletrajzi-lexikon","7":"first","8":"instock","9":"shipping-taxable","10":"product-type-simple"},"_links":{"self":[{"href":"https:\/\/uj.adatbank.ro\/lexikon\/wp-json\/wp\/v2\/product\/25253","targetHints":{"allow":["GET"]}}],"collection":[{"href":"https:\/\/uj.adatbank.ro\/lexikon\/wp-json\/wp\/v2\/product"}],"about":[{"href":"https:\/\/uj.adatbank.ro\/lexikon\/wp-json\/wp\/v2\/types\/product"}],"replies":[{"embeddable":true,"href":"https:\/\/uj.adatbank.ro\/lexikon\/wp-json\/wp\/v2\/comments?post=25253"}],"wp:attachment":[{"href":"https:\/\/uj.adatbank.ro\/lexikon\/wp-json\/wp\/v2\/media?parent=25253"}],"wp:term":[{"taxonomy":"product_brand","embeddable":true,"href":"https:\/\/uj.adatbank.ro\/lexikon\/wp-json\/wp\/v2\/product_brand?post=25253"},{"taxonomy":"product_cat","embeddable":true,"href":"https:\/\/uj.adatbank.ro\/lexikon\/wp-json\/wp\/v2\/product_cat?post=25253"},{"taxonomy":"product_tag","embeddable":true,"href":"https:\/\/uj.adatbank.ro\/lexikon\/wp-json\/wp\/v2\/product_tag?post=25253"}],"curies":[{"name":"wp","href":"https:\/\/api.w.org\/{rel}","templated":true}]}}