{"id":25263,"date":"2025-08-01T18:39:18","date_gmt":"2025-08-01T16:39:18","guid":{"rendered":"https:\/\/uj.adatbank.ro\/lexikon\/termek\/zsok-ambrus\/"},"modified":"2025-08-01T18:39:18","modified_gmt":"2025-08-01T16:39:18","slug":"zsok-ambrus","status":"publish","type":"product","link":"https:\/\/uj.adatbank.ro\/lexikon\/termek\/zsok-ambrus\/","title":{"rendered":"ZS\u00d3K Ambrus"},"content":{"rendered":"<p>? \u2020\u00a0?: tan\u00edt\u00f3. \u2013 Jobb\u00e1gyfalv\u00e1n k\u00e1ntortan\u00edt\u00f3 a kat. iskol\u00e1ban (1928\u201342). Megszervezte a faluban a kultur\u00e1lis \u00e9letet. <br \/><strong>\u2013 Irod.:<\/strong> Cs\u00edkfalva; Maros-k\u00fck\u00fcll\u0151i f\u0151esp.<\/br><\/p>\n","protected":false},"excerpt":{"rendered":"<p>? \u2020\u00a0?: tan\u00edt\u00f3. \u2013 Jobb\u00e1gyfalv\u00e1n k\u00e1ntortan\u00edt\u00f3 a kat. iskol\u00e1ban (1928\u201342). Megszervezte a faluban a kultur\u00e1lis \u00e9letet. \u2013 Irod.: Cs\u00edkfalva; Maros-k\u00fck\u00fcll\u0151i f\u0151esp.<\/p>\n","protected":false},"featured_media":0,"comment_status":"open","ping_status":"closed","template":"","meta":[],"product_brand":[],"product_cat":[137],"product_tag":[],"class_list":{"0":"post-25263","1":"product","2":"type-product","3":"status-publish","5":"product_cat-maros-megyei-eletrajzi-lexikon","7":"first","8":"instock","9":"shipping-taxable","10":"product-type-simple"},"_links":{"self":[{"href":"https:\/\/uj.adatbank.ro\/lexikon\/wp-json\/wp\/v2\/product\/25263","targetHints":{"allow":["GET"]}}],"collection":[{"href":"https:\/\/uj.adatbank.ro\/lexikon\/wp-json\/wp\/v2\/product"}],"about":[{"href":"https:\/\/uj.adatbank.ro\/lexikon\/wp-json\/wp\/v2\/types\/product"}],"replies":[{"embeddable":true,"href":"https:\/\/uj.adatbank.ro\/lexikon\/wp-json\/wp\/v2\/comments?post=25263"}],"wp:attachment":[{"href":"https:\/\/uj.adatbank.ro\/lexikon\/wp-json\/wp\/v2\/media?parent=25263"}],"wp:term":[{"taxonomy":"product_brand","embeddable":true,"href":"https:\/\/uj.adatbank.ro\/lexikon\/wp-json\/wp\/v2\/product_brand?post=25263"},{"taxonomy":"product_cat","embeddable":true,"href":"https:\/\/uj.adatbank.ro\/lexikon\/wp-json\/wp\/v2\/product_cat?post=25263"},{"taxonomy":"product_tag","embeddable":true,"href":"https:\/\/uj.adatbank.ro\/lexikon\/wp-json\/wp\/v2\/product_tag?post=25263"}],"curies":[{"name":"wp","href":"https:\/\/api.w.org\/{rel}","templated":true}]}}