{"id":25266,"date":"2025-08-01T18:39:25","date_gmt":"2025-08-01T16:39:25","guid":{"rendered":"https:\/\/uj.adatbank.ro\/lexikon\/termek\/zsombori-dionisie-zsombori-denes\/"},"modified":"2025-08-01T18:39:25","modified_gmt":"2025-08-01T16:39:25","slug":"zsombori-dionisie-zsombori-denes","status":"publish","type":"product","link":"https:\/\/uj.adatbank.ro\/lexikon\/termek\/zsombori-dionisie-zsombori-denes\/","title":{"rendered":"ZSOMBORI Dionisie, Zsombori D\u00e9nes"},"content":{"rendered":"<p>? \u2020\u00a0?: tan\u00e1r. \u2013 A ny\u00e1r\u00e1dszeredai 8 oszt. iskola t\u00f6rt\u00e9nelemtan\u00e1ra. A securitate megfigyeltette (1966 k.), figyelmeztette irredenta-nacionalista magatart\u00e1sa \u00e9s hasonl\u00f3 tartalm\u00fa m\u0171vek birtokl\u00e1sa miatt, majd h\u00e1zkutat\u00e1st tartottak. (1967). <br \/><strong>\u2013 Irod.:<\/strong> Bartos 2012.<\/br><\/p>\n","protected":false},"excerpt":{"rendered":"<p>? \u2020\u00a0?: tan\u00e1r. \u2013 A ny\u00e1r\u00e1dszeredai 8 oszt. iskola t\u00f6rt\u00e9nelemtan\u00e1ra. A securitate megfigyeltette (1966 k.), figyelmeztette irredenta-nacionalista magatart\u00e1sa \u00e9s hasonl\u00f3 tartalm\u00fa m\u0171vek birtokl\u00e1sa miatt, majd h\u00e1zkutat\u00e1st tartottak. (1967). \u2013 Irod.: Bartos 2012.<\/p>\n","protected":false},"featured_media":0,"comment_status":"open","ping_status":"closed","template":"","meta":[],"product_brand":[],"product_cat":[137],"product_tag":[],"class_list":{"0":"post-25266","1":"product","2":"type-product","3":"status-publish","5":"product_cat-maros-megyei-eletrajzi-lexikon","7":"first","8":"instock","9":"shipping-taxable","10":"product-type-simple"},"_links":{"self":[{"href":"https:\/\/uj.adatbank.ro\/lexikon\/wp-json\/wp\/v2\/product\/25266","targetHints":{"allow":["GET"]}}],"collection":[{"href":"https:\/\/uj.adatbank.ro\/lexikon\/wp-json\/wp\/v2\/product"}],"about":[{"href":"https:\/\/uj.adatbank.ro\/lexikon\/wp-json\/wp\/v2\/types\/product"}],"replies":[{"embeddable":true,"href":"https:\/\/uj.adatbank.ro\/lexikon\/wp-json\/wp\/v2\/comments?post=25266"}],"wp:attachment":[{"href":"https:\/\/uj.adatbank.ro\/lexikon\/wp-json\/wp\/v2\/media?parent=25266"}],"wp:term":[{"taxonomy":"product_brand","embeddable":true,"href":"https:\/\/uj.adatbank.ro\/lexikon\/wp-json\/wp\/v2\/product_brand?post=25266"},{"taxonomy":"product_cat","embeddable":true,"href":"https:\/\/uj.adatbank.ro\/lexikon\/wp-json\/wp\/v2\/product_cat?post=25266"},{"taxonomy":"product_tag","embeddable":true,"href":"https:\/\/uj.adatbank.ro\/lexikon\/wp-json\/wp\/v2\/product_tag?post=25266"}],"curies":[{"name":"wp","href":"https:\/\/api.w.org\/{rel}","templated":true}]}}