{"id":25269,"date":"2025-08-01T18:39:32","date_gmt":"2025-08-01T16:39:32","guid":{"rendered":"https:\/\/uj.adatbank.ro\/lexikon\/termek\/zsuk-mihaly\/"},"modified":"2025-08-01T18:39:32","modified_gmt":"2025-08-01T16:39:32","slug":"zsuk-mihaly","status":"publish","type":"product","link":"https:\/\/uj.adatbank.ro\/lexikon\/termek\/zsuk-mihaly\/","title":{"rendered":"ZSUK Mih\u00e1ly"},"content":{"rendered":"<p>? \u2020\u00a0?: nemes. \u2013 S\u00e1rm\u00e1s f\u00f6ldbirtokosa volt. S\u00e1rm\u00e1s birtokot I. Anjou Lajos, m. kir. adom\u00e1nyozta a csal\u00e1dnak m\u00e1s szomsz\u00e9dos birtokokkal egy\u00fctt (1348). K\u00e9s\u0151bb viszont a lesz\u00e1rmazottakt\u00f3l Albert, m. kir. elvette az uradalmakat, \u00e9s azoknak adom\u00e1nyozta, akik hozz\u00e1j\u00e1rultak a b\u00e1bolnai parasztfelkel\u00e9s lever\u00e9s\u00e9hez (1438. j\u00fan. 23). <br \/><strong>\u2013 Irod.:<\/strong> S\u0103rma\u015fu.<\/br><\/p>\n","protected":false},"excerpt":{"rendered":"<p>? \u2020\u00a0?: nemes. \u2013 S\u00e1rm\u00e1s f\u00f6ldbirtokosa volt. S\u00e1rm\u00e1s birtokot I. Anjou Lajos, m. kir. adom\u00e1nyozta a csal\u00e1dnak m\u00e1s szomsz\u00e9dos birtokokkal egy\u00fctt (1348). K\u00e9s\u0151bb viszont a lesz\u00e1rmazottakt\u00f3l Albert, m. kir. elvette az uradalmakat, \u00e9s azoknak adom\u00e1nyozta, akik hozz\u00e1j\u00e1rultak a b\u00e1bolnai parasztfelkel\u00e9s lever\u00e9s\u00e9hez (1438. j\u00fan. 23). \u2013 Irod.: S\u0103rma\u015fu.<\/p>\n","protected":false},"featured_media":0,"comment_status":"open","ping_status":"closed","template":"","meta":[],"product_brand":[],"product_cat":[137],"product_tag":[],"class_list":{"0":"post-25269","1":"product","2":"type-product","3":"status-publish","5":"product_cat-maros-megyei-eletrajzi-lexikon","7":"first","8":"instock","9":"shipping-taxable","10":"product-type-simple"},"_links":{"self":[{"href":"https:\/\/uj.adatbank.ro\/lexikon\/wp-json\/wp\/v2\/product\/25269","targetHints":{"allow":["GET"]}}],"collection":[{"href":"https:\/\/uj.adatbank.ro\/lexikon\/wp-json\/wp\/v2\/product"}],"about":[{"href":"https:\/\/uj.adatbank.ro\/lexikon\/wp-json\/wp\/v2\/types\/product"}],"replies":[{"embeddable":true,"href":"https:\/\/uj.adatbank.ro\/lexikon\/wp-json\/wp\/v2\/comments?post=25269"}],"wp:attachment":[{"href":"https:\/\/uj.adatbank.ro\/lexikon\/wp-json\/wp\/v2\/media?parent=25269"}],"wp:term":[{"taxonomy":"product_brand","embeddable":true,"href":"https:\/\/uj.adatbank.ro\/lexikon\/wp-json\/wp\/v2\/product_brand?post=25269"},{"taxonomy":"product_cat","embeddable":true,"href":"https:\/\/uj.adatbank.ro\/lexikon\/wp-json\/wp\/v2\/product_cat?post=25269"},{"taxonomy":"product_tag","embeddable":true,"href":"https:\/\/uj.adatbank.ro\/lexikon\/wp-json\/wp\/v2\/product_tag?post=25269"}],"curies":[{"name":"wp","href":"https:\/\/api.w.org\/{rel}","templated":true}]}}