{"id":25270,"date":"2025-08-01T18:39:34","date_gmt":"2025-08-01T16:39:34","guid":{"rendered":"https:\/\/uj.adatbank.ro\/lexikon\/termek\/zsuki-miklos\/"},"modified":"2025-08-01T18:39:34","modified_gmt":"2025-08-01T16:39:34","slug":"zsuki-miklos","status":"publish","type":"product","link":"https:\/\/uj.adatbank.ro\/lexikon\/termek\/zsuki-miklos\/","title":{"rendered":"ZSUKI Mikl\u00f3s"},"content":{"rendered":"<p>? \u2020\u00a0?: birtokos. \u2013 A S\u00e1rpatak melletti Kereszt\u00far, ma P\u00f3kakereszt\u00far f\u00f6ldj\u00e9t a benne lev\u0151 \u201eszt. Keresztr\u0151l nevezett k\u00f6templommal egy\u00fctt &#8230; az erd\u00e9lyi&#8230;p\u00fcsp\u00f6knek \u00e9s a Szent Mih\u00e1lyr\u00f3l nevezett f\u0151egyh\u00e1znak\u201d adom\u00e1nyozta (1384). <br \/><strong>\u2013 Irod.:<\/strong> L\u00e9sty\u00e1n \u2013 templomok 1.<\/br><\/p>\n","protected":false},"excerpt":{"rendered":"<p>? \u2020\u00a0?: birtokos. \u2013 A S\u00e1rpatak melletti Kereszt\u00far, ma P\u00f3kakereszt\u00far f\u00f6ldj\u00e9t a benne lev\u0151 \u201eszt. Keresztr\u0151l nevezett k\u00f6templommal egy\u00fctt &#8230; az erd\u00e9lyi&#8230;p\u00fcsp\u00f6knek \u00e9s a Szent Mih\u00e1lyr\u00f3l nevezett f\u0151egyh\u00e1znak\u201d adom\u00e1nyozta (1384). \u2013 Irod.: L\u00e9sty\u00e1n \u2013 templomok 1.<\/p>\n","protected":false},"featured_media":0,"comment_status":"open","ping_status":"closed","template":"","meta":[],"product_brand":[],"product_cat":[137],"product_tag":[],"class_list":{"0":"post-25270","1":"product","2":"type-product","3":"status-publish","5":"product_cat-maros-megyei-eletrajzi-lexikon","7":"first","8":"instock","9":"shipping-taxable","10":"product-type-simple"},"_links":{"self":[{"href":"https:\/\/uj.adatbank.ro\/lexikon\/wp-json\/wp\/v2\/product\/25270","targetHints":{"allow":["GET"]}}],"collection":[{"href":"https:\/\/uj.adatbank.ro\/lexikon\/wp-json\/wp\/v2\/product"}],"about":[{"href":"https:\/\/uj.adatbank.ro\/lexikon\/wp-json\/wp\/v2\/types\/product"}],"replies":[{"embeddable":true,"href":"https:\/\/uj.adatbank.ro\/lexikon\/wp-json\/wp\/v2\/comments?post=25270"}],"wp:attachment":[{"href":"https:\/\/uj.adatbank.ro\/lexikon\/wp-json\/wp\/v2\/media?parent=25270"}],"wp:term":[{"taxonomy":"product_brand","embeddable":true,"href":"https:\/\/uj.adatbank.ro\/lexikon\/wp-json\/wp\/v2\/product_brand?post=25270"},{"taxonomy":"product_cat","embeddable":true,"href":"https:\/\/uj.adatbank.ro\/lexikon\/wp-json\/wp\/v2\/product_cat?post=25270"},{"taxonomy":"product_tag","embeddable":true,"href":"https:\/\/uj.adatbank.ro\/lexikon\/wp-json\/wp\/v2\/product_tag?post=25270"}],"curies":[{"name":"wp","href":"https:\/\/api.w.org\/{rel}","templated":true}]}}