{"id":25275,"date":"2025-08-01T18:39:48","date_gmt":"2025-08-01T16:39:48","guid":{"rendered":"https:\/\/uj.adatbank.ro\/lexikon\/termek\/zudor-miklos\/"},"modified":"2025-08-01T18:39:48","modified_gmt":"2025-08-01T16:39:48","slug":"zudor-miklos","status":"publish","type":"product","link":"https:\/\/uj.adatbank.ro\/lexikon\/termek\/zudor-miklos\/","title":{"rendered":"ZUDOR Mikl\u00f3s"},"content":{"rendered":"<p>P\u00f3kakereszt\u00far, 1889., \u2020\u00a0?: gazd\u00e1lkod\u00f3. \u2013 Iskol\u00e1i elv\u00e9gz\u00e9se ut\u00e1n sz\u00fcl\u0151f\u00f6ldj\u00e9n tanult gazd\u00e1lkodni, majd Di\u00f3sgy\u0151rben dolgozott (\u20131910). Az els\u0151 vh.-ban az orosz fronton harcolt, orosz fogs\u00e1gba ker\u00fclt (1915) ahol 6 \u00e9vig raboskodott. P\u00f3kakereszt\u00faron gazd\u00e1lkodott, a ref. egyh\u00e1z gondnoka, a k\u00f6zs\u00e9g els\u0151 magyar b\u00edr\u00e1ja, a MP tagja, a k\u00f6zs\u00e9g lak\u00f3inak \u00e9rdek\u00e9ben \u00f6nzetlen munk\u00e1lkod\u00e1st fejtett ki. <br \/><strong>\u2013 Irod.:<\/strong> Sz\u00e9kelyf\u00f6ld \u00ed. k.<\/br><\/p>\n","protected":false},"excerpt":{"rendered":"<p>P\u00f3kakereszt\u00far, 1889., \u2020\u00a0?: gazd\u00e1lkod\u00f3. \u2013 Iskol\u00e1i elv\u00e9gz\u00e9se ut\u00e1n sz\u00fcl\u0151f\u00f6ldj\u00e9n tanult gazd\u00e1lkodni, majd Di\u00f3sgy\u0151rben dolgozott (\u20131910). Az els\u0151 vh.-ban az orosz fronton harcolt, orosz fogs\u00e1gba ker\u00fclt (1915) ahol 6 \u00e9vig raboskodott. P\u00f3kakereszt\u00faron gazd\u00e1lkodott, a ref. egyh\u00e1z gondnoka, a k\u00f6zs\u00e9g els\u0151 magyar b\u00edr\u00e1ja, a MP tagja, a k\u00f6zs\u00e9g lak\u00f3inak \u00e9rdek\u00e9ben \u00f6nzetlen munk\u00e1lkod\u00e1st fejtett ki. \u2013 Irod.: Sz\u00e9kelyf\u00f6ld [&hellip;]<\/p>\n","protected":false},"featured_media":0,"comment_status":"open","ping_status":"closed","template":"","meta":[],"product_brand":[],"product_cat":[137],"product_tag":[],"class_list":{"0":"post-25275","1":"product","2":"type-product","3":"status-publish","5":"product_cat-maros-megyei-eletrajzi-lexikon","7":"first","8":"instock","9":"shipping-taxable","10":"product-type-simple"},"_links":{"self":[{"href":"https:\/\/uj.adatbank.ro\/lexikon\/wp-json\/wp\/v2\/product\/25275","targetHints":{"allow":["GET"]}}],"collection":[{"href":"https:\/\/uj.adatbank.ro\/lexikon\/wp-json\/wp\/v2\/product"}],"about":[{"href":"https:\/\/uj.adatbank.ro\/lexikon\/wp-json\/wp\/v2\/types\/product"}],"replies":[{"embeddable":true,"href":"https:\/\/uj.adatbank.ro\/lexikon\/wp-json\/wp\/v2\/comments?post=25275"}],"wp:attachment":[{"href":"https:\/\/uj.adatbank.ro\/lexikon\/wp-json\/wp\/v2\/media?parent=25275"}],"wp:term":[{"taxonomy":"product_brand","embeddable":true,"href":"https:\/\/uj.adatbank.ro\/lexikon\/wp-json\/wp\/v2\/product_brand?post=25275"},{"taxonomy":"product_cat","embeddable":true,"href":"https:\/\/uj.adatbank.ro\/lexikon\/wp-json\/wp\/v2\/product_cat?post=25275"},{"taxonomy":"product_tag","embeddable":true,"href":"https:\/\/uj.adatbank.ro\/lexikon\/wp-json\/wp\/v2\/product_tag?post=25275"}],"curies":[{"name":"wp","href":"https:\/\/api.w.org\/{rel}","templated":true}]}}