{"id":25277,"date":"2025-08-01T18:39:52","date_gmt":"2025-08-01T16:39:52","guid":{"rendered":"https:\/\/uj.adatbank.ro\/lexikon\/termek\/zuga-petru-%c2%a7-zuga-petre\/"},"modified":"2025-08-01T18:39:52","modified_gmt":"2025-08-01T16:39:52","slug":"zuga-petru-%c2%a7-zuga-petre","status":"publish","type":"product","link":"https:\/\/uj.adatbank.ro\/lexikon\/termek\/zuga-petru-%c2%a7-zuga-petre\/","title":{"rendered":"ZUGA, Petru, \u00a7 Zuga, Petre"},"content":{"rendered":"<p>? \u2020\u00a0?: tan\u00edt\u00f3. \u2013 G\u00f6rg\u00e9nyadorj\u00e1ni folklor gy\u0171jt\u0151. Erd\u0151lib\u00e1nfalv\u00e1n tan\u00edtott (1939\u201340). <br \/><strong>\u2013 Irod.:<\/strong> Bosoanc\u0103\u2013Opri\u015f; Netea: Mur\u0103\u015f, Mur\u0103\u015f ap\u0103 lin\u0103 (Reghin, 1936).<\/br><\/p>\n","protected":false},"excerpt":{"rendered":"<p>? \u2020\u00a0?: tan\u00edt\u00f3. \u2013 G\u00f6rg\u00e9nyadorj\u00e1ni folklor gy\u0171jt\u0151. Erd\u0151lib\u00e1nfalv\u00e1n tan\u00edtott (1939\u201340). \u2013 Irod.: Bosoanc\u0103\u2013Opri\u015f; Netea: Mur\u0103\u015f, Mur\u0103\u015f ap\u0103 lin\u0103 (Reghin, 1936).<\/p>\n","protected":false},"featured_media":0,"comment_status":"open","ping_status":"closed","template":"","meta":[],"product_brand":[],"product_cat":[137],"product_tag":[],"class_list":{"0":"post-25277","1":"product","2":"type-product","3":"status-publish","5":"product_cat-maros-megyei-eletrajzi-lexikon","7":"first","8":"instock","9":"shipping-taxable","10":"product-type-simple"},"_links":{"self":[{"href":"https:\/\/uj.adatbank.ro\/lexikon\/wp-json\/wp\/v2\/product\/25277","targetHints":{"allow":["GET"]}}],"collection":[{"href":"https:\/\/uj.adatbank.ro\/lexikon\/wp-json\/wp\/v2\/product"}],"about":[{"href":"https:\/\/uj.adatbank.ro\/lexikon\/wp-json\/wp\/v2\/types\/product"}],"replies":[{"embeddable":true,"href":"https:\/\/uj.adatbank.ro\/lexikon\/wp-json\/wp\/v2\/comments?post=25277"}],"wp:attachment":[{"href":"https:\/\/uj.adatbank.ro\/lexikon\/wp-json\/wp\/v2\/media?parent=25277"}],"wp:term":[{"taxonomy":"product_brand","embeddable":true,"href":"https:\/\/uj.adatbank.ro\/lexikon\/wp-json\/wp\/v2\/product_brand?post=25277"},{"taxonomy":"product_cat","embeddable":true,"href":"https:\/\/uj.adatbank.ro\/lexikon\/wp-json\/wp\/v2\/product_cat?post=25277"},{"taxonomy":"product_tag","embeddable":true,"href":"https:\/\/uj.adatbank.ro\/lexikon\/wp-json\/wp\/v2\/product_tag?post=25277"}],"curies":[{"name":"wp","href":"https:\/\/api.w.org\/{rel}","templated":true}]}}