{"id":25279,"date":"2025-08-01T18:39:57","date_gmt":"2025-08-01T16:39:57","guid":{"rendered":"https:\/\/uj.adatbank.ro\/lexikon\/termek\/zugravu-sandu\/"},"modified":"2025-08-01T18:39:57","modified_gmt":"2025-08-01T16:39:57","slug":"zugravu-sandu","status":"publish","type":"product","link":"https:\/\/uj.adatbank.ro\/lexikon\/termek\/zugravu-sandu\/","title":{"rendered":"ZUGRAVU Sandu"},"content":{"rendered":"<p>? \u2020 ?: ikonfest\u0151. \u2013 Radn\u00f3tf\u00e1j\u00e1n \u00e9lt, a g\u00f6rg\u00e9nyn\u00e1dasi r\u00e9gi g. kat. fatemplom (\u00e9p\u00fclt 1717) fal\u00e1ra \u00e9s \u00fcvegre festett ikonokat. <br \/><strong>\u2013 Irod.:<\/strong> Reghin, Protopopiat.<\/br><\/p>\n","protected":false},"excerpt":{"rendered":"<p>? \u2020 ?: ikonfest\u0151. \u2013 Radn\u00f3tf\u00e1j\u00e1n \u00e9lt, a g\u00f6rg\u00e9nyn\u00e1dasi r\u00e9gi g. kat. fatemplom (\u00e9p\u00fclt 1717) fal\u00e1ra \u00e9s \u00fcvegre festett ikonokat. \u2013 Irod.: Reghin, Protopopiat.<\/p>\n","protected":false},"featured_media":0,"comment_status":"open","ping_status":"closed","template":"","meta":[],"product_brand":[],"product_cat":[137],"product_tag":[],"class_list":{"0":"post-25279","1":"product","2":"type-product","3":"status-publish","5":"product_cat-maros-megyei-eletrajzi-lexikon","7":"first","8":"instock","9":"shipping-taxable","10":"product-type-simple"},"_links":{"self":[{"href":"https:\/\/uj.adatbank.ro\/lexikon\/wp-json\/wp\/v2\/product\/25279","targetHints":{"allow":["GET"]}}],"collection":[{"href":"https:\/\/uj.adatbank.ro\/lexikon\/wp-json\/wp\/v2\/product"}],"about":[{"href":"https:\/\/uj.adatbank.ro\/lexikon\/wp-json\/wp\/v2\/types\/product"}],"replies":[{"embeddable":true,"href":"https:\/\/uj.adatbank.ro\/lexikon\/wp-json\/wp\/v2\/comments?post=25279"}],"wp:attachment":[{"href":"https:\/\/uj.adatbank.ro\/lexikon\/wp-json\/wp\/v2\/media?parent=25279"}],"wp:term":[{"taxonomy":"product_brand","embeddable":true,"href":"https:\/\/uj.adatbank.ro\/lexikon\/wp-json\/wp\/v2\/product_brand?post=25279"},{"taxonomy":"product_cat","embeddable":true,"href":"https:\/\/uj.adatbank.ro\/lexikon\/wp-json\/wp\/v2\/product_cat?post=25279"},{"taxonomy":"product_tag","embeddable":true,"href":"https:\/\/uj.adatbank.ro\/lexikon\/wp-json\/wp\/v2\/product_tag?post=25279"}],"curies":[{"name":"wp","href":"https:\/\/api.w.org\/{rel}","templated":true}]}}