{"id":25280,"date":"2025-08-01T18:39:59","date_gmt":"2025-08-01T16:39:59","guid":{"rendered":"https:\/\/uj.adatbank.ro\/lexikon\/termek\/zugravu-vasile\/"},"modified":"2025-08-01T18:39:59","modified_gmt":"2025-08-01T16:39:59","slug":"zugravu-vasile","status":"publish","type":"product","link":"https:\/\/uj.adatbank.ro\/lexikon\/termek\/zugravu-vasile\/","title":{"rendered":"ZUGRAVU Vasile"},"content":{"rendered":"<p>? \u2020 ?: ikonfest\u0151. \u2013 A rom\u00e1n ortodox h\u00edv\u0151k Mv.-en templom\u00e9p\u00edt\u00e9si enged\u00e9lyt kaptak (1793). A templom belsej\u00e9t d\u00edsz\u00edt\u0151 ikonokat festette (1814) Popa Nicolae Bonnal. <br \/><strong>\u2013 Irod.:<\/strong> Mv.-Bal\u00e1s.<\/br><\/p>\n","protected":false},"excerpt":{"rendered":"<p>? \u2020 ?: ikonfest\u0151. \u2013 A rom\u00e1n ortodox h\u00edv\u0151k Mv.-en templom\u00e9p\u00edt\u00e9si enged\u00e9lyt kaptak (1793). A templom belsej\u00e9t d\u00edsz\u00edt\u0151 ikonokat festette (1814) Popa Nicolae Bonnal. \u2013 Irod.: Mv.-Bal\u00e1s.<\/p>\n","protected":false},"featured_media":0,"comment_status":"open","ping_status":"closed","template":"","meta":[],"product_brand":[],"product_cat":[137],"product_tag":[],"class_list":{"0":"post-25280","1":"product","2":"type-product","3":"status-publish","5":"product_cat-maros-megyei-eletrajzi-lexikon","7":"first","8":"instock","9":"shipping-taxable","10":"product-type-simple"},"_links":{"self":[{"href":"https:\/\/uj.adatbank.ro\/lexikon\/wp-json\/wp\/v2\/product\/25280","targetHints":{"allow":["GET"]}}],"collection":[{"href":"https:\/\/uj.adatbank.ro\/lexikon\/wp-json\/wp\/v2\/product"}],"about":[{"href":"https:\/\/uj.adatbank.ro\/lexikon\/wp-json\/wp\/v2\/types\/product"}],"replies":[{"embeddable":true,"href":"https:\/\/uj.adatbank.ro\/lexikon\/wp-json\/wp\/v2\/comments?post=25280"}],"wp:attachment":[{"href":"https:\/\/uj.adatbank.ro\/lexikon\/wp-json\/wp\/v2\/media?parent=25280"}],"wp:term":[{"taxonomy":"product_brand","embeddable":true,"href":"https:\/\/uj.adatbank.ro\/lexikon\/wp-json\/wp\/v2\/product_brand?post=25280"},{"taxonomy":"product_cat","embeddable":true,"href":"https:\/\/uj.adatbank.ro\/lexikon\/wp-json\/wp\/v2\/product_cat?post=25280"},{"taxonomy":"product_tag","embeddable":true,"href":"https:\/\/uj.adatbank.ro\/lexikon\/wp-json\/wp\/v2\/product_tag?post=25280"}],"curies":[{"name":"wp","href":"https:\/\/api.w.org\/{rel}","templated":true}]}}