{"id":25282,"date":"2025-08-01T18:40:04","date_gmt":"2025-08-01T16:40:04","guid":{"rendered":"https:\/\/uj.adatbank.ro\/lexikon\/termek\/zuhl-sandor\/"},"modified":"2025-08-01T18:40:04","modified_gmt":"2025-08-01T16:40:04","slug":"zuhl-sandor","status":"publish","type":"product","link":"https:\/\/uj.adatbank.ro\/lexikon\/termek\/zuhl-sandor\/","title":{"rendered":"ZUHL S\u00e1ndor"},"content":{"rendered":"<p>? 1916., \u2020 ?: tisztvisel\u0151, igazgat\u00f3. \u2013 A RMP tagja (1946\u2013). Az \u00e1llamos\u00edt\u00e1sig a palotailvai Foresta F\u0171r\u00e9sz\u00e1rugy\u00e1r tisztvisel\u0151je volt. Az 53 alkalmazottat foglalkoztat\u00f3 gy\u00e1r \u00e1llamos\u00edt\u00e1sakor \u0151t nevezt\u00e9k ki igazgat\u00f3nak (1948. j\u00fan. 11.). A gy\u00e1r \u00e9p\u00fclete az \u00e1llamos\u00edt\u00e1sig a brass\u00f3i Rottmann Salamon, a g\u00e9pek \u00e9s felszerel\u00e9sek a gyergy\u00f3alfalusi Luk\u00e1cs csal\u00e1d tulajdona volt. Azokat is \u00e1llamos\u00edtott\u00e1k. <br \/><strong>\u2013 Irod.:<\/strong> Bartos Zolt\u00e1n.<\/br><\/p>\n","protected":false},"excerpt":{"rendered":"<p>? 1916., \u2020 ?: tisztvisel\u0151, igazgat\u00f3. \u2013 A RMP tagja (1946\u2013). Az \u00e1llamos\u00edt\u00e1sig a palotailvai Foresta F\u0171r\u00e9sz\u00e1rugy\u00e1r tisztvisel\u0151je volt. Az 53 alkalmazottat foglalkoztat\u00f3 gy\u00e1r \u00e1llamos\u00edt\u00e1sakor \u0151t nevezt\u00e9k ki igazgat\u00f3nak (1948. j\u00fan. 11.). A gy\u00e1r \u00e9p\u00fclete az \u00e1llamos\u00edt\u00e1sig a brass\u00f3i Rottmann Salamon, a g\u00e9pek \u00e9s felszerel\u00e9sek a gyergy\u00f3alfalusi Luk\u00e1cs csal\u00e1d tulajdona volt. Azokat is \u00e1llamos\u00edtott\u00e1k. \u2013 [&hellip;]<\/p>\n","protected":false},"featured_media":0,"comment_status":"open","ping_status":"closed","template":"","meta":[],"product_brand":[],"product_cat":[137],"product_tag":[],"class_list":{"0":"post-25282","1":"product","2":"type-product","3":"status-publish","5":"product_cat-maros-megyei-eletrajzi-lexikon","7":"first","8":"instock","9":"shipping-taxable","10":"product-type-simple"},"_links":{"self":[{"href":"https:\/\/uj.adatbank.ro\/lexikon\/wp-json\/wp\/v2\/product\/25282","targetHints":{"allow":["GET"]}}],"collection":[{"href":"https:\/\/uj.adatbank.ro\/lexikon\/wp-json\/wp\/v2\/product"}],"about":[{"href":"https:\/\/uj.adatbank.ro\/lexikon\/wp-json\/wp\/v2\/types\/product"}],"replies":[{"embeddable":true,"href":"https:\/\/uj.adatbank.ro\/lexikon\/wp-json\/wp\/v2\/comments?post=25282"}],"wp:attachment":[{"href":"https:\/\/uj.adatbank.ro\/lexikon\/wp-json\/wp\/v2\/media?parent=25282"}],"wp:term":[{"taxonomy":"product_brand","embeddable":true,"href":"https:\/\/uj.adatbank.ro\/lexikon\/wp-json\/wp\/v2\/product_brand?post=25282"},{"taxonomy":"product_cat","embeddable":true,"href":"https:\/\/uj.adatbank.ro\/lexikon\/wp-json\/wp\/v2\/product_cat?post=25282"},{"taxonomy":"product_tag","embeddable":true,"href":"https:\/\/uj.adatbank.ro\/lexikon\/wp-json\/wp\/v2\/product_tag?post=25282"}],"curies":[{"name":"wp","href":"https:\/\/api.w.org\/{rel}","templated":true}]}}