{"id":25283,"date":"2025-08-01T18:40:06","date_gmt":"2025-08-01T16:40:06","guid":{"rendered":"https:\/\/uj.adatbank.ro\/lexikon\/termek\/zullich-emilia-zullborni-specht-karolyne\/"},"modified":"2025-08-01T18:40:06","modified_gmt":"2025-08-01T16:40:06","slug":"zullich-emilia-zullborni-specht-karolyne","status":"publish","type":"product","link":"https:\/\/uj.adatbank.ro\/lexikon\/termek\/zullich-emilia-zullborni-specht-karolyne\/","title":{"rendered":"Z\u00dcLLICH Emilia, z\u00fcllborni; Specht K\u00e1rolyn\u00e9"},"content":{"rendered":"<p>1816., \u2020\u00a0Mv, 1900.: adom\u00e1nyoz\u00f3. \u2013 Z. J\u00e1nos, v\u00e1rparancsnok testv\u00e9re. \u2013 A Mv.-i J\u00f3t\u00e9kony N\u0151egylet tagja. Az egylet sz\u00e1m\u00e1ra v\u00e9grendeletileg 6000 koron\u00e1t hagyom\u00e1nyozott. A mv.-i r. k. temet\u0151ben tal\u00e1lhat\u00f3 s\u00edrj\u00e1n \u00f3ri\u00e1si bronzszobor \u00f6r\u00f6k\u00edti meg j\u00f3tev\u0151 l\u00e9ny\u00e9t. <br \/><strong>\u2013 Irod.:<\/strong> Gomb\u00e1s.<\/br><\/p>\n","protected":false},"excerpt":{"rendered":"<p>1816., \u2020\u00a0Mv, 1900.: adom\u00e1nyoz\u00f3. \u2013 Z. J\u00e1nos, v\u00e1rparancsnok testv\u00e9re. \u2013 A Mv.-i J\u00f3t\u00e9kony N\u0151egylet tagja. Az egylet sz\u00e1m\u00e1ra v\u00e9grendeletileg 6000 koron\u00e1t hagyom\u00e1nyozott. A mv.-i r. k. temet\u0151ben tal\u00e1lhat\u00f3 s\u00edrj\u00e1n \u00f3ri\u00e1si bronzszobor \u00f6r\u00f6k\u00edti meg j\u00f3tev\u0151 l\u00e9ny\u00e9t. \u2013 Irod.: Gomb\u00e1s.<\/p>\n","protected":false},"featured_media":0,"comment_status":"open","ping_status":"closed","template":"","meta":[],"product_brand":[],"product_cat":[137],"product_tag":[],"class_list":{"0":"post-25283","1":"product","2":"type-product","3":"status-publish","5":"product_cat-maros-megyei-eletrajzi-lexikon","7":"first","8":"instock","9":"shipping-taxable","10":"product-type-simple"},"_links":{"self":[{"href":"https:\/\/uj.adatbank.ro\/lexikon\/wp-json\/wp\/v2\/product\/25283","targetHints":{"allow":["GET"]}}],"collection":[{"href":"https:\/\/uj.adatbank.ro\/lexikon\/wp-json\/wp\/v2\/product"}],"about":[{"href":"https:\/\/uj.adatbank.ro\/lexikon\/wp-json\/wp\/v2\/types\/product"}],"replies":[{"embeddable":true,"href":"https:\/\/uj.adatbank.ro\/lexikon\/wp-json\/wp\/v2\/comments?post=25283"}],"wp:attachment":[{"href":"https:\/\/uj.adatbank.ro\/lexikon\/wp-json\/wp\/v2\/media?parent=25283"}],"wp:term":[{"taxonomy":"product_brand","embeddable":true,"href":"https:\/\/uj.adatbank.ro\/lexikon\/wp-json\/wp\/v2\/product_brand?post=25283"},{"taxonomy":"product_cat","embeddable":true,"href":"https:\/\/uj.adatbank.ro\/lexikon\/wp-json\/wp\/v2\/product_cat?post=25283"},{"taxonomy":"product_tag","embeddable":true,"href":"https:\/\/uj.adatbank.ro\/lexikon\/wp-json\/wp\/v2\/product_tag?post=25283"}],"curies":[{"name":"wp","href":"https:\/\/api.w.org\/{rel}","templated":true}]}}