{"id":25284,"date":"2025-08-01T18:40:09","date_gmt":"2025-08-01T16:40:09","guid":{"rendered":"https:\/\/uj.adatbank.ro\/lexikon\/termek\/zullich-gusztav-zullbordi\/"},"modified":"2025-08-01T18:40:09","modified_gmt":"2025-08-01T16:40:09","slug":"zullich-gusztav-zullbordi","status":"publish","type":"product","link":"https:\/\/uj.adatbank.ro\/lexikon\/termek\/zullich-gusztav-zullbordi\/","title":{"rendered":"Z\u00dcLLICH Guszt\u00e1v, z\u00fcllbordi"},"content":{"rendered":"<p>?, \u2020 Mv.,: parancsnok. \u2013 A mv.-i v\u00e1r parancsnoka. \u2013 Fia: C\u00e9lk\u00fati Z\u00fcllich Rudolf, szobr\u00e1sz. \u2013 A r\u00f3mai katolikus temet\u0151 als\u00f3 ravataloz\u00f3 k\u00e1polna k\u00f6zel\u00e9ben van a s\u00edreml\u00e9ke, amit a fia tervezett. <br \/><strong>\u2013 Irod.:<\/strong> Mv.-Bal\u00e1s.<\/br><\/p>\n","protected":false},"excerpt":{"rendered":"<p>?, \u2020 Mv.,: parancsnok. \u2013 A mv.-i v\u00e1r parancsnoka. \u2013 Fia: C\u00e9lk\u00fati Z\u00fcllich Rudolf, szobr\u00e1sz. \u2013 A r\u00f3mai katolikus temet\u0151 als\u00f3 ravataloz\u00f3 k\u00e1polna k\u00f6zel\u00e9ben van a s\u00edreml\u00e9ke, amit a fia tervezett. \u2013 Irod.: Mv.-Bal\u00e1s.<\/p>\n","protected":false},"featured_media":0,"comment_status":"open","ping_status":"closed","template":"","meta":[],"product_brand":[],"product_cat":[137],"product_tag":[],"class_list":{"0":"post-25284","1":"product","2":"type-product","3":"status-publish","5":"product_cat-maros-megyei-eletrajzi-lexikon","7":"first","8":"instock","9":"shipping-taxable","10":"product-type-simple"},"_links":{"self":[{"href":"https:\/\/uj.adatbank.ro\/lexikon\/wp-json\/wp\/v2\/product\/25284","targetHints":{"allow":["GET"]}}],"collection":[{"href":"https:\/\/uj.adatbank.ro\/lexikon\/wp-json\/wp\/v2\/product"}],"about":[{"href":"https:\/\/uj.adatbank.ro\/lexikon\/wp-json\/wp\/v2\/types\/product"}],"replies":[{"embeddable":true,"href":"https:\/\/uj.adatbank.ro\/lexikon\/wp-json\/wp\/v2\/comments?post=25284"}],"wp:attachment":[{"href":"https:\/\/uj.adatbank.ro\/lexikon\/wp-json\/wp\/v2\/media?parent=25284"}],"wp:term":[{"taxonomy":"product_brand","embeddable":true,"href":"https:\/\/uj.adatbank.ro\/lexikon\/wp-json\/wp\/v2\/product_brand?post=25284"},{"taxonomy":"product_cat","embeddable":true,"href":"https:\/\/uj.adatbank.ro\/lexikon\/wp-json\/wp\/v2\/product_cat?post=25284"},{"taxonomy":"product_tag","embeddable":true,"href":"https:\/\/uj.adatbank.ro\/lexikon\/wp-json\/wp\/v2\/product_tag?post=25284"}],"curies":[{"name":"wp","href":"https:\/\/api.w.org\/{rel}","templated":true}]}}